{"id":400,"date":"2021-04-14T11:28:28","date_gmt":"2021-04-14T11:28:28","guid":{"rendered":"http:\/\/blogs2.abo.fi\/statsvetardagarna2021\/?page_id=400"},"modified":"2021-05-20T08:31:32","modified_gmt":"2021-05-20T08:31:32","slug":"tyoryhmat-tiistai","status":"publish","type":"page","link":"https:\/\/blogs2.abo.fi\/statsvetardagarna2021\/tyoryhmat-tiistai\/","title":{"rendered":"Workshops: Tuesday"},"content":{"rendered":"<p><strong>Democractic\u00a0and Undemocratic Resistance\u202f\u202f<\/strong><\/p>\n<p>Chairs:\u202f\u00a0Taru Haapala, Universidad Aut\u00f3noma de Madrid \/ University of Jyv\u00e4skyl\u00e4\u202f(taru.k.s.haapala@jyu.fi)\u202f\u00a0 &amp; Petri Koikkalainen, University of Lapland (petri.koikkalainen@ulapland.fi)<\/p>\n<p><strong>Yhdistyneiden kansakuntien\u00a0legitimiteetti ja ylikansalliset haasteet<\/strong><\/p>\n<p>Chairs: YTT Anna Kronlund, Jyv\u00e4skyl\u00e4n yliopisto, anna.p.kronlund@jyu.fi\u00a0 &amp; FT\u00a0Teemu H\u00e4kkinen,\u00a0Jyv\u00e4skyl\u00e4n yliopisto,\u00a0teemu.r.p.hakkinen@jyu.fi<\/p>\n<p><strong>M<\/strong><strong>ets\u00e4t ja politiikka<\/strong><strong> (also on Wednesday)<\/strong><\/p>\n<p>Chairs: Maarit Laihonen, Aalto-yliopisto, maarit.laihonen@gmail.com &amp; Merja Porttikivi, Aalto-yliopisto, merja.porttikivi@gmail.com &amp; Jakob Donner-Amnell, It\u00e4-Suomen yliopisto, jakob.donner-amnell@uef.fi<\/p>\n<p><strong>Demokratian ja oikeusvaltion kriisi<\/strong><\/p>\n<p>Chairs: Heino Nyyss\u00f6nen (YTT), Yliopistonlehtori (valtio-oppi), Yhteiskuntatieteellinen tiedekunta, Turun yliopisto, <a href=\"mailto:heino.nyyssonen@utu.fi\">heino.nyyssonen@utu.fi<\/a> &amp; Hanna Tuominen (VTT), Yliopistonlehtori (maailmanpolitiikka), Valtiotieteellinen tiedekunta, Helsingin yliopisto, <a href=\"mailto:hanna.t.tuominen@helsinki.fi\">hanna.t.tuominen@helsinki.fi<\/a> &amp; Jussi Mets\u00e4l\u00e4 (YTM), V\u00e4it\u00f6stutkija (kansainv\u00e4linen politiikka), Johtamisen ja talouden tiedekunta, Tampereen yliopisto, <a href=\"mailto:jussi.metsala@tuni.fi\">jussi.metsala@tuni.fi<\/a><\/p>\n<p><strong>European integration in Finland and beyond (also on Wednesday)<\/strong><\/p>\n<p>Chairs: Johannes Lehtinen, PhD Researcher, Tampere University &amp; Laura Nordstr\u00f6m, PhD Researcher, University of Helsinki<\/p>\n<p><strong>Tiedon, asiantuntijuuden ja politiikan j\u00e4nnitteiset suhteet (also on Wednesday)<\/strong><\/p>\n<p>Chairs: Anne Maria Holli, Professori, politiikan tutkimus, Helsingin yliopisto, <a href=\"mailto:anne.holli@helsinki.fi\">anne.holli@helsinki.fi<\/a> &amp; Heini Kinnunen, Tutkija, Turun yliopisto\u00a0 <a href=\"mailto:heini.kinnunen@helsinki.fi\">heini.kinnunen@helsinki.fi<\/a> &amp; Hanna Yl\u00f6stalo, Yliopistonlehtori, sosiologia, Turun yliopisto, <a href=\"mailto:hanna.ylostalo@utu.fi\">hanna.ylostalo@utu.fi<\/a><\/p>\n<p><strong>Poliittisen k\u00e4ytt\u00e4ytymisen tutkimus (also on Wednesday)<\/strong><\/p>\n<p>Chairs: Lauri Rapeli (lauri.rapeli@abo.fi) &amp; Albert Weckman (albert.weckman@abo.fi), Institutet f\u00f6r samh\u00e4llsforskning,\u00a0\u00c5bo Akademi<\/p>\n<p><strong>Democracy in motion \u2013 future perspective. (also on Wednesday)<\/strong><\/p>\n<p>Chairs: Oili Pulkkinen,\u00a0Kone Foundation\u00a0(<a href=\"mailto:pulkkinenoili2014@gmail.com\">pulkkinenoili2014@gmail.com<\/a>) &amp; Suvi Soininen, Kone Foundation (smsoin@utu.fi)<\/p>\n<p><strong>The credibility of political messages (also on Wednesday)<\/strong><\/p>\n<p>Chairs: Juha Ylisalo (University of Turku,\u00a0<a href=\"mailto:juha.ylisalo@utu.fi\">juha.ylisalo@utu.fi<\/a>), Kimmo Makkonen (University of Turku,\u00a0<a href=\"mailto:kimmo.makkonen@utu.fi\">kimmo.makkonen@utu.fi<\/a>)<\/p>\n<p><strong>Alustatalous \u2013 demokratian uudelleen\u00a0reititt\u00e4j\u00e4?<\/strong><strong>\u00a0<\/strong><\/p>\n<p>Chairs: Jenna P\u00e4l\u00e4s, Lapin yliopisto (Oikeustieteellinen tiedekunta), jenna.palas(at)ulapland.fi &amp; Mirva Salminen, Lapin yliopisto (Arktinen keskus), mirva.salminen(at)ulapland.fi<\/p>\n<p><strong>Youth political efficacy and civic engagement (also on Wednesday)\u00a0<\/strong><\/p>\n<p>Chairs: Venla Hannuksela, PhD Candidate, Faculty of Management and Business, Tampere University, e-mail:\u202f<a href=\"mailto:venla.hannuksela@tuni.fi\">venla.hannuksela@tuni.fi<\/a>\u202f &amp; Miikka Korventausta, PhD Candidate, Faculty of Education, University of Turku, e-mail:\u202f<a href=\"mailto:miikka.korventausta@utu.fi\">miikka.korventausta@utu.fi <\/a>&amp; Josefina Sipinen, PhD Candidate, Faculty of Management and Business, Tampere University, e-mail:\u202f<a href=\"mailto:josefina.sipinen@tuni.fi\">josefina.sipinen@tuni.fi\u00a0<\/a><\/p>\n<p><strong>The\u00a0politics\u00a0of\u00a0technology:\u00a0challenges\u00a0and\u00a0opportunities\u00a0for<br \/>\ndemocracy (also on Wednesday)<\/strong><\/p>\n<p>Chairs: Matti Nelimarkka and Victoria Palacin, matti.nelimarkka@helsinki.fi victoria.palacin@helsinki.fi<\/p>\n","protected":false},"excerpt":{"rendered":"<p>Democractic\u00a0and Undemocratic Resistance\u202f\u202f Chairs:\u202f\u00a0Taru Haapala, Universidad Aut\u00f3noma de Madrid \/ University of Jyv\u00e4skyl\u00e4\u202f(taru.k.s.haapala@jyu.fi)\u202f\u00a0 &amp; Petri Koikkalainen, University of Lapland (petri.koikkalainen@ulapland.fi) Yhdistyneiden kansakuntien\u00a0legitimiteetti ja ylikansalliset haasteet Chairs: YTT Anna Kronlund, Jyv\u00e4skyl\u00e4n yliopisto, anna.p.kronlund@jyu.fi\u00a0 &amp; FT\u00a0Teemu H\u00e4kkinen,\u00a0Jyv\u00e4skyl\u00e4n yliopisto,\u00a0teemu.r.p.hakkinen@jyu.fi Mets\u00e4t ja politiikka (also on Wednesday) Chairs: Maarit Laihonen, Aalto-yliopisto, maarit.laihonen@gmail.com &amp; Merja Porttikivi, Aalto-yliopisto, merja.porttikivi@gmail.com &amp; Jakob Donner-Amnell, &hellip; <\/p>\n<p class=\"link-more\"><a href=\"https:\/\/blogs2.abo.fi\/statsvetardagarna2021\/tyoryhmat-tiistai\/\" class=\"more-link\">Forts\u00e4tt l\u00e4sa<span class=\"screen-reader-text\"> \u201dWorkshops: Tuesday\u201d<\/span><\/a><\/p>\n","protected":false},"author":573,"featured_media":0,"parent":0,"menu_order":0,"comment_status":"closed","ping_status":"closed","template":"","meta":{"footnotes":""},"class_list":["post-400","page","type-page","status-publish","hentry"],"_links":{"self":[{"href":"https:\/\/blogs2.abo.fi\/statsvetardagarna2021\/wp-json\/wp\/v2\/pages\/400","targetHints":{"allow":["GET"]}}],"collection":[{"href":"https:\/\/blogs2.abo.fi\/statsvetardagarna2021\/wp-json\/wp\/v2\/pages"}],"about":[{"href":"https:\/\/blogs2.abo.fi\/statsvetardagarna2021\/wp-json\/wp\/v2\/types\/page"}],"author":[{"embeddable":true,"href":"https:\/\/blogs2.abo.fi\/statsvetardagarna2021\/wp-json\/wp\/v2\/users\/573"}],"replies":[{"embeddable":true,"href":"https:\/\/blogs2.abo.fi\/statsvetardagarna2021\/wp-json\/wp\/v2\/comments?post=400"}],"version-history":[{"count":8,"href":"https:\/\/blogs2.abo.fi\/statsvetardagarna2021\/wp-json\/wp\/v2\/pages\/400\/revisions"}],"predecessor-version":[{"id":735,"href":"https:\/\/blogs2.abo.fi\/statsvetardagarna2021\/wp-json\/wp\/v2\/pages\/400\/revisions\/735"}],"wp:attachment":[{"href":"https:\/\/blogs2.abo.fi\/statsvetardagarna2021\/wp-json\/wp\/v2\/media?parent=400"}],"curies":[{"name":"wp","href":"https:\/\/api.w.org\/{rel}","templated":true}]}}