{"id":391,"date":"2021-04-14T11:23:06","date_gmt":"2021-04-14T11:23:06","guid":{"rendered":"http:\/\/blogs2.abo.fi\/statsvetardagarna2021\/?page_id=391"},"modified":"2021-05-20T08:29:14","modified_gmt":"2021-05-20T08:29:14","slug":"tyoryhmat","status":"publish","type":"page","link":"https:\/\/blogs2.abo.fi\/statsvetardagarna2021\/tyoryhmat\/","title":{"rendered":"Ty\u00f6ryhm\u00e4t"},"content":{"rendered":"<p><strong>Ty\u00f6ryhm\u00e4t 2021<\/strong><\/p>\n<ol>\n<li><span data-contrast=\"none\">Democra<\/span><span data-contrast=\"none\">tic\u202fand Undemocratic Resistance<\/span><span data-ccp-props=\"{&quot;134233279&quot;:true,&quot;201341983&quot;:0,&quot;335559739&quot;:160,&quot;335559740&quot;:259}\">\u00a0<\/span><\/li>\n<li style=\"text-align: left\" data-leveltext=\"%1.\" data-font=\"Calibri\" data-listid=\"1\" data-aria-posinset=\"1\" data-aria-level=\"1\"><span data-contrast=\"none\">Yhdistyneiden kansakuntien\u202flegitimiteetti ja ylikansalliset haasteet<\/span><\/li>\n<li style=\"text-align: left\" data-leveltext=\"%1.\" data-font=\"Calibri\" data-listid=\"1\" data-aria-posinset=\"1\" data-aria-level=\"1\"><span data-ccp-props=\"{&quot;134233279&quot;:true,&quot;201341983&quot;:0,&quot;335559739&quot;:160,&quot;335559740&quot;:259}\">D<\/span><span data-contrast=\"none\">emocracy in Middle-Income Countries<\/span><span data-ccp-props=\"{&quot;134233279&quot;:true,&quot;201341983&quot;:0,&quot;335559739&quot;:160,&quot;335559740&quot;:259}\">\u00a0<\/span><\/li>\n<li style=\"text-align: left\" data-leveltext=\"%1.\" data-font=\"Calibri\" data-listid=\"1\" data-aria-posinset=\"1\" data-aria-level=\"1\"><span data-contrast=\"none\">Mets\u00e4t ja politiikka<\/span><span data-ccp-props=\"{&quot;134233279&quot;:true,&quot;201341983&quot;:0,&quot;335559739&quot;:160,&quot;335559740&quot;:259}\">\u00a0<\/span><\/li>\n<li style=\"text-align: left\" data-leveltext=\"%1.\" data-font=\"Calibri\" data-listid=\"1\" data-aria-posinset=\"1\" data-aria-level=\"1\"><span data-contrast=\"none\">Demokratian ja oikeusvaltion kriisi<\/span><\/li>\n<li style=\"text-align: left\" data-leveltext=\"%1.\" data-font=\"Calibri\" data-listid=\"1\" data-aria-posinset=\"1\" data-aria-level=\"1\"><span data-contrast=\"none\">Political discourse, colliding futures, and deliberative democracy<\/span><span data-ccp-props=\"{&quot;134233279&quot;:true,&quot;201341983&quot;:0,&quot;335559739&quot;:160,&quot;335559740&quot;:259}\"> (PERUTTU, CANCELLED)<\/span><\/li>\n<li style=\"text-align: left\" data-leveltext=\"%1.\" data-font=\"Calibri\" data-listid=\"1\" data-aria-posinset=\"1\" data-aria-level=\"1\"><span data-contrast=\"none\">European integration in Finland and beyond<\/span><span data-ccp-props=\"{&quot;134233279&quot;:true,&quot;201341983&quot;:0,&quot;335559739&quot;:160,&quot;335559740&quot;:259}\">\u00a0<\/span><\/li>\n<li style=\"text-align: left\" data-leveltext=\"%1.\" data-font=\"Calibri\" data-listid=\"1\" data-aria-posinset=\"1\" data-aria-level=\"1\"><span data-contrast=\"none\">Tiedon, asiantuntijuuden ja politiikan\u202fj\u00e4nnitteiset suhteet<\/span><span data-ccp-props=\"{&quot;134233279&quot;:true,&quot;201341983&quot;:0,&quot;335559739&quot;:160,&quot;335559740&quot;:259}\">\u00a0<\/span><\/li>\n<li style=\"text-align: left\" data-leveltext=\"%1.\" data-font=\"Calibri\" data-listid=\"1\" data-aria-posinset=\"1\" data-aria-level=\"1\"><span data-contrast=\"none\">Poliittisen k\u00e4ytt\u00e4ytymisen tutkimus<\/span><span data-ccp-props=\"{&quot;134233279&quot;:true,&quot;201341983&quot;:0,&quot;335559739&quot;:160,&quot;335559740&quot;:259}\">\u00a0<\/span><\/li>\n<li style=\"text-align: left\" data-leveltext=\"%1.\" data-font=\"Calibri\" data-listid=\"1\" data-aria-posinset=\"1\" data-aria-level=\"1\"><span data-contrast=\"none\">Sotilaall<\/span><span data-contrast=\"none\">isen turvallisuuden poliittiset <\/span><span data-contrast=\"none\">kysymykset <\/span><span data-contrast=\"none\">(<\/span><span data-contrast=\"none\">Political <\/span><span data-contrast=\"none\">Questions <\/span><span data-contrast=\"none\">of <\/span><span data-contrast=\"none\">Military <\/span><span data-contrast=\"none\">Security)<\/span><span data-ccp-props=\"{&quot;134233279&quot;:true,&quot;201341983&quot;:0,&quot;335559739&quot;:160,&quot;335559740&quot;:259}\">\u00a0<\/span><\/li>\n<li style=\"text-align: left\" data-leveltext=\"%1.\" data-font=\"Calibri\" data-listid=\"1\" data-aria-posinset=\"1\" data-aria-level=\"1\"><span data-contrast=\"auto\">Democracy in motion \u2013 future perspective.<\/span><span data-ccp-props=\"{&quot;134233279&quot;:true,&quot;201341983&quot;:0,&quot;335559739&quot;:160,&quot;335559740&quot;:259}\">\u00a0<\/span><\/li>\n<li style=\"text-align: left\" data-leveltext=\"%1.\" data-font=\"Calibri\" data-listid=\"1\" data-aria-posinset=\"1\" data-aria-level=\"1\"><span data-contrast=\"none\">The\u202fcredibility\u202fof political messages<\/span><span data-ccp-props=\"{&quot;134233279&quot;:true,&quot;201341983&quot;:0,&quot;335559739&quot;:160,&quot;335559740&quot;:259}\">\u00a0<\/span><\/li>\n<li style=\"text-align: left\" data-leveltext=\"%1.\" data-font=\"Calibri\" data-listid=\"1\" data-aria-posinset=\"1\" data-aria-level=\"1\"><span data-contrast=\"none\">Alustatalous \u2013 demokratian uudelleen\u202freititt\u00e4j\u00e4?<\/span><span data-ccp-props=\"{&quot;134233279&quot;:true,&quot;201341983&quot;:0,&quot;335559739&quot;:160,&quot;335559740&quot;:259}\">\u00a0<\/span><\/li>\n<li style=\"text-align: left\" data-leveltext=\"%1.\" data-font=\"Calibri\" data-listid=\"1\" data-aria-posinset=\"1\" data-aria-level=\"1\"><span data-contrast=\"none\">Youth political efficacy and civic engagement<\/span><span data-ccp-props=\"{&quot;134233279&quot;:true,&quot;201341983&quot;:0,&quot;335559739&quot;:160,&quot;335559740&quot;:259}\">\u00a0<\/span><\/li>\n<li style=\"text-align: left\" data-leveltext=\"%1.\" data-font=\"Calibri\" data-listid=\"1\" data-aria-posinset=\"1\" data-aria-level=\"1\"><span data-contrast=\"none\">Hegemony<\/span><span data-contrast=\"none\">\u00a0in\u00a0<\/span><span data-contrast=\"none\">the<\/span><span data-contrast=\"none\">\u00a0<\/span><span data-contrast=\"none\">era<\/span><span data-contrast=\"none\">\u00a0of\u00a0<\/span><span data-contrast=\"none\">populism<\/span><span data-contrast=\"none\">\u00a0&#8211;\u00a0<\/span><span data-contrast=\"none\">Hegemonia populismin aikakaudella<\/span><span data-ccp-props=\"{&quot;134233279&quot;:true,&quot;201341983&quot;:0,&quot;335559739&quot;:160,&quot;335559740&quot;:259}\">\u00a0<\/span><\/li>\n<li style=\"text-align: left\" data-leveltext=\"%1.\" data-font=\"Calibri\" data-listid=\"1\" data-aria-posinset=\"1\" data-aria-level=\"1\"><span data-contrast=\"none\">The\u00a0<\/span><span data-contrast=\"none\">politics<\/span><span data-contrast=\"none\">\u00a0<\/span><span data-contrast=\"none\">of<\/span><span data-contrast=\"none\">\u00a0<\/span><span data-contrast=\"none\">technology<\/span><span data-contrast=\"none\">:\u00a0<\/span><span data-contrast=\"none\">challenges<\/span><span data-contrast=\"none\">\u00a0and\u00a0<\/span><span data-contrast=\"none\">opportunities<\/span><span data-contrast=\"none\">\u00a0for<br \/>\n<\/span><span data-contrast=\"none\">democracy<\/span><span data-ccp-props=\"{&quot;134233279&quot;:true,&quot;201341983&quot;:0,&quot;335559739&quot;:160,&quot;335559740&quot;:259}\">\u00a0<\/span><\/li>\n<\/ol>\n<p>&nbsp;<\/p>\n","protected":false},"excerpt":{"rendered":"<p>Ty\u00f6ryhm\u00e4t 2021 Democratic\u202fand Undemocratic Resistance\u00a0 Yhdistyneiden kansakuntien\u202flegitimiteetti ja ylikansalliset haasteet Democracy in Middle-Income Countries\u00a0 Mets\u00e4t ja politiikka\u00a0 Demokratian ja oikeusvaltion kriisi Political discourse, colliding futures, and deliberative democracy (PERUTTU, CANCELLED) European integration in Finland and beyond\u00a0 Tiedon, asiantuntijuuden ja politiikan\u202fj\u00e4nnitteiset suhteet\u00a0 Poliittisen k\u00e4ytt\u00e4ytymisen tutkimus\u00a0 Sotilaallisen turvallisuuden poliittiset kysymykset (Political Questions of Military Security)\u00a0 Democracy in &hellip; <\/p>\n<p class=\"link-more\"><a href=\"https:\/\/blogs2.abo.fi\/statsvetardagarna2021\/tyoryhmat\/\" class=\"more-link\">Forts\u00e4tt l\u00e4sa<span class=\"screen-reader-text\"> \u201dTy\u00f6ryhm\u00e4t\u201d<\/span><\/a><\/p>\n","protected":false},"author":573,"featured_media":0,"parent":0,"menu_order":0,"comment_status":"closed","ping_status":"closed","template":"","meta":{"footnotes":""},"class_list":["post-391","page","type-page","status-publish","hentry"],"_links":{"self":[{"href":"https:\/\/blogs2.abo.fi\/statsvetardagarna2021\/wp-json\/wp\/v2\/pages\/391","targetHints":{"allow":["GET"]}}],"collection":[{"href":"https:\/\/blogs2.abo.fi\/statsvetardagarna2021\/wp-json\/wp\/v2\/pages"}],"about":[{"href":"https:\/\/blogs2.abo.fi\/statsvetardagarna2021\/wp-json\/wp\/v2\/types\/page"}],"author":[{"embeddable":true,"href":"https:\/\/blogs2.abo.fi\/statsvetardagarna2021\/wp-json\/wp\/v2\/users\/573"}],"replies":[{"embeddable":true,"href":"https:\/\/blogs2.abo.fi\/statsvetardagarna2021\/wp-json\/wp\/v2\/comments?post=391"}],"version-history":[{"count":5,"href":"https:\/\/blogs2.abo.fi\/statsvetardagarna2021\/wp-json\/wp\/v2\/pages\/391\/revisions"}],"predecessor-version":[{"id":732,"href":"https:\/\/blogs2.abo.fi\/statsvetardagarna2021\/wp-json\/wp\/v2\/pages\/391\/revisions\/732"}],"wp:attachment":[{"href":"https:\/\/blogs2.abo.fi\/statsvetardagarna2021\/wp-json\/wp\/v2\/media?parent=391"}],"curies":[{"name":"wp","href":"https:\/\/api.w.org\/{rel}","templated":true}]}}