{"id":348,"date":"2021-03-30T08:20:19","date_gmt":"2021-03-30T08:20:19","guid":{"rendered":"http:\/\/blogs2.abo.fi\/statsvetardagarna2021\/?page_id=348"},"modified":"2021-04-30T07:38:59","modified_gmt":"2021-04-30T07:38:59","slug":"sponsorit","status":"publish","type":"page","link":"https:\/\/blogs2.abo.fi\/statsvetardagarna2021\/sponsorit\/","title":{"rendered":"Sponsorit"},"content":{"rendered":"<p><a href=\"https:\/\/www.nafnet.fi\/\"><img loading=\"lazy\" decoding=\"async\" class=\"alignnone wp-image-356 size-full\" src=\"http:\/\/blogs2.abo.fi\/statsvetardagarna2021\/wp-content\/uploads\/sites\/173\/2021\/03\/NAF-logo-1-scaled.jpg\" alt=\"\" width=\"2560\" height=\"487\" srcset=\"https:\/\/blogs2.abo.fi\/statsvetardagarna2021\/wp-content\/uploads\/sites\/173\/2021\/03\/NAF-logo-1-scaled.jpg 2560w, https:\/\/blogs2.abo.fi\/statsvetardagarna2021\/wp-content\/uploads\/sites\/173\/2021\/03\/NAF-logo-1-300x57.jpg 300w, https:\/\/blogs2.abo.fi\/statsvetardagarna2021\/wp-content\/uploads\/sites\/173\/2021\/03\/NAF-logo-1-1024x195.jpg 1024w, https:\/\/blogs2.abo.fi\/statsvetardagarna2021\/wp-content\/uploads\/sites\/173\/2021\/03\/NAF-logo-1-768x146.jpg 768w, https:\/\/blogs2.abo.fi\/statsvetardagarna2021\/wp-content\/uploads\/sites\/173\/2021\/03\/NAF-logo-1-1536x292.jpg 1536w, https:\/\/blogs2.abo.fi\/statsvetardagarna2021\/wp-content\/uploads\/sites\/173\/2021\/03\/NAF-logo-1-2048x390.jpg 2048w\" sizes=\"auto, (max-width: 767px) 89vw, (max-width: 1000px) 54vw, (max-width: 1071px) 543px, 580px\" \/><\/a><\/p>\n<p><strong>NAF mahdollistaa verkostoitumisen paikallisella, kansallisella ja pohjoismaisella tasolla<\/strong><\/p>\n<p>Pohjoismaiden hallinnollinen liitto (Nordiska Administrativa F\u00f6rbundet, NAF) koostuu viidest\u00e4 kansallisesta osastosta, jotka toimivat Tanskassa, Ruotsissa, Norjassa, Islannissa ja Suomessa. Liiton kokonaisj\u00e4senm\u00e4\u00e4r\u00e4 on noin 2 000. NAF:in Suomen osasto j\u00e4rjest\u00e4\u00e4 vuosittain erilaisia tapahtumia ja teemakokouksia. Perinteeksi muodostuneissa lounaskokouksissa eri alojen asiantuntijat alustavat ajankohtaisista yhteiskunnallisista tai oikeudellisista teemoista, mink\u00e4 j\u00e4lkeen j\u00e4senill\u00e4 on mahdollisuus osallistua keskusteluun. NAF tukee my\u00f6s hallintoon liittyv\u00e4\u00e4 tutkimusta ja julkaisemista.\u00a0Suomen osasto my\u00f6nt\u00e4\u00e4 vuosittain apurahoja tutkimushankkeisiin ja julkaisuihin. Lis\u00e4ksi yhdistys voi my\u00f6nt\u00e4\u00e4 matka-apurahaa pohjoismaisiin kokouksiin tai seminaareihin osallistumista varten.<\/p>\n<p>Lue lis\u00e4\u00e4 yhdistyksen toiminnasta ja j\u00e4senyydest\u00e4 t\u00e4\u00e4lt\u00e4:\u00a0<a href=\"http:\/\/www.nafnet.fi\/\">www.nafnet.fi<\/a><\/p>\n<div>\n<p><strong><a href=\"https:\/\/tieteentekijat.fi\/\"><img loading=\"lazy\" decoding=\"async\" class=\"alignnone size-full wp-image-386\" src=\"http:\/\/blogs2.abo.fi\/statsvetardagarna2021\/wp-content\/uploads\/sites\/173\/2021\/04\/Tieteentekijat-FUURT-logo-scaled.jpg\" alt=\"\" width=\"2560\" height=\"932\" srcset=\"https:\/\/blogs2.abo.fi\/statsvetardagarna2021\/wp-content\/uploads\/sites\/173\/2021\/04\/Tieteentekijat-FUURT-logo-scaled.jpg 2560w, https:\/\/blogs2.abo.fi\/statsvetardagarna2021\/wp-content\/uploads\/sites\/173\/2021\/04\/Tieteentekijat-FUURT-logo-300x109.jpg 300w, https:\/\/blogs2.abo.fi\/statsvetardagarna2021\/wp-content\/uploads\/sites\/173\/2021\/04\/Tieteentekijat-FUURT-logo-1024x373.jpg 1024w, https:\/\/blogs2.abo.fi\/statsvetardagarna2021\/wp-content\/uploads\/sites\/173\/2021\/04\/Tieteentekijat-FUURT-logo-768x280.jpg 768w, https:\/\/blogs2.abo.fi\/statsvetardagarna2021\/wp-content\/uploads\/sites\/173\/2021\/04\/Tieteentekijat-FUURT-logo-1536x559.jpg 1536w, https:\/\/blogs2.abo.fi\/statsvetardagarna2021\/wp-content\/uploads\/sites\/173\/2021\/04\/Tieteentekijat-FUURT-logo-2048x746.jpg 2048w\" sizes=\"auto, (max-width: 767px) 89vw, (max-width: 1000px) 54vw, (max-width: 1071px) 543px, 580px\" \/><\/a>Tieteentekij\u00e4t \u2013 Universumin asialla<\/strong><\/p>\n<\/div>\n<p>Tieteentekij\u00e4t on Suomen johtava tutkitun tiedon puolustaja sek\u00e4\u0308 tutkimusty\u00f6n ja tieteentekemisen edunvalvoja. Olemme mukana turvaamassa korkeatasoisen tieteen tekemisen edellytysten s\u00e4ilymist\u00e4\u0308 Suomessa.<\/p>\n<p>Tieteentekij\u00f6ihin kuuluu 15 j\u00e4senyhdistyst\u00e4\u0308, joissa on yli 7000 j\u00e4sent\u00e4\u0308. J\u00e4senist\u00f6n apuna ja tukena ovat yliopistokohtaiset yhdistykset, kaksi valtakunnallista yhdistyst\u00e4\u0308, kattava luottamusmiesten verkosto sek\u00e4\u0308 liiton asiantunteva henkil\u00f6st\u00f6\u0308.<\/p>\n<p>J\u00e4senist\u00f6mme yleisimpi\u00e4\u0308 nimikkeit\u00e4\u0308 ovat yliopistonlehtori, nuorempi tutkija, v\u00e4it\u00f6skirjatutkija ja tutkijatohtori \u2013 toivotamme tervetulleiksi my\u00f6s apurahalla ty\u00f6skentelev\u00e4t tieteentekij\u00e4t. Vaikutamme aktiivisesti neuvottelutoiminnalla ja edunvalvonnalla m\u00e4\u00e4r\u00e4aikaisten asemaan, nuorempien tutkijoiden tilanteeseen, tohtoreiden ty\u00f6llistymiseen sek\u00e4\u0308 korkeakoulujen ja tieteen rahoitukseen.<\/p>\n<p>Toimimme kolmella kielell\u00e4\u0308 suomeksi, ruotsiksi ja englanniksi palvellen sek\u00e4\u0308 suomalaisia ett\u00e4\u0308 Suomessa toimivia ulkomaalaisia tieteentekij\u00f6it\u00e4\u0308. J\u00e4senen\u00e4\u0308 saat kattavasti etuja koulutuksista ja urapalveluista aina vakuutusturvaan sek\u00e4\u0308 oikeudelliseen neuvontaan.<\/p>\n<p>&nbsp;<\/p>\n<p><a href=\"http:\/\/www.professoriliitto.fi\/\"><img loading=\"lazy\" decoding=\"async\" class=\"alignnone wp-image-349 size-full\" src=\"http:\/\/blogs2.abo.fi\/statsvetardagarna2021\/wp-content\/uploads\/sites\/173\/2021\/03\/professoriliitto_logo_rgb-jpeg-scaled.jpg\" alt=\"\" width=\"2560\" height=\"1143\" srcset=\"https:\/\/blogs2.abo.fi\/statsvetardagarna2021\/wp-content\/uploads\/sites\/173\/2021\/03\/professoriliitto_logo_rgb-jpeg-scaled.jpg 2560w, https:\/\/blogs2.abo.fi\/statsvetardagarna2021\/wp-content\/uploads\/sites\/173\/2021\/03\/professoriliitto_logo_rgb-jpeg-300x134.jpg 300w, https:\/\/blogs2.abo.fi\/statsvetardagarna2021\/wp-content\/uploads\/sites\/173\/2021\/03\/professoriliitto_logo_rgb-jpeg-1024x457.jpg 1024w, https:\/\/blogs2.abo.fi\/statsvetardagarna2021\/wp-content\/uploads\/sites\/173\/2021\/03\/professoriliitto_logo_rgb-jpeg-768x343.jpg 768w, https:\/\/blogs2.abo.fi\/statsvetardagarna2021\/wp-content\/uploads\/sites\/173\/2021\/03\/professoriliitto_logo_rgb-jpeg-1536x686.jpg 1536w, https:\/\/blogs2.abo.fi\/statsvetardagarna2021\/wp-content\/uploads\/sites\/173\/2021\/03\/professoriliitto_logo_rgb-jpeg-2048x914.jpg 2048w\" sizes=\"auto, (max-width: 767px) 89vw, (max-width: 1000px) 54vw, (max-width: 1071px) 543px, 580px\" \/><\/a><\/p>\n<p><strong>Professoriliitto<\/strong><\/p>\n<p>Professoriliitto edustaa yliopistojen ja tutkimuslaitosten menestymisen kannalta keskeist\u00e4 ammattikuntaa. J\u00e4senemme koostuvat esimerkiksi professoreista, apulaisprofessoreista, tutkimusprofessoreista, tutkimusjohtajista ja akateemisista johtajista, eli yliopistojen ja tutkimuslaitosten opetus-, tutkimus- ja johtoteht\u00e4viss\u00e4 toimivista.<\/p>\n<p>Professoriliitto edist\u00e4\u00e4 ja valvoo j\u00e4senkuntansa etuja palkkaukseen, palvelussuhteeseen, ty\u00f6nkuvaan ja ty\u00f6teht\u00e4viin liittyviss\u00e4 kysymyksiss\u00e4.<\/p>\n<p>Lis\u00e4ksi edist\u00e4mme tutkimuksen ja opetuksen vapautta, tutkimuksen ja opetuksen edellytysten parantamista sek\u00e4 yliopistojen ja tutkimuslaitosten kehittymist\u00e4. K\u00e4ymme s\u00e4\u00e4nn\u00f6llisesti keskustelua poliittisten p\u00e4\u00e4tt\u00e4jien, yliopistojen johdon sek\u00e4 muiden tiede-, tutkimus- ja innovaatiosektorin vaikuttajien kanssa.<\/p>\n<p>Professoriliitto toimii tiedeyhteis\u00f6n ja muun yhteiskunnan vuorovaikutuksen edist\u00e4miseksi. J\u00e4sentens\u00e4 vahvan osaamisen ja arvostetun aseman kautta liitto on t\u00e4rke\u00e4 yhteiskunnallinen vaikuttaja.<\/p>\n<p>Olemme vahvasti verkostoituneita sek\u00e4 kotimaassa ett\u00e4 kansainv\u00e4lisesti. Liitto kuuluu muun muassa useisiin kansainv\u00e4lisiin opetus- ja tutkimusalan j\u00e4rjest\u00f6ihin.<\/p>\n<p><a href=\"http:\/\/www.yhteiskunta-ala.fi\"><img loading=\"lazy\" decoding=\"async\" class=\"alignnone size-full wp-image-380\" src=\"http:\/\/blogs2.abo.fi\/statsvetardagarna2021\/wp-content\/uploads\/sites\/173\/2021\/04\/YKAn-mainos-Politiikan-tutkimuksen-paiville.png\" alt=\"\" width=\"1200\" height=\"900\" srcset=\"https:\/\/blogs2.abo.fi\/statsvetardagarna2021\/wp-content\/uploads\/sites\/173\/2021\/04\/YKAn-mainos-Politiikan-tutkimuksen-paiville.png 1200w, https:\/\/blogs2.abo.fi\/statsvetardagarna2021\/wp-content\/uploads\/sites\/173\/2021\/04\/YKAn-mainos-Politiikan-tutkimuksen-paiville-300x225.png 300w, https:\/\/blogs2.abo.fi\/statsvetardagarna2021\/wp-content\/uploads\/sites\/173\/2021\/04\/YKAn-mainos-Politiikan-tutkimuksen-paiville-1024x768.png 1024w, https:\/\/blogs2.abo.fi\/statsvetardagarna2021\/wp-content\/uploads\/sites\/173\/2021\/04\/YKAn-mainos-Politiikan-tutkimuksen-paiville-768x576.png 768w\" sizes=\"auto, (max-width: 767px) 89vw, (max-width: 1000px) 54vw, (max-width: 1071px) 543px, 580px\" \/><\/a><\/p>\n<p>Yhteiskunta-alan korkeakoulutetut ry eli YKA on uuden aikakauden ammattiliittojen edell\u00e4k\u00e4vij\u00e4. Toimimme yhteiskunnallisella alalla ty\u00f6skentelevien ja alaa opiskelevien ammatillisena etuj\u00e4rjest\u00f6n\u00e4 ja yhteis\u00f6n\u00e4.<\/p>\n<p>Olemme olemassa, jotta jokainen yhteiskunta-alan korkeakoulutettu voi rakentaa merkityksellisen, itsens\u00e4 n\u00e4k\u00f6isen ty\u00f6uran sek\u00e4 tasapainottaa ty\u00f6- ja yksityisel\u00e4m\u00e4ns\u00e4 mielekk\u00e4\u00e4ll\u00e4 tavalla.<\/p>\n<p>Valvomme noin 13\u202f000 j\u00e4senemme ammatillisia, taloudellisia ja sosiaalisia etuja ty\u00f6markkinoilla. Lis\u00e4ksi edist\u00e4mme ja tuemme j\u00e4sentemme urahyvinvointia ja ty\u00f6el\u00e4m\u00e4taitoja. Tunnistamme, ett\u00e4 ty\u00f6markkinat ovat jatkuvassa muutoksessa ja mukautamme palvelujamme sopimaan j\u00e4sentemme moninaisiin tarpeisiin.<\/p>\n<p>Tarjoamme j\u00e4senist\u00f6llemme muun muassa monipuoliset ura- ja lakipalvelut, koulutuksia ja valmennuksia, vakuutuksia sek\u00e4 vapaa-ajan etuja. YKA on yhteis\u00f6, joka toivottaa tervetulleeksi kaikki opiskelijoista jo el\u00e4k\u00f6ityneisiin yhteiskuntaosaajiin. Ykalaiset kohtaavat toisiaan erilaisissa tapahtumissa, opiskelijatoiminnassa, vertaisverkostoissa, paikallisyhdistyksiss\u00e4 ja mentoroinnissa. N\u00e4in pandemian aikaan kohtaamiset tapahtuvat toki et\u00e4n\u00e4.<\/p>\n<p>Liity yhteiskunta-alan osaajien yhteis\u00f6\u00f6n ja ole #ylpe\u00e4stiyhteiskuntaosaaja! Lis\u00e4tietoa l\u00f6yd\u00e4t osoitteesta www.yhteiskunta-ala.fi\/liity.<\/p>\n<p><a href=\"https:\/\/www.fsd.tuni.fi\/fi\/\"><img loading=\"lazy\" decoding=\"async\" class=\"alignnone size-full wp-image-382\" src=\"http:\/\/blogs2.abo.fi\/statsvetardagarna2021\/wp-content\/uploads\/sites\/173\/2021\/04\/tietoarkisto-768white.png\" alt=\"\" width=\"768\" height=\"149\" srcset=\"https:\/\/blogs2.abo.fi\/statsvetardagarna2021\/wp-content\/uploads\/sites\/173\/2021\/04\/tietoarkisto-768white.png 768w, https:\/\/blogs2.abo.fi\/statsvetardagarna2021\/wp-content\/uploads\/sites\/173\/2021\/04\/tietoarkisto-768white-300x58.png 300w\" sizes=\"auto, (max-width: 767px) 89vw, (max-width: 1000px) 54vw, (max-width: 1071px) 543px, 580px\" \/><\/a><\/p>\n<p><strong>Tietoarkisto<\/strong> (FSD) on tutkimuksen ja opetuksen palveluinfrastruktuuri. Se hoivaa digitaalisia tutkimusaineistoja, v\u00e4litt\u00e4\u00e4 niit\u00e4 tutkimukseen, opetukseen ja opiskeluun ja tarjoaa tietopalvelua. Arkistoidut aineistot sopivat suomalaisen yhteiskunnan, ihmisten ja kulttuuristen ilmi\u00f6iden tutkimiseen. Tietoarkisto palvelee koko Suomea ja tekee aktiivisesti kansainv\u00e4list\u00e4 yhteisty\u00f6t\u00e4. Tietoarkiston palvelut ovat maksuttomia.<\/p>\n<p><strong>Palveluportaali Ailassa<\/strong> on yli 1600 tutkimusaineistoa, joista kaikista on saatavilla yksityiskohtaiset, muuttujatasoiset kuvaukset. Suurin osa aineistoista on joko vapaasti tai rekister\u00f6ityneiden asiakkaiden ladattavissa.<\/p>\n<p><strong>Pohtiva<\/strong> sis\u00e4lt\u00e4\u00e4 suomalaisten puolueiden ohjelmia sek\u00e4 muita keskeisi\u00e4 poliittisia tekstej\u00e4 vapaasti tutkittavaksi. Kes\u00e4n kuntavaalien ohjelmat l\u00f6ytyv\u00e4t jo Pohtivasta.<\/p>\n<p><strong>Penna<\/strong>-ty\u00f6kalu sopii kirjoitusaineistojen keruuseen verkossa. Tietoarkisto vastaa keruun teknisest\u00e4 toteutuksesta ja kirjoitusten tietoturvallisesta s\u00e4ilytyksest\u00e4.<\/p>\n<p><a href=\"https:\/\/www.fiia.fi\/\"><img loading=\"lazy\" decoding=\"async\" class=\"alignnone wp-image-471 size-full\" src=\"http:\/\/blogs2.abo.fi\/statsvetardagarna2021\/wp-content\/uploads\/sites\/173\/2021\/04\/FIIA.jpg.jpg\" alt=\"\" width=\"938\" height=\"388\" srcset=\"https:\/\/blogs2.abo.fi\/statsvetardagarna2021\/wp-content\/uploads\/sites\/173\/2021\/04\/FIIA.jpg.jpg 938w, https:\/\/blogs2.abo.fi\/statsvetardagarna2021\/wp-content\/uploads\/sites\/173\/2021\/04\/FIIA.jpg-300x124.jpg 300w, https:\/\/blogs2.abo.fi\/statsvetardagarna2021\/wp-content\/uploads\/sites\/173\/2021\/04\/FIIA.jpg-768x318.jpg 768w\" sizes=\"auto, (max-width: 767px) 89vw, (max-width: 1000px) 54vw, (max-width: 1071px) 543px, 580px\" \/><\/a><\/p>\n<p>&nbsp;<\/p>\n<p><a href=\"https:\/\/hup.fi\/\"><img loading=\"lazy\" decoding=\"async\" class=\"alignnone wp-image-535 size-full\" src=\"http:\/\/blogs2.abo.fi\/statsvetardagarna2021\/wp-content\/uploads\/sites\/173\/2021\/04\/hup_logo_vertical_black.jpg\" alt=\"\" width=\"1181\" height=\"638\" srcset=\"https:\/\/blogs2.abo.fi\/statsvetardagarna2021\/wp-content\/uploads\/sites\/173\/2021\/04\/hup_logo_vertical_black.jpg 1181w, https:\/\/blogs2.abo.fi\/statsvetardagarna2021\/wp-content\/uploads\/sites\/173\/2021\/04\/hup_logo_vertical_black-300x162.jpg 300w, https:\/\/blogs2.abo.fi\/statsvetardagarna2021\/wp-content\/uploads\/sites\/173\/2021\/04\/hup_logo_vertical_black-1024x553.jpg 1024w, https:\/\/blogs2.abo.fi\/statsvetardagarna2021\/wp-content\/uploads\/sites\/173\/2021\/04\/hup_logo_vertical_black-768x415.jpg 768w\" sizes=\"auto, (max-width: 767px) 89vw, (max-width: 1000px) 54vw, (max-width: 1071px) 543px, 580px\" \/><\/a><\/p>\n<p><a href=\"https:\/\/hup.fi\/\">Helsinki University Press<\/a> eli HUP on Open Access -tiedekustantamo, jonka kaikki julkaisut ovat verkossa vapaasti saatavilla. Tarjoamme tiedeyhteis\u00f6lle julkaisukanavan, jonka kautta tutkimustuloksia voi levitt\u00e4\u00e4 tehokkaasti, reilusti ja oikealle yleis\u00f6lle. Haluamme, ett\u00e4 julkaisumme tavoittavat kansainv\u00e4lisen tiedeyhteis\u00f6n ja ovat tutkijoiden ulottuvilla my\u00f6s globaalissa etel\u00e4ss\u00e4 sek\u00e4 tiedeinstituutioiden ulkopuolella, miss\u00e4 maksumuurit voivat muodostua esteeksi. Kaikki HUPin digitaaliset julkaisut ovat ilmaisia, mutta niit\u00e4 voi tilata my\u00f6s painettuina erillisest\u00e4 maksusta.<\/p>\n<p>HUP julkaisee vertaisarvioituja monografioita, artikkelikokoelmia ja lehti\u00e4 sek\u00e4 kirjasarjoja. P\u00e4\u00e4painotus on humanistisissa ja yhteiskuntatieteellisiss\u00e4 englanninkielisiss\u00e4 julkaisuissa, mutta \u00a0yhteydenotot my\u00f6s muilta aloilta ovat tervetulleita. HUPin kautta voivat julkaista kaikki tutkijat niin Helsingin yliopistosta kuin sen ulkopuoleltakin. Julkaistavat k\u00e4sikirjoitukset valitaan puhtaasti tieteellisten kriteerien perusteella, ja HUP panostaa laatuun huolehtimalla, ett\u00e4 kirjojen ja lehtien profiili, vertaisarviointi, editointi ja graafinen suunnittelu ovat korkeatasoisia. HUPin tavoite on edist\u00e4\u00e4 tieteellisten julkaisujen levi\u00e4mist\u00e4 ja saatavuutta, mik\u00e4 mahdollistaa tutkijoille my\u00f6s paremman viittausindeksistatuksen.<\/p>\n<p>Ota yhteytt\u00e4: Anna-Mari Vesterinen, toimitus- ja viestint\u00e4p\u00e4\u00e4llikk\u00f6, <a href=\"mailto:anna-mari.vesterinen@helsinki.fi\">anna-mari.vesterinen@helsinki.fi<\/a>, puh: +358 50 406 2824<\/p>\n<p>&nbsp;<\/p>\n<p><img loading=\"lazy\" decoding=\"async\" class=\"alignnone size-full wp-image-557\" src=\"http:\/\/blogs2.abo.fi\/statsvetardagarna2021\/wp-content\/uploads\/sites\/173\/2021\/04\/Visio_logo_opintokeskus_sivistysliitto_ajatuspaja-1.png\" alt=\"\" width=\"500\" height=\"200\" srcset=\"https:\/\/blogs2.abo.fi\/statsvetardagarna2021\/wp-content\/uploads\/sites\/173\/2021\/04\/Visio_logo_opintokeskus_sivistysliitto_ajatuspaja-1.png 500w, https:\/\/blogs2.abo.fi\/statsvetardagarna2021\/wp-content\/uploads\/sites\/173\/2021\/04\/Visio_logo_opintokeskus_sivistysliitto_ajatuspaja-1-300x120.png 300w\" sizes=\"auto, (max-width: 500px) 100vw, 500px\" \/><\/p>\n<p dir=\"ltr\">Vihre\u00e4 sivistysliitto ry yll\u00e4pit\u00e4\u00e4 vihre\u00e4\u00e4n arvomaailmaan pohjautuvia Opintokeskus Visiota sek\u00e4 pient\u00e4 ja ketter\u00e4\u00e4 Ajatuspaja Visiota.<\/p>\n<p dir=\"ltr\"><a href=\"http:\/\/www.opintokeskusvisio.fi\/\" target=\"_blank\" rel=\"noopener noreferrer\">Opintokeskus Vision<\/a> syyskauden 2021 koulutuskalenteri julkaistaan kes\u00e4kuun alussa osoitteessa <a href=\"https:\/\/opintokeskusvisio.fi\/koulutus\/\" target=\"_blank\" rel=\"noopener noreferrer\">opintokeskusvisio.fi\/koulutus\/<\/a><\/p>\n<p dir=\"ltr\"><a href=\"http:\/\/www.ajatuspajavisio.fi\/\" target=\"_blank\" rel=\"noopener noreferrer\">Ajatuspaja Visio <\/a>on k\u00e4sitellyt demokratiaa useissa julkaisuissaan ja tutkimushankkeissaan. Teht\u00e4v\u00e4mme on toimia v\u00e4litt\u00e4j\u00e4n\u00e4 p\u00e4\u00e4tt\u00e4jien ja tutkitun tiedon v\u00e4lill\u00e4. Teemme mielell\u00e4mme yhteisty\u00f6t\u00e4 tutkijoiden, tutkimushankkeiden ja opiskelijoiden kanssa.<\/p>\n<p dir=\"ltr\"><span id=\"x_gmail-docs-internal-guid-31b95eee-7fff-233e-3abe-699e1d43749e\">Julkaisemme kev\u00e4\u00e4n aikana analyysin eduskuntavaalien vaalij\u00e4rjestelm\u00e4n uudistamisesta. Edustuksellisuutta k\u00e4sitell\u00e4\u00e4n my\u00f6s uuden Vihre\u00e4 Tuuma -podcastin toisessa jaksossa: <a href=\"https:\/\/ajatuspajavisio.fi\/podcast\" target=\"_blank\" rel=\"noopener noreferrer\">ajatuspajavisio.fi\/podcast\/<\/a><\/span><\/p>\n<p dir=\"ltr\"><a href=\"https:\/\/www.e2.fi\/.\"><img loading=\"lazy\" decoding=\"async\" class=\"alignnone size-full wp-image-564\" src=\"http:\/\/blogs2.abo.fi\/statsvetardagarna2021\/wp-content\/uploads\/sites\/173\/2021\/04\/e2_tunnus_rgb-01.png\" alt=\"\" width=\"3168\" height=\"3356\" srcset=\"https:\/\/blogs2.abo.fi\/statsvetardagarna2021\/wp-content\/uploads\/sites\/173\/2021\/04\/e2_tunnus_rgb-01.png 3168w, https:\/\/blogs2.abo.fi\/statsvetardagarna2021\/wp-content\/uploads\/sites\/173\/2021\/04\/e2_tunnus_rgb-01-283x300.png 283w, https:\/\/blogs2.abo.fi\/statsvetardagarna2021\/wp-content\/uploads\/sites\/173\/2021\/04\/e2_tunnus_rgb-01-967x1024.png 967w, https:\/\/blogs2.abo.fi\/statsvetardagarna2021\/wp-content\/uploads\/sites\/173\/2021\/04\/e2_tunnus_rgb-01-768x814.png 768w, https:\/\/blogs2.abo.fi\/statsvetardagarna2021\/wp-content\/uploads\/sites\/173\/2021\/04\/e2_tunnus_rgb-01-1450x1536.png 1450w, https:\/\/blogs2.abo.fi\/statsvetardagarna2021\/wp-content\/uploads\/sites\/173\/2021\/04\/e2_tunnus_rgb-01-1933x2048.png 1933w\" sizes=\"auto, (max-width: 767px) 89vw, (max-width: 1000px) 54vw, (max-width: 1071px) 543px, 580px\" \/><\/a>Olemme tutkimuksen startup, joka on viidess\u00e4 vuodessa edennyt yhden tohtorin ty\u00f6p\u00f6yd\u00e4lt\u00e4 kymmenen kokeneen asiantuntijan ty\u00f6yhteis\u00f6ksi.<\/p>\n<p>Olemme poliittisesti riippumaton, yleishy\u00f6dyllinen, monitieteinen tutkimuslaitos. Yleishy\u00f6dyllisyys tarkoittaa, ett\u00e4 tuottamamme tieto palvelee maksutta ja avoimuus on ty\u00f6mme keskeinen arvo. Hankkeissamme kohtaavat yksityisen, julkisen ja kolmannen sektorin asiantuntijat.<\/p>\n<p>Ty\u00f6mme keskittyy kahden ohjelman alle: 1) Ilmi\u00f6t, ihminen ja yhteiskunta sek\u00e4 2) Ruoka ja ymp\u00e4rist\u00f6.<\/p>\n<p>Uskomme, ett\u00e4 yhteinen ideointi ja tiedosta innostuminen auttavat l\u00f6yt\u00e4m\u00e4\u00e4n ratkaisuja moniulotteisiin ongelmiin. Haluamme, ett\u00e4 tutkimustieto kuluu k\u00e4yt\u00f6ss\u00e4 ja auttaa ymm\u00e4rt\u00e4m\u00e4\u00e4n aikamme ilmi\u00f6it\u00e4.<\/p>\n<p>Ota yhteytt\u00e4, kun kaipaat asiantuntijatietoa, haluat tehd\u00e4 tutkimusta kanssamme tai innostut tavastamme palvella julkista keskustelua, p\u00e4\u00e4t\u00f6ksentekoa ja yhteiskunnan kehitt\u00e4mist\u00e4.<\/p>\n<p>Lis\u00e4tietoa:<\/p>\n<p>Johtaja YTT Karina Jutila, +358 50 5515 361, <a href=\"mailto:karina.jutila@e2.fi\">karina.jutila@e2.fi<\/a><\/p>\n<p>Tutkimusjohtaja VTT Mari K. Niemi, +44 773 7161 944, <a href=\"mailto:mari.k.niemi@e2.fi\">mari.k.niemi@e2.fi<\/a><\/p>\n<p><img loading=\"lazy\" decoding=\"async\" class=\"alignnone size-full wp-image-579\" src=\"http:\/\/blogs2.abo.fi\/statsvetardagarna2021\/wp-content\/uploads\/sites\/173\/2021\/04\/Politiikan-tutkimus-paivat_Docendo_MAINOS-page-001.jpg\" alt=\"\" width=\"877\" height=\"945\" srcset=\"https:\/\/blogs2.abo.fi\/statsvetardagarna2021\/wp-content\/uploads\/sites\/173\/2021\/04\/Politiikan-tutkimus-paivat_Docendo_MAINOS-page-001.jpg 877w, https:\/\/blogs2.abo.fi\/statsvetardagarna2021\/wp-content\/uploads\/sites\/173\/2021\/04\/Politiikan-tutkimus-paivat_Docendo_MAINOS-page-001-278x300.jpg 278w, https:\/\/blogs2.abo.fi\/statsvetardagarna2021\/wp-content\/uploads\/sites\/173\/2021\/04\/Politiikan-tutkimus-paivat_Docendo_MAINOS-page-001-768x828.jpg 768w\" sizes=\"auto, (max-width: 767px) 89vw, (max-width: 1000px) 54vw, (max-width: 1071px) 543px, 580px\" \/><\/p>\n<p><b>Docendo<\/b>\u00a0on yleiskustantamo, joka julkaisee vuosittain l\u00e4hes 100 kirjaa. Yleisest\u00e4 tietokirjallisuudesta ominta alaamme ovat el\u00e4m\u00e4kerrat, talous, l\u00e4hi- ja sotahistoria, luonto, harrastukset, hyvinvointi ja viihde. Teemme my\u00f6s tilausty\u00f6n\u00e4 kirjoja yritysten ja yhteis\u00f6jen tarpeisiin.<\/p>\n<p>Alennuskoodi (\u201330 %)\u00a0<a title=\"www.docendo.fi\" href=\"http:\/\/www.docendo.fi\/\" target=\"_blank\" rel=\"noopener noreferrer\">Docendo.fi<\/a>-verkkokauppaan:\u00a0<b>PTP2021<\/b><\/p>\n<p>Tarjoamme Politiikan tutkimuksen p\u00e4ivien osallistujille kaikki kirjamme \u201330 % alennuksella verkkokaupastamme www.docendo.fi. Edun saadaksesi lis\u00e4\u00e4 www.docendo.fi-verkkokaupassa haluamasi tuotteet ostoskoriin. Sy\u00f6t\u00e4 Ostoskori-n\u00e4kym\u00e4ss\u00e4 Alennuskoodi-osioon Kampanjakoodiksi PTP2021 ja klikkaa \u201dLis\u00e4\u00e4 kampanjakoodi\u201d, jolloin etu aktivoituu. Etu on voimassa 31.5.2021 asti. Yli 30 euron tilauksiin ilmaiset toimituskulut!<\/p>\n<p><a href=\"https:\/\/fjsr.journal.fi\/\"><img loading=\"lazy\" decoding=\"async\" class=\"alignnone wp-image-628 size-full\" src=\"http:\/\/blogs2.abo.fi\/statsvetardagarna2021\/wp-content\/uploads\/sites\/173\/2021\/04\/logo_taustalla.png\" alt=\"\" width=\"965\" height=\"341\" srcset=\"https:\/\/blogs2.abo.fi\/statsvetardagarna2021\/wp-content\/uploads\/sites\/173\/2021\/04\/logo_taustalla.png 965w, https:\/\/blogs2.abo.fi\/statsvetardagarna2021\/wp-content\/uploads\/sites\/173\/2021\/04\/logo_taustalla-300x106.png 300w, https:\/\/blogs2.abo.fi\/statsvetardagarna2021\/wp-content\/uploads\/sites\/173\/2021\/04\/logo_taustalla-768x271.png 768w\" sizes=\"auto, (max-width: 767px) 89vw, (max-width: 1000px) 54vw, (max-width: 1071px) 543px, 580px\" \/><\/a><\/p>\n<p><a href=\"https:\/\/fjsr.journal.fi\/\">Finnish Journal of Social Research<\/a> (former <a href=\"https:\/\/www.finnresearch.fi\/\">Research on Finnish Society<\/a>) is an annually published peer-reviewed open access journal focusing on research articles relevant to Finnish society. Its scope is multi-disciplinary, covering sociology, political science, and economics, as well as the other social sciences. The journal is listed in the Finnish Publication Forum (JUFO id: 66149).<\/p>\n<p>We welcome <a href=\"https:\/\/fjsr.journal.fi\/about\/submissions\">submissions<\/a> throughout the year, but there is also a call for papers for each annual volume. Articles are published online (advance access) once they have been accepted, as well as in the annual print volume. We look forward to your submissions!<\/p>\n<p>*<\/p>\n<p>Lehte\u00e4 julkaisee perinteik\u00e4s <a href=\"https:\/\/blogit.utu.fi\/tkyt\/\">Turun korkeakoulujen yhteiskunnallis-taloudellinen tutkimusyhdistys<\/a>. Yhdistyksen j\u00e4senmaksu (20\u20ac) sis\u00e4lt\u00e4\u00e4 Finnish Journal of Social Research -lehden tilauksen!<\/p>\n<p>Yhdistyksen seuraava tapahtuma (28.5) on historiantutkija Tapio Bergholmin luento <em>Mauno Koivisto ja Turun yliopistot<\/em>. Luento pohjautuu Bergholmin vastajulkaistuun teokseen <em>Kiihke\u00e4 Koivisto<\/em>, joka k\u00e4sittelee presidentti Mauno Koiviston nuoruusvuosia. Yhdistyksen <a href=\"https:\/\/blogit.utu.fi\/tkyt\/\">Internet-sivuilla<\/a> on tietoa yhdistyksen toiminnasta sek\u00e4 tulevasta Mauno Koivisto -luennosta.<\/p>\n<p>&nbsp;<\/p>\n<p>&nbsp;<\/p>\n<p>&nbsp;<\/p>\n","protected":false},"excerpt":{"rendered":"<p>NAF mahdollistaa verkostoitumisen paikallisella, kansallisella ja pohjoismaisella tasolla Pohjoismaiden hallinnollinen liitto (Nordiska Administrativa F\u00f6rbundet, NAF) koostuu viidest\u00e4 kansallisesta osastosta, jotka toimivat Tanskassa, Ruotsissa, Norjassa, Islannissa ja Suomessa. Liiton kokonaisj\u00e4senm\u00e4\u00e4r\u00e4 on noin 2 000. NAF:in Suomen osasto j\u00e4rjest\u00e4\u00e4 vuosittain erilaisia tapahtumia ja teemakokouksia. Perinteeksi muodostuneissa lounaskokouksissa eri alojen asiantuntijat alustavat ajankohtaisista yhteiskunnallisista tai oikeudellisista teemoista, mink\u00e4 &hellip; <\/p>\n<p class=\"link-more\"><a href=\"https:\/\/blogs2.abo.fi\/statsvetardagarna2021\/sponsorit\/\" class=\"more-link\">Forts\u00e4tt l\u00e4sa<span class=\"screen-reader-text\"> \u201dSponsorit\u201d<\/span><\/a><\/p>\n","protected":false},"author":573,"featured_media":0,"parent":0,"menu_order":0,"comment_status":"closed","ping_status":"closed","template":"","meta":{"footnotes":""},"class_list":["post-348","page","type-page","status-publish","hentry"],"_links":{"self":[{"href":"https:\/\/blogs2.abo.fi\/statsvetardagarna2021\/wp-json\/wp\/v2\/pages\/348","targetHints":{"allow":["GET"]}}],"collection":[{"href":"https:\/\/blogs2.abo.fi\/statsvetardagarna2021\/wp-json\/wp\/v2\/pages"}],"about":[{"href":"https:\/\/blogs2.abo.fi\/statsvetardagarna2021\/wp-json\/wp\/v2\/types\/page"}],"author":[{"embeddable":true,"href":"https:\/\/blogs2.abo.fi\/statsvetardagarna2021\/wp-json\/wp\/v2\/users\/573"}],"replies":[{"embeddable":true,"href":"https:\/\/blogs2.abo.fi\/statsvetardagarna2021\/wp-json\/wp\/v2\/comments?post=348"}],"version-history":[{"count":19,"href":"https:\/\/blogs2.abo.fi\/statsvetardagarna2021\/wp-json\/wp\/v2\/pages\/348\/revisions"}],"predecessor-version":[{"id":632,"href":"https:\/\/blogs2.abo.fi\/statsvetardagarna2021\/wp-json\/wp\/v2\/pages\/348\/revisions\/632"}],"wp:attachment":[{"href":"https:\/\/blogs2.abo.fi\/statsvetardagarna2021\/wp-json\/wp\/v2\/media?parent=348"}],"curies":[{"name":"wp","href":"https:\/\/api.w.org\/{rel}","templated":true}]}}