{"id":245,"date":"2021-02-15T08:53:12","date_gmt":"2021-02-15T08:53:12","guid":{"rendered":"http:\/\/blogs2.abo.fi\/statsvetardagarna2021\/?page_id=245"},"modified":"2021-05-10T08:00:47","modified_gmt":"2021-05-10T08:00:47","slug":"osallistumismaksut","status":"publish","type":"page","link":"https:\/\/blogs2.abo.fi\/statsvetardagarna2021\/osallistumismaksut\/","title":{"rendered":"Osallistumismaksut"},"content":{"rendered":"<p><span data-contrast=\"auto\">Politiikan<\/span><span data-contrast=\"auto\">\u00a0<\/span><span data-contrast=\"auto\">tutkimuksen<\/span><span data-contrast=\"auto\">\u00a0<\/span><span data-contrast=\"auto\">p\u00e4iville<\/span><span data-contrast=\"auto\">\u00a0<\/span><span data-contrast=\"auto\">osallistuminen<\/span><span data-contrast=\"auto\">\u00a0on\u00a0<\/span><span data-contrast=\"auto\">il<\/span><span data-contrast=\"auto\">maista<\/span><span data-contrast=\"auto\">\u00a0<\/span><span data-contrast=\"auto\">seuraavissa<\/span><span data-contrast=\"auto\"><br \/>\n<\/span><span data-contrast=\"auto\">tapauksissa<\/span><span data-contrast=\"auto\">:<\/span><span data-ccp-props=\"{&quot;201341983&quot;:0,&quot;335559739&quot;:160,&quot;335559740&quot;:259}\">\u00a0<\/span><\/p>\n<ul>\n<li><span data-contrast=\"auto\">Valtiotieteellisen<\/span><span data-contrast=\"auto\">yhdistyksen<\/span><span data-contrast=\"auto\">\u00a0<\/span><span data-contrast=\"auto\">j\u00e4senille<\/span><span data-contrast=\"auto\">,\u00a0<\/span><span data-contrast=\"auto\">my\u00f6s<\/span><span data-contrast=\"auto\">\u00a0<\/span><span data-contrast=\"auto\">jatko-opiskelijat<\/span><\/li>\n<li><span data-contrast=\"auto\">Ty\u00f6ryhm\u00e4n<\/span><span data-contrast=\"auto\">vet\u00e4jille<\/span><span data-ccp-props=\"{&quot;201341983&quot;:0,&quot;335559739&quot;:160,&quot;335559740&quot;:240}\">\u00a0<\/span><\/li>\n<li><span data-contrast=\"auto\">Kandidaatti<\/span><span data-contrast=\"auto\">&#8211; ja <\/span><span data-contrast=\"auto\">maisteriopiskelijoille<\/span><span data-ccp-props=\"{&quot;201341983&quot;:0,&quot;335559739&quot;:160,&quot;335559740&quot;:240}\">\u00a0<\/span><\/li>\n<li><span data-contrast=\"auto\">Pohjoismaiden<\/span><span data-contrast=\"auto\">hallinnollisen<\/span><span data-contrast=\"auto\">\u00a0<\/span><span data-contrast=\"auto\">liiton<\/span><span data-contrast=\"auto\">\u00a0<\/span><span data-contrast=\"auto\">Suomen<\/span><span data-contrast=\"auto\">\u00a0<\/span><span data-contrast=\"auto\">osasto<\/span><span data-contrast=\"auto\">\u00a0<\/span><span data-contrast=\"auto\">ry:n<\/span><span data-contrast=\"auto\">\u00a0<\/span><span data-contrast=\"auto\">j\u00e4senille<\/span><span data-ccp-props=\"{&quot;201341983&quot;:0,&quot;335559739&quot;:160,&quot;335559740&quot;:240}\">\u00a0<\/span><\/li>\n<\/ul>\n<p><span data-ccp-props=\"{&quot;201341983&quot;:0,&quot;335559739&quot;:160,&quot;335559740&quot;:259}\">\u00a0<\/span><span data-contrast=\"auto\">Muussa<\/span><span data-contrast=\"auto\">\u00a0<\/span><span data-contrast=\"auto\">tapauksessa<\/span><span data-contrast=\"auto\">\u00a0<\/span><span data-contrast=\"auto\">osallistuminen<\/span><span data-contrast=\"auto\">\u00a0on\u00a0<\/span><span data-contrast=\"auto\">maksullista:<\/span><span data-ccp-props=\"{&quot;201341983&quot;:0,&quot;335559739&quot;:160,&quot;335559740&quot;:259}\">\u00a0<\/span><\/p>\n<p><span data-contrast=\"auto\">Yleinen <\/span><span data-contrast=\"auto\">osallistumismaksu on<\/span><span data-contrast=\"auto\">\u00a0100<\/span><span data-contrast=\"auto\">\u00a0<\/span><span data-contrast=\"auto\">euroa<\/span><span data-ccp-props=\"{&quot;201341983&quot;:0,&quot;335559739&quot;:160,&quot;335559740&quot;:259}\"><br \/>\n<\/span><span data-contrast=\"auto\">Jatko-opiskelijan <\/span><span data-contrast=\"auto\">osallistumismaksu<\/span><span data-contrast=\"auto\"> on 80<\/span><span data-contrast=\"auto\">\u00a0<\/span><span data-contrast=\"auto\">euroa<\/span><span data-ccp-props=\"{&quot;201341983&quot;:0,&quot;335559739&quot;:160,&quot;335559740&quot;:259}\">\u00a0<\/span><\/p>\n<p>Osallistumismaksut maksetaan tilille FI62 4730 0010 5451 83 (Huom! Uusi tilinumero)<br \/>\nVastaanottaja: Valtiotieteellinen yhdistys ry<br \/>\nViite: 52621<\/p>\n<div>Ilmoittautuminen on sitova eik\u00e4 maksuja palauteta.<\/div>\n","protected":false},"excerpt":{"rendered":"<p>Politiikan\u00a0tutkimuksen\u00a0p\u00e4iville\u00a0osallistuminen\u00a0on\u00a0ilmaista\u00a0seuraavissa tapauksissa:\u00a0 Valtiotieteellisenyhdistyksen\u00a0j\u00e4senille,\u00a0my\u00f6s\u00a0jatko-opiskelijat Ty\u00f6ryhm\u00e4nvet\u00e4jille\u00a0 Kandidaatti&#8211; ja maisteriopiskelijoille\u00a0 Pohjoismaidenhallinnollisen\u00a0liiton\u00a0Suomen\u00a0osasto\u00a0ry:n\u00a0j\u00e4senille\u00a0 \u00a0Muussa\u00a0tapauksessa\u00a0osallistuminen\u00a0on\u00a0maksullista:\u00a0 Yleinen osallistumismaksu on\u00a0100\u00a0euroa Jatko-opiskelijan osallistumismaksu on 80\u00a0euroa\u00a0 Osallistumismaksut maksetaan tilille FI62 4730 0010 5451 83 (Huom! Uusi tilinumero) Vastaanottaja: Valtiotieteellinen yhdistys ry Viite: 52621 Ilmoittautuminen on sitova eik\u00e4 maksuja palauteta.<\/p>\n","protected":false},"author":573,"featured_media":0,"parent":0,"menu_order":0,"comment_status":"closed","ping_status":"closed","template":"","meta":{"footnotes":""},"class_list":["post-245","page","type-page","status-publish","hentry"],"_links":{"self":[{"href":"https:\/\/blogs2.abo.fi\/statsvetardagarna2021\/wp-json\/wp\/v2\/pages\/245","targetHints":{"allow":["GET"]}}],"collection":[{"href":"https:\/\/blogs2.abo.fi\/statsvetardagarna2021\/wp-json\/wp\/v2\/pages"}],"about":[{"href":"https:\/\/blogs2.abo.fi\/statsvetardagarna2021\/wp-json\/wp\/v2\/types\/page"}],"author":[{"embeddable":true,"href":"https:\/\/blogs2.abo.fi\/statsvetardagarna2021\/wp-json\/wp\/v2\/users\/573"}],"replies":[{"embeddable":true,"href":"https:\/\/blogs2.abo.fi\/statsvetardagarna2021\/wp-json\/wp\/v2\/comments?post=245"}],"version-history":[{"count":4,"href":"https:\/\/blogs2.abo.fi\/statsvetardagarna2021\/wp-json\/wp\/v2\/pages\/245\/revisions"}],"predecessor-version":[{"id":725,"href":"https:\/\/blogs2.abo.fi\/statsvetardagarna2021\/wp-json\/wp\/v2\/pages\/245\/revisions\/725"}],"wp:attachment":[{"href":"https:\/\/blogs2.abo.fi\/statsvetardagarna2021\/wp-json\/wp\/v2\/media?parent=245"}],"curies":[{"name":"wp","href":"https:\/\/api.w.org\/{rel}","templated":true}]}}