{"id":243,"date":"2021-02-15T08:53:05","date_gmt":"2021-02-15T08:53:05","guid":{"rendered":"http:\/\/blogs2.abo.fi\/statsvetardagarna2021\/?page_id=243"},"modified":"2021-03-30T08:32:46","modified_gmt":"2021-03-30T08:32:46","slug":"information-for-deltagare","status":"publish","type":"page","link":"https:\/\/blogs2.abo.fi\/statsvetardagarna2021\/information-for-deltagare\/","title":{"rendered":"Information f\u00f6r deltagare"},"content":{"rendered":"<p>H\u00e4r hittar du mera information om Statsvetardagarna.<\/p>\n<p>Om du har fr\u00e5gor g\u00e4llande evenemanget kan du kontakta organisationskommitt\u00e9s sekreterare (janette.huttunen[a]abo.fi).<\/p>\n","protected":false},"excerpt":{"rendered":"<p>H\u00e4r hittar du mera information om Statsvetardagarna. Om du har fr\u00e5gor g\u00e4llande evenemanget kan du kontakta organisationskommitt\u00e9s sekreterare (janette.huttunen[a]abo.fi).<\/p>\n","protected":false},"author":573,"featured_media":0,"parent":0,"menu_order":0,"comment_status":"closed","ping_status":"closed","template":"","meta":{"footnotes":""},"class_list":["post-243","page","type-page","status-publish","hentry"],"_links":{"self":[{"href":"https:\/\/blogs2.abo.fi\/statsvetardagarna2021\/wp-json\/wp\/v2\/pages\/243","targetHints":{"allow":["GET"]}}],"collection":[{"href":"https:\/\/blogs2.abo.fi\/statsvetardagarna2021\/wp-json\/wp\/v2\/pages"}],"about":[{"href":"https:\/\/blogs2.abo.fi\/statsvetardagarna2021\/wp-json\/wp\/v2\/types\/page"}],"author":[{"embeddable":true,"href":"https:\/\/blogs2.abo.fi\/statsvetardagarna2021\/wp-json\/wp\/v2\/users\/573"}],"replies":[{"embeddable":true,"href":"https:\/\/blogs2.abo.fi\/statsvetardagarna2021\/wp-json\/wp\/v2\/comments?post=243"}],"version-history":[{"count":4,"href":"https:\/\/blogs2.abo.fi\/statsvetardagarna2021\/wp-json\/wp\/v2\/pages\/243\/revisions"}],"predecessor-version":[{"id":362,"href":"https:\/\/blogs2.abo.fi\/statsvetardagarna2021\/wp-json\/wp\/v2\/pages\/243\/revisions\/362"}],"wp:attachment":[{"href":"https:\/\/blogs2.abo.fi\/statsvetardagarna2021\/wp-json\/wp\/v2\/media?parent=243"}],"curies":[{"name":"wp","href":"https:\/\/api.w.org\/{rel}","templated":true}]}}