{"id":238,"date":"2021-02-15T08:52:59","date_gmt":"2021-02-15T08:52:59","guid":{"rendered":"http:\/\/blogs2.abo.fi\/statsvetardagarna2021\/?page_id=238"},"modified":"2021-03-30T08:31:25","modified_gmt":"2021-03-30T08:31:25","slug":"infoa-osallistujille","status":"publish","type":"page","link":"https:\/\/blogs2.abo.fi\/statsvetardagarna2021\/infoa-osallistujille\/","title":{"rendered":"Infoa osallistujille"},"content":{"rendered":"<p>T\u00e4\u00e4lt\u00e4 l\u00f6yd\u00e4t lis\u00e4tietoa Politiikan tutkimuksen p\u00e4ivist\u00e4.<\/p>\n<p>Mik\u00e4li sinulla on kysymyksi\u00e4 tapahtumaan liittyen, olethan yhteydess\u00e4\u00a0 j\u00e4rjestelykomitean sihteeriin (janette.huttunen[a]abo.fi).<\/p>\n","protected":false},"excerpt":{"rendered":"<p>T\u00e4\u00e4lt\u00e4 l\u00f6yd\u00e4t lis\u00e4tietoa Politiikan tutkimuksen p\u00e4ivist\u00e4. Mik\u00e4li sinulla on kysymyksi\u00e4 tapahtumaan liittyen, olethan yhteydess\u00e4\u00a0 j\u00e4rjestelykomitean sihteeriin (janette.huttunen[a]abo.fi).<\/p>\n","protected":false},"author":573,"featured_media":0,"parent":0,"menu_order":0,"comment_status":"closed","ping_status":"closed","template":"","meta":{"footnotes":""},"class_list":["post-238","page","type-page","status-publish","hentry"],"_links":{"self":[{"href":"https:\/\/blogs2.abo.fi\/statsvetardagarna2021\/wp-json\/wp\/v2\/pages\/238","targetHints":{"allow":["GET"]}}],"collection":[{"href":"https:\/\/blogs2.abo.fi\/statsvetardagarna2021\/wp-json\/wp\/v2\/pages"}],"about":[{"href":"https:\/\/blogs2.abo.fi\/statsvetardagarna2021\/wp-json\/wp\/v2\/types\/page"}],"author":[{"embeddable":true,"href":"https:\/\/blogs2.abo.fi\/statsvetardagarna2021\/wp-json\/wp\/v2\/users\/573"}],"replies":[{"embeddable":true,"href":"https:\/\/blogs2.abo.fi\/statsvetardagarna2021\/wp-json\/wp\/v2\/comments?post=238"}],"version-history":[{"count":3,"href":"https:\/\/blogs2.abo.fi\/statsvetardagarna2021\/wp-json\/wp\/v2\/pages\/238\/revisions"}],"predecessor-version":[{"id":360,"href":"https:\/\/blogs2.abo.fi\/statsvetardagarna2021\/wp-json\/wp\/v2\/pages\/238\/revisions\/360"}],"wp:attachment":[{"href":"https:\/\/blogs2.abo.fi\/statsvetardagarna2021\/wp-json\/wp\/v2\/media?parent=238"}],"curies":[{"name":"wp","href":"https:\/\/api.w.org\/{rel}","templated":true}]}}