{"id":227,"date":"2021-02-15T08:28:15","date_gmt":"2021-02-15T08:28:15","guid":{"rendered":"http:\/\/blogs2.abo.fi\/statsvetardagarna2021\/?page_id=227"},"modified":"2021-04-22T07:43:12","modified_gmt":"2021-04-22T07:43:12","slug":"monday-may-10th-early-scholars-workshop","status":"publish","type":"page","link":"https:\/\/blogs2.abo.fi\/statsvetardagarna2021\/monday-may-10th-early-scholars-workshop\/","title":{"rendered":"Early Scholars\u2019 Workshop &#8211; Monday May 10th"},"content":{"rendered":"<p><strong>Early Scholars&#8217; Workshop &#8211; Monday May 10th\u00a0<\/strong><\/p>\n<p>Timetable:<\/p>\n<p><strong>WORKSHOP 1: 10:00\u201311:30<\/strong><\/p>\n<p>Chair: <strong>Mikko Vesterinen<\/strong><\/p>\n<p>Discussant<strong>: Hanna-Mari Kivist\u00f6 <\/strong><em>(University Teacher, University of Jyv\u00e4skyl\u00e4)<\/em><\/p>\n<p><strong>Maria Annala: <\/strong><em>Trumpin hy\u00f6kk\u00e4ys demokratiaa vastaan: Vaalivilppimallin kehittely\u00e4<\/em><\/p>\n<p><strong>Mikko Tujula: <\/strong><em>Tulevaisuusverstaan mahdollisuudet kouludemokratian toteuttamisen v\u00e4lineen\u00e4\u00a0 <\/em><\/p>\n<p><strong>Teemu Lari: <\/strong><em>Tiedollisten arvojen vaikutus tieteelliseen pluralismiin ja tiedon poliittisuuteen<\/em><\/p>\n<p><strong>WORKSHOP 2: 12:00\u201313:30<\/strong><\/p>\n<p>Chair:<strong> Aino Tiihonen<\/strong><\/p>\n<p>Discussant:<strong> Elina Kestil\u00e4-Kekkonen <\/strong><em>(Tenure Track Professor, Tampere University)<\/em><\/p>\n<p><strong>Veikko Isotalo<\/strong><\/p>\n<p><strong>Mikko Vesterinen: <\/strong><em>Puolueiden alue- ja kaupunkipolitiikka 2010-luvulla<\/em><\/p>\n<p><strong>Jenni Sipil\u00e4: <\/strong><em>Kuntien johtavien viranhaltijoiden kokemuksia poliittisenp\u00e4\u00e4t\u00f6ksenteon valmisteluty\u00f6st\u00e4<\/em><\/p>\n<p><strong>WORKSHOP 3: 14:00\u201316:00<\/strong><\/p>\n<p>Chair:<strong> Samuel Lindholm<\/strong><\/p>\n<p>Discussant:<strong> Tapio Raunio <\/strong><em>(Professor, Tampere University)<\/em><\/p>\n<p><strong>Zhen Im: <\/strong><em>Electoral responses to automation: the conditional impact of employment contracts and social policy solutions<\/em><\/p>\n<p><strong>Valeria Caras: <\/strong><em>Trust in governments during the COVID-19 pandemic: attributing responsibility and revealing the determinants<\/em><\/p>\n<p><strong>Svenja Scholz: <\/strong><em>How to save European democracy?: A frame analysis of the European Commission\u2019s democracy discourse in 2005 and 2020<\/em><\/p>\n<p><strong>Marwa Mamdouh-Salem:<\/strong><em> The Rise of Illiberal Democracies in Post-Revolutionary State<\/em><\/p>\n<p>&nbsp;<\/p>\n<p><strong>Early Scholars Network \u2013 ESN<\/strong><\/p>\n<p>The Early Scholars Network (ESN) is the Finnish Political Science Association\u2019s platform that connects emerging political scientists from across Finland. We welcome doctoral students\/researchers, other early career scholars such as postdocs, and anyone looking to become a researcher in the field of political science. The network operates in English in order to include the maximum number of people.<\/p>\n<p>The platform offers opportunities for networking and presenting your work in relaxed workshops. We also organize informal coffee sessions during which we share information regarding topical issues such as publishing, applying for grants, and academic work. Join our\u00a0<a href=\"https:\/\/mailchi.mp\/438cfa70bd2e\/esn\">email list<\/a>\u00a0and\u00a0<a href=\"https:\/\/www.facebook.com\/groups\/383898752871571\">Facebook group<\/a>\u00a0in order to receive the latest news about upcoming events.<\/p>\n<p>For more information contact the network coordinators:<\/p>\n<p>Samuel Lindholm\u00a0\u00a0\u00a0\u00a0 <a href=\"mailto:firstname.j.lastname@jyu.fi\">firstname.j.lastname@jyu.fi<\/a><br \/>\nMikko Vesterinen\u00a0\u00a0\u00a0 \u00a0<a href=\"mailto:firstname.lastname@tuni.fi\">firstname.lastname@tuni.fi<\/a><br \/>\nAino Tiihonen\u00a0 \u00a0 \u00a0 \u00a0 \u00a0 \u00a0\u00a0<a href=\"mailto:firstname.lastname@tuni.fi\">firstname.lastname@tuni.fi<\/a><\/p>\n","protected":false},"excerpt":{"rendered":"<p>Early Scholars&#8217; Workshop &#8211; Monday May 10th\u00a0 Timetable: WORKSHOP 1: 10:00\u201311:30 Chair: Mikko Vesterinen Discussant: Hanna-Mari Kivist\u00f6 (University Teacher, University of Jyv\u00e4skyl\u00e4) Maria Annala: Trumpin hy\u00f6kk\u00e4ys demokratiaa vastaan: Vaalivilppimallin kehittely\u00e4 Mikko Tujula: Tulevaisuusverstaan mahdollisuudet kouludemokratian toteuttamisen v\u00e4lineen\u00e4\u00a0 Teemu Lari: Tiedollisten arvojen vaikutus tieteelliseen pluralismiin ja tiedon poliittisuuteen WORKSHOP 2: 12:00\u201313:30 Chair: Aino Tiihonen Discussant: Elina &hellip; <\/p>\n<p class=\"link-more\"><a href=\"https:\/\/blogs2.abo.fi\/statsvetardagarna2021\/monday-may-10th-early-scholars-workshop\/\" class=\"more-link\">Forts\u00e4tt l\u00e4sa<span class=\"screen-reader-text\"> \u201dEarly Scholars\u2019 Workshop &#8211; Monday May 10th\u201d<\/span><\/a><\/p>\n","protected":false},"author":573,"featured_media":0,"parent":0,"menu_order":0,"comment_status":"closed","ping_status":"closed","template":"","meta":{"footnotes":""},"class_list":["post-227","page","type-page","status-publish","hentry"],"_links":{"self":[{"href":"https:\/\/blogs2.abo.fi\/statsvetardagarna2021\/wp-json\/wp\/v2\/pages\/227","targetHints":{"allow":["GET"]}}],"collection":[{"href":"https:\/\/blogs2.abo.fi\/statsvetardagarna2021\/wp-json\/wp\/v2\/pages"}],"about":[{"href":"https:\/\/blogs2.abo.fi\/statsvetardagarna2021\/wp-json\/wp\/v2\/types\/page"}],"author":[{"embeddable":true,"href":"https:\/\/blogs2.abo.fi\/statsvetardagarna2021\/wp-json\/wp\/v2\/users\/573"}],"replies":[{"embeddable":true,"href":"https:\/\/blogs2.abo.fi\/statsvetardagarna2021\/wp-json\/wp\/v2\/comments?post=227"}],"version-history":[{"count":10,"href":"https:\/\/blogs2.abo.fi\/statsvetardagarna2021\/wp-json\/wp\/v2\/pages\/227\/revisions"}],"predecessor-version":[{"id":533,"href":"https:\/\/blogs2.abo.fi\/statsvetardagarna2021\/wp-json\/wp\/v2\/pages\/227\/revisions\/533"}],"wp:attachment":[{"href":"https:\/\/blogs2.abo.fi\/statsvetardagarna2021\/wp-json\/wp\/v2\/media?parent=227"}],"curies":[{"name":"wp","href":"https:\/\/api.w.org\/{rel}","templated":true}]}}