{"id":213,"date":"2021-02-12T08:44:25","date_gmt":"2021-02-12T08:44:25","guid":{"rendered":"http:\/\/blogs2.abo.fi\/statsvetardagarna2021\/?page_id=213"},"modified":"2021-02-12T08:44:25","modified_gmt":"2021-02-12T08:44:25","slug":"paivien-teema","status":"publish","type":"page","link":"https:\/\/blogs2.abo.fi\/statsvetardagarna2021\/paivien-teema\/","title":{"rendered":"P\u00e4ivien teema"},"content":{"rendered":"<p><span data-contrast=\"auto\">Valtiotieteellisen yhdistyksen vuosittainen p\u00e4\u00e4tapahtuma Politiikan tutkimuksen p\u00e4iv\u00e4t j\u00e4r<\/span><span data-contrast=\"auto\">jestet\u00e4\u00e4n \u00c5bo Akademin koordinoimana<\/span><span data-contrast=\"auto\">\u00a0<\/span><span data-contrast=\"auto\">10.\u201312. toukokuuta<\/span><span data-contrast=\"auto\">\u00a0202<\/span><span data-contrast=\"auto\">1.\u00a0<\/span><span data-contrast=\"auto\">P<\/span><span data-contrast=\"auto\">\u00e4iv\u00e4t j\u00e4rjestet\u00e4<\/span><span data-contrast=\"auto\">\u00e4n virtuaalisesti Covid-19 \u2013tilanteen takia<\/span><span data-contrast=\"auto\">. Haluamme t\u00e4ten luoda<\/span><span data-contrast=\"auto\">\u00a0mahdollisuuden\u00a0<\/span><span data-contrast=\"auto\">uusimpien tutkimustulosten esittelyyn\u00a0<\/span><span data-contrast=\"auto\">ja yhteiskunnalliseen keskusteluun<\/span><span data-contrast=\"auto\">\u00a0koronatilanteesta huolimatta<\/span><span data-contrast=\"auto\">.<\/span><span data-ccp-props=\"{&quot;201341983&quot;:0,&quot;335559739&quot;:200,&quot;335559740&quot;:276}\">\u00a0<\/span><\/p>\n<p><span data-contrast=\"auto\">Vuonna 2021 p<\/span><span data-contrast=\"auto\">\u00e4ivien<\/span><span data-contrast=\"auto\">\u00a0teemana on<\/span><span data-contrast=\"auto\">\u00a0<\/span><span data-contrast=\"auto\">&#8221;Demokratian kriisi ja tulevaisuus&#8221;.<\/span><span data-ccp-props=\"{&quot;201341983&quot;:0,&quot;335559739&quot;:200,&quot;335559740&quot;:276}\">\u00a0<\/span><\/p>\n<p><span data-contrast=\"auto\">Luottamus demokratiaan<\/span><span data-contrast=\"auto\">\u00a0on<\/span><span data-contrast=\"auto\">\u00a0laskenut moni<\/span><span data-contrast=\"auto\">lla mittareilla. Demokraattisten normien rikkomisesta on tullut yh\u00e4 yleisemp\u00e4<\/span><span data-contrast=\"auto\">\u00e4, my\u00f6s vakiintuneissa demokratioissa. <\/span><span data-contrast=\"auto\">Liberaalidemokraatti<\/span><span data-contrast=\"auto\">nen <\/span><span data-contrast=\"auto\">maailmanj\u00e4rjestys on my\u00f6s haastettuna. <\/span><span data-contrast=\"auto\">To<\/span><span data-contrast=\"auto\">isaalta kansalaisten poliittinen osallistuminen <\/span><span data-contrast=\"auto\">on <\/span><span data-contrast=\"auto\">saanut <\/span><span data-contrast=\"auto\">uusi<\/span><span data-contrast=\"auto\">a muotoja monissa maissa<\/span><span data-contrast=\"auto\">.\u00a0<\/span><span data-ccp-props=\"{&quot;201341983&quot;:0,&quot;335559739&quot;:200,&quot;335559740&quot;:276}\">\u00a0<\/span><\/p>\n<p><span data-contrast=\"auto\">Mik\u00e4 on <\/span><span data-contrast=\"auto\">demokratian <\/span><span data-contrast=\"auto\">tulevaisuus? Miten <\/span><span data-contrast=\"auto\">demokraattisia p\u00e4\u00e4t\u00f6ksentekomenetelmi\u00e4 <\/span><span data-contrast=\"auto\">voisi uudistaa vastaamaan <\/span><span data-contrast=\"auto\">nykyisiin <\/span><span data-contrast=\"auto\">haaste<\/span><span data-contrast=\"auto\">isiin? <\/span><span data-contrast=\"auto\">M<\/span><span data-contrast=\"auto\">i<\/span><span data-contrast=\"auto\">llaisia <\/span><span data-contrast=\"auto\">vaikut<\/span><span data-contrast=\"auto\">uksia <\/span><span data-contrast=\"auto\">liberaalin maailmanj\u00e4rjestyksen mahdollisilla muutoksilla <\/span><span data-contrast=\"auto\">o<\/span><span data-contrast=\"auto\">n <\/span><span data-contrast=\"auto\">maailmanpolitiikkaan<\/span><span data-contrast=\"auto\">?<\/span><span data-ccp-props=\"{&quot;201341983&quot;:0,&quot;335559739&quot;:200,&quot;335559740&quot;:276}\">\u00a0<\/span><\/p>\n","protected":false},"excerpt":{"rendered":"<p>Valtiotieteellisen yhdistyksen vuosittainen p\u00e4\u00e4tapahtuma Politiikan tutkimuksen p\u00e4iv\u00e4t j\u00e4rjestet\u00e4\u00e4n \u00c5bo Akademin koordinoimana\u00a010.\u201312. toukokuuta\u00a02021.\u00a0P\u00e4iv\u00e4t j\u00e4rjestet\u00e4\u00e4n virtuaalisesti Covid-19 \u2013tilanteen takia. Haluamme t\u00e4ten luoda\u00a0mahdollisuuden\u00a0uusimpien tutkimustulosten esittelyyn\u00a0ja yhteiskunnalliseen keskusteluun\u00a0koronatilanteesta huolimatta.\u00a0 Vuonna 2021 p\u00e4ivien\u00a0teemana on\u00a0&#8221;Demokratian kriisi ja tulevaisuus&#8221;.\u00a0 Luottamus demokratiaan\u00a0on\u00a0laskenut monilla mittareilla. Demokraattisten normien rikkomisesta on tullut yh\u00e4 yleisemp\u00e4\u00e4, my\u00f6s vakiintuneissa demokratioissa. Liberaalidemokraattinen maailmanj\u00e4rjestys on my\u00f6s haastettuna. Toisaalta kansalaisten poliittinen osallistuminen &hellip; <\/p>\n<p class=\"link-more\"><a href=\"https:\/\/blogs2.abo.fi\/statsvetardagarna2021\/paivien-teema\/\" class=\"more-link\">Forts\u00e4tt l\u00e4sa<span class=\"screen-reader-text\"> \u201dP\u00e4ivien teema\u201d<\/span><\/a><\/p>\n","protected":false},"author":573,"featured_media":0,"parent":0,"menu_order":0,"comment_status":"closed","ping_status":"closed","template":"","meta":{"footnotes":""},"class_list":["post-213","page","type-page","status-publish","hentry"],"_links":{"self":[{"href":"https:\/\/blogs2.abo.fi\/statsvetardagarna2021\/wp-json\/wp\/v2\/pages\/213","targetHints":{"allow":["GET"]}}],"collection":[{"href":"https:\/\/blogs2.abo.fi\/statsvetardagarna2021\/wp-json\/wp\/v2\/pages"}],"about":[{"href":"https:\/\/blogs2.abo.fi\/statsvetardagarna2021\/wp-json\/wp\/v2\/types\/page"}],"author":[{"embeddable":true,"href":"https:\/\/blogs2.abo.fi\/statsvetardagarna2021\/wp-json\/wp\/v2\/users\/573"}],"replies":[{"embeddable":true,"href":"https:\/\/blogs2.abo.fi\/statsvetardagarna2021\/wp-json\/wp\/v2\/comments?post=213"}],"version-history":[{"count":1,"href":"https:\/\/blogs2.abo.fi\/statsvetardagarna2021\/wp-json\/wp\/v2\/pages\/213\/revisions"}],"predecessor-version":[{"id":214,"href":"https:\/\/blogs2.abo.fi\/statsvetardagarna2021\/wp-json\/wp\/v2\/pages\/213\/revisions\/214"}],"wp:attachment":[{"href":"https:\/\/blogs2.abo.fi\/statsvetardagarna2021\/wp-json\/wp\/v2\/media?parent=213"}],"curies":[{"name":"wp","href":"https:\/\/api.w.org\/{rel}","templated":true}]}}