{"id":211,"date":"2021-02-12T08:43:49","date_gmt":"2021-02-12T08:43:49","guid":{"rendered":"http:\/\/blogs2.abo.fi\/statsvetardagarna2021\/?page_id=211"},"modified":"2021-02-12T08:44:54","modified_gmt":"2021-02-12T08:44:54","slug":"tema","status":"publish","type":"page","link":"https:\/\/blogs2.abo.fi\/statsvetardagarna2021\/tema\/","title":{"rendered":"Evenemangets tema"},"content":{"rendered":"<p>Statsvetenskapliga f\u00f6reningens \u00e5rliga huvudevenemang Statsvetardagarna ordnas 10\u201312 maj 2021. Evenemanget, som koordineras av \u00c5bo Akademi, arrangeras virtuellt p\u00e5 grund av covid-19. Vi vill erbjuda en m\u00f6jlighet att presentera nya forskningsresultat och delta i den samh\u00e4lleliga debatten trots den r\u00e5dande pandemin.<\/p>\n<p>Temat f\u00f6r evenemanget \u00e4r \u201dDemokratins kris och framtid\u201d.<\/p>\n<p>Flera indikatorer visar att f\u00f6rtroendet f\u00f6r demokratin p\u00e5 ett globalt plan har sjunkit. Demokratiska normer rivs upp p\u00e5 m\u00e5nga h\u00e5ll i v\u00e4rlden, \u00e4ven i etablerade demokratier. Den liberala demokratiska v\u00e4rldsordningen st\u00e5r inf\u00f6r nya utmaningar. Samtidigt har nya former av politiskt deltagande vuxit fram i m\u00e5nga l\u00e4nder.<\/p>\n<p>Hur ser demokratins framtid ut? Hur kan man f\u00f6rnya demokratiskt beslutsfattande f\u00f6r att m\u00f6ta aktuella och kommande utmaningar? Om den liberala demokratiska samh\u00e4llsmodellen f\u00f6rsvagas, hur kommer det att s\u00e4tta sin pr\u00e4gel p\u00e5 v\u00e4rldspolitiken?<\/p>\n","protected":false},"excerpt":{"rendered":"<p>Statsvetenskapliga f\u00f6reningens \u00e5rliga huvudevenemang Statsvetardagarna ordnas 10\u201312 maj 2021. Evenemanget, som koordineras av \u00c5bo Akademi, arrangeras virtuellt p\u00e5 grund av covid-19. Vi vill erbjuda en m\u00f6jlighet att presentera nya forskningsresultat och delta i den samh\u00e4lleliga debatten trots den r\u00e5dande pandemin. Temat f\u00f6r evenemanget \u00e4r \u201dDemokratins kris och framtid\u201d. Flera indikatorer visar att f\u00f6rtroendet f\u00f6r demokratin &hellip; <\/p>\n<p class=\"link-more\"><a href=\"https:\/\/blogs2.abo.fi\/statsvetardagarna2021\/tema\/\" class=\"more-link\">Forts\u00e4tt l\u00e4sa<span class=\"screen-reader-text\"> \u201dEvenemangets tema\u201d<\/span><\/a><\/p>\n","protected":false},"author":573,"featured_media":0,"parent":0,"menu_order":0,"comment_status":"closed","ping_status":"closed","template":"","meta":{"footnotes":""},"class_list":["post-211","page","type-page","status-publish","hentry"],"_links":{"self":[{"href":"https:\/\/blogs2.abo.fi\/statsvetardagarna2021\/wp-json\/wp\/v2\/pages\/211","targetHints":{"allow":["GET"]}}],"collection":[{"href":"https:\/\/blogs2.abo.fi\/statsvetardagarna2021\/wp-json\/wp\/v2\/pages"}],"about":[{"href":"https:\/\/blogs2.abo.fi\/statsvetardagarna2021\/wp-json\/wp\/v2\/types\/page"}],"author":[{"embeddable":true,"href":"https:\/\/blogs2.abo.fi\/statsvetardagarna2021\/wp-json\/wp\/v2\/users\/573"}],"replies":[{"embeddable":true,"href":"https:\/\/blogs2.abo.fi\/statsvetardagarna2021\/wp-json\/wp\/v2\/comments?post=211"}],"version-history":[{"count":2,"href":"https:\/\/blogs2.abo.fi\/statsvetardagarna2021\/wp-json\/wp\/v2\/pages\/211\/revisions"}],"predecessor-version":[{"id":216,"href":"https:\/\/blogs2.abo.fi\/statsvetardagarna2021\/wp-json\/wp\/v2\/pages\/211\/revisions\/216"}],"wp:attachment":[{"href":"https:\/\/blogs2.abo.fi\/statsvetardagarna2021\/wp-json\/wp\/v2\/media?parent=211"}],"curies":[{"name":"wp","href":"https:\/\/api.w.org\/{rel}","templated":true}]}}