{"id":204,"date":"2021-02-15T08:49:35","date_gmt":"2021-02-15T08:49:35","guid":{"rendered":"http:\/\/blogs2.abo.fi\/statsvetardagarna2021\/?page_id=204"},"modified":"2021-03-22T14:01:34","modified_gmt":"2021-03-22T14:01:34","slug":"call-for-papers-sve","status":"publish","type":"page","link":"https:\/\/blogs2.abo.fi\/statsvetardagarna2021\/call-for-papers-sve\/","title":{"rendered":"Call for papers"},"content":{"rendered":"<p><span data-contrast=\"auto\">F\u00f6resl\u00e5 ett papper till\u00a0<\/span><span data-contrast=\"auto\">n\u00e5gon av\u00a0<\/span><span data-contrast=\"auto\">Statsvetardagarna<\/span><span data-contrast=\"auto\">s arbetsgrupper<\/span><span data-contrast=\"auto\"> senast <strong>14.3.2021.<\/strong> F\u00f6rslaget b\u00f6r inneh\u00e5lla papprets namn\/rubrik, abstra<\/span><span data-contrast=\"auto\">k<\/span><span data-contrast=\"auto\">t (max 300 ord) och dina kontaktuppgifter. Skicka ditt f\u00f6rslag direkt till arbetsgruppens ordf\u00f6rande.<\/span><span data-ccp-props=\"{&quot;134233117&quot;:true,&quot;134233118&quot;:true,&quot;201341983&quot;:0,&quot;335559740&quot;:240}\">\u00a0<\/span><\/p>\n<p><span data-contrast=\"auto\">A<\/span><span data-contrast=\"auto\">rbetsgruppernas namn <\/span><span data-contrast=\"auto\">hittar du\u00a0<\/span><span data-contrast=\"auto\">l\u00e4ngre ner<\/span><span data-contrast=\"auto\">.\u00a0<\/span><\/p>\n<p><span data-contrast=\"auto\">De som\u00a0<\/span><span data-contrast=\"auto\">b<\/span><span data-contrast=\"auto\">livit antagn<\/span><span data-contrast=\"auto\">a<\/span><span data-contrast=\"auto\">\u00a0inform<\/span><span data-contrast=\"auto\">eras\u00a0<\/span><span data-contrast=\"auto\">senast\u00a0<\/span><span data-contrast=\"auto\">31.3<\/span><span data-contrast=\"auto\">.\u00a0<\/span><span data-ccp-props=\"{&quot;134233117&quot;:true,&quot;134233118&quot;:true,&quot;201341983&quot;:0,&quot;335559740&quot;:240}\">\u00a0<\/span><\/p>\n<p><span data-contrast=\"auto\">Ytterligare\u00a0<\/span><span data-contrast=\"auto\">information om Statsvetardagarna och arbetsgrupperna f\u00e5<\/span><span data-contrast=\"auto\">s f<\/span><span data-contrast=\"auto\">r\u00e5n evenemangets sekreterare Janette Huttunen (<a href=\"mailto:janette.huttunen@abo.fi\">janette.huttunen@abo.fi<\/a>)<\/span><span data-contrast=\"auto\">\u00a0eller direkt fr\u00e5n\u00a0arbetsgrupp<\/span><span data-contrast=\"auto\">ernas\u00a0<\/span><span data-contrast=\"auto\">ordf\u00f6randen.\u00a0<\/span><span data-ccp-props=\"{&quot;134233117&quot;:true,&quot;134233118&quot;:true,&quot;201341983&quot;:0,&quot;335559740&quot;:240}\">\u00a0<\/span><\/p>\n<p><strong>Arbetsgrupperna<\/strong><\/p>\n<ol>\n<li data-leveltext=\"%1.\" data-font=\"Calibri\" data-listid=\"1\" data-aria-posinset=\"1\" data-aria-level=\"1\"><span data-contrast=\"none\">Democra<\/span><span data-contrast=\"none\">tic\u202fand Undemocratic Resistance<\/span><span data-ccp-props=\"{&quot;134233279&quot;:true,&quot;201341983&quot;:0,&quot;335559739&quot;:160,&quot;335559740&quot;:259}\">\u00a0<\/span><\/li>\n<li data-leveltext=\"%1.\" data-font=\"Calibri\" data-listid=\"1\" data-aria-posinset=\"1\" data-aria-level=\"1\"><span data-contrast=\"none\">Yhdistyneiden kansakuntien\u202flegitimiteetti ja ylikansalliset haasteet<\/span><\/li>\n<li data-leveltext=\"%1.\" data-font=\"Calibri\" data-listid=\"1\" data-aria-posinset=\"1\" data-aria-level=\"1\"><span data-ccp-props=\"{&quot;134233279&quot;:true,&quot;201341983&quot;:0,&quot;335559739&quot;:160,&quot;335559740&quot;:259}\">D<\/span><span data-contrast=\"none\">emocracy in Middle-Income Countries<\/span><span data-ccp-props=\"{&quot;134233279&quot;:true,&quot;201341983&quot;:0,&quot;335559739&quot;:160,&quot;335559740&quot;:259}\">\u00a0<\/span><\/li>\n<li data-leveltext=\"%1.\" data-font=\"Calibri\" data-listid=\"1\" data-aria-posinset=\"1\" data-aria-level=\"1\"><span data-contrast=\"none\">Mets\u00e4t ja politiikka<\/span><span data-ccp-props=\"{&quot;134233279&quot;:true,&quot;201341983&quot;:0,&quot;335559739&quot;:160,&quot;335559740&quot;:259}\">\u00a0<\/span><\/li>\n<li data-leveltext=\"%1.\" data-font=\"Calibri\" data-listid=\"1\" data-aria-posinset=\"1\" data-aria-level=\"1\"><span data-contrast=\"none\">Demokratian ja oikeusvaltion kriisi<\/span><\/li>\n<li data-leveltext=\"%1.\" data-font=\"Calibri\" data-listid=\"1\" data-aria-posinset=\"1\" data-aria-level=\"1\"><span data-contrast=\"none\">Political discourse, colliding futures, and deliberative democracy<\/span><span data-ccp-props=\"{&quot;134233279&quot;:true,&quot;201341983&quot;:0,&quot;335559739&quot;:160,&quot;335559740&quot;:259}\">\u00a0<\/span><\/li>\n<li data-leveltext=\"%1.\" data-font=\"Calibri\" data-listid=\"1\" data-aria-posinset=\"1\" data-aria-level=\"1\"><span data-contrast=\"none\">European integration in Finland and beyond<\/span><span data-ccp-props=\"{&quot;134233279&quot;:true,&quot;201341983&quot;:0,&quot;335559739&quot;:160,&quot;335559740&quot;:259}\">\u00a0<\/span><\/li>\n<li data-leveltext=\"%1.\" data-font=\"Calibri\" data-listid=\"1\" data-aria-posinset=\"1\" data-aria-level=\"1\"><span data-contrast=\"none\">Tiedon, asiantuntijuuden ja politiikan\u202fj\u00e4nnitteiset suhteet<\/span><span data-ccp-props=\"{&quot;134233279&quot;:true,&quot;201341983&quot;:0,&quot;335559739&quot;:160,&quot;335559740&quot;:259}\">\u00a0<\/span><\/li>\n<li data-leveltext=\"%1.\" data-font=\"Calibri\" data-listid=\"1\" data-aria-posinset=\"1\" data-aria-level=\"1\"><span data-contrast=\"none\">Poliittisen k\u00e4ytt\u00e4ytymisen tutkimus<\/span><span data-ccp-props=\"{&quot;134233279&quot;:true,&quot;201341983&quot;:0,&quot;335559739&quot;:160,&quot;335559740&quot;:259}\">\u00a0<\/span><\/li>\n<li data-leveltext=\"%1.\" data-font=\"Calibri\" data-listid=\"1\" data-aria-posinset=\"1\" data-aria-level=\"1\"><span data-contrast=\"none\">Sotilaall<\/span><span data-contrast=\"none\">isen turvallisuuden poliittiset <\/span><span data-contrast=\"none\">kysymykset <\/span><span data-contrast=\"none\">(<\/span><span data-contrast=\"none\">Political <\/span><span data-contrast=\"none\">Questions <\/span><span data-contrast=\"none\">of <\/span><span data-contrast=\"none\">Military <\/span><span data-contrast=\"none\">Security)<\/span><span data-ccp-props=\"{&quot;134233279&quot;:true,&quot;201341983&quot;:0,&quot;335559739&quot;:160,&quot;335559740&quot;:259}\">\u00a0<\/span><\/li>\n<li data-leveltext=\"%1.\" data-font=\"Calibri\" data-listid=\"1\" data-aria-posinset=\"1\" data-aria-level=\"1\"><span data-contrast=\"auto\">Democracy in motion \u2013 future perspective.<\/span><span data-ccp-props=\"{&quot;134233279&quot;:true,&quot;201341983&quot;:0,&quot;335559739&quot;:160,&quot;335559740&quot;:259}\">\u00a0<\/span><\/li>\n<li data-leveltext=\"%1.\" data-font=\"Calibri\" data-listid=\"1\" data-aria-posinset=\"1\" data-aria-level=\"1\"><span data-contrast=\"none\">The\u202fcredibility\u202fof political messages<\/span><span data-ccp-props=\"{&quot;134233279&quot;:true,&quot;201341983&quot;:0,&quot;335559739&quot;:160,&quot;335559740&quot;:259}\">\u00a0<\/span><\/li>\n<li data-leveltext=\"%1.\" data-font=\"Calibri\" data-listid=\"1\" data-aria-posinset=\"1\" data-aria-level=\"1\"><span data-contrast=\"none\">Alustatalous \u2013 demokratian uudelleen\u202freititt\u00e4j\u00e4?<\/span><span data-ccp-props=\"{&quot;134233279&quot;:true,&quot;201341983&quot;:0,&quot;335559739&quot;:160,&quot;335559740&quot;:259}\">\u00a0<\/span><\/li>\n<li data-leveltext=\"%1.\" data-font=\"Calibri\" data-listid=\"1\" data-aria-posinset=\"1\" data-aria-level=\"1\"><span data-contrast=\"none\">Designed\u202fCoupling:\u202flinking\u202fdemocratic innovations\u202fto\u202ftraditional sites of\u00a0<\/span><span data-contrast=\"none\">power<\/span><span data-ccp-props=\"{&quot;134233279&quot;:true,&quot;201341983&quot;:0,&quot;335559739&quot;:160,&quot;335559740&quot;:259}\">\u00a0<\/span><\/li>\n<li data-leveltext=\"%1.\" data-font=\"Calibri\" data-listid=\"1\" data-aria-posinset=\"1\" data-aria-level=\"1\"><span data-contrast=\"none\">Youth political efficacy and civic engagement<\/span><span data-ccp-props=\"{&quot;134233279&quot;:true,&quot;201341983&quot;:0,&quot;335559739&quot;:160,&quot;335559740&quot;:259}\">\u00a0<\/span><\/li>\n<li data-leveltext=\"%1.\" data-font=\"Calibri\" data-listid=\"1\" data-aria-posinset=\"1\" data-aria-level=\"1\"><span data-contrast=\"none\">Hegemony<\/span><span data-contrast=\"none\">\u00a0in\u00a0<\/span><span data-contrast=\"none\">the<\/span><span data-contrast=\"none\">\u00a0<\/span><span data-contrast=\"none\">era<\/span><span data-contrast=\"none\">\u00a0of\u00a0<\/span><span data-contrast=\"none\">populism<\/span><span data-contrast=\"none\">\u00a0&#8211;\u00a0<\/span><span data-contrast=\"none\">Hegemonia populismin aikakaudella<\/span><span data-ccp-props=\"{&quot;134233279&quot;:true,&quot;201341983&quot;:0,&quot;335559739&quot;:160,&quot;335559740&quot;:259}\">\u00a0<\/span><\/li>\n<li data-leveltext=\"%1.\" data-font=\"Calibri\" data-listid=\"1\" data-aria-posinset=\"1\" data-aria-level=\"1\"><span data-contrast=\"none\">The\u00a0<\/span><span data-contrast=\"none\">politics<\/span><span data-contrast=\"none\">\u00a0<\/span><span data-contrast=\"none\">of<\/span><span data-contrast=\"none\">\u00a0<\/span><span data-contrast=\"none\">technology<\/span><span data-contrast=\"none\">:\u00a0<\/span><span data-contrast=\"none\">challenges<\/span><span data-contrast=\"none\">\u00a0and\u00a0<\/span><span data-contrast=\"none\">opportunities<\/span><span data-contrast=\"none\">\u00a0for<br \/>\n<\/span><span data-contrast=\"none\">democracy<\/span><span data-ccp-props=\"{&quot;134233279&quot;:true,&quot;201341983&quot;:0,&quot;335559739&quot;:160,&quot;335559740&quot;:259}\">\u00a0<\/span><\/li>\n<\/ol>\n<p>Du hittar arbetsgruppernas ordf\u00f6randenas kontaktuppgifter fr\u00e5n ovanst\u00e5ende l\u00e4nk.<\/p>\n<p><em>OBS: Att f\u00f6rsl\u00e5 ett papper till Early Scholars&#8217; Workshop p\u00e5 m\u00e5ndag 10.5. utesluter inte m\u00f6jligheten att f\u00f6resl\u00e5 ett papper till en annan arbetsgrupp. F\u00f6r mera information: \u00a0<a href=\"http:\/\/blogs2.abo.fi\/statsvetardagarna2021\/monday-may-10th-early-scholars-workshop\/\">Early Scholars\u2019 Workshop.\u00a0<\/a><\/em><\/p>\n","protected":false},"excerpt":{"rendered":"<p>F\u00f6resl\u00e5 ett papper till\u00a0n\u00e5gon av\u00a0Statsvetardagarnas arbetsgrupper senast 14.3.2021. F\u00f6rslaget b\u00f6r inneh\u00e5lla papprets namn\/rubrik, abstrakt (max 300 ord) och dina kontaktuppgifter. Skicka ditt f\u00f6rslag direkt till arbetsgruppens ordf\u00f6rande.\u00a0 Arbetsgruppernas namn hittar du\u00a0l\u00e4ngre ner.\u00a0 De som\u00a0blivit antagna\u00a0informeras\u00a0senast\u00a031.3.\u00a0\u00a0 Ytterligare\u00a0information om Statsvetardagarna och arbetsgrupperna f\u00e5s fr\u00e5n evenemangets sekreterare Janette Huttunen (janette.huttunen@abo.fi)\u00a0eller direkt fr\u00e5n\u00a0arbetsgruppernas\u00a0ordf\u00f6randen.\u00a0\u00a0 Arbetsgrupperna Democratic\u202fand Undemocratic Resistance\u00a0 Yhdistyneiden kansakuntien\u202flegitimiteetti &hellip; <\/p>\n<p class=\"link-more\"><a href=\"https:\/\/blogs2.abo.fi\/statsvetardagarna2021\/call-for-papers-sve\/\" class=\"more-link\">Forts\u00e4tt l\u00e4sa<span class=\"screen-reader-text\"> \u201dCall for papers\u201d<\/span><\/a><\/p>\n","protected":false},"author":573,"featured_media":0,"parent":0,"menu_order":0,"comment_status":"closed","ping_status":"closed","template":"","meta":{"footnotes":""},"class_list":["post-204","page","type-page","status-publish","hentry"],"_links":{"self":[{"href":"https:\/\/blogs2.abo.fi\/statsvetardagarna2021\/wp-json\/wp\/v2\/pages\/204","targetHints":{"allow":["GET"]}}],"collection":[{"href":"https:\/\/blogs2.abo.fi\/statsvetardagarna2021\/wp-json\/wp\/v2\/pages"}],"about":[{"href":"https:\/\/blogs2.abo.fi\/statsvetardagarna2021\/wp-json\/wp\/v2\/types\/page"}],"author":[{"embeddable":true,"href":"https:\/\/blogs2.abo.fi\/statsvetardagarna2021\/wp-json\/wp\/v2\/users\/573"}],"replies":[{"embeddable":true,"href":"https:\/\/blogs2.abo.fi\/statsvetardagarna2021\/wp-json\/wp\/v2\/comments?post=204"}],"version-history":[{"count":12,"href":"https:\/\/blogs2.abo.fi\/statsvetardagarna2021\/wp-json\/wp\/v2\/pages\/204\/revisions"}],"predecessor-version":[{"id":340,"href":"https:\/\/blogs2.abo.fi\/statsvetardagarna2021\/wp-json\/wp\/v2\/pages\/204\/revisions\/340"}],"wp:attachment":[{"href":"https:\/\/blogs2.abo.fi\/statsvetardagarna2021\/wp-json\/wp\/v2\/media?parent=204"}],"curies":[{"name":"wp","href":"https:\/\/api.w.org\/{rel}","templated":true}]}}