{"id":190,"date":"2021-01-22T10:31:29","date_gmt":"2021-01-22T10:31:29","guid":{"rendered":"http:\/\/blogs2.abo.fi\/statsvetardagarna2021\/?page_id=190"},"modified":"2021-05-06T08:11:20","modified_gmt":"2021-05-06T08:11:20","slug":"program","status":"publish","type":"page","link":"https:\/\/blogs2.abo.fi\/statsvetardagarna2021\/program\/","title":{"rendered":"Program"},"content":{"rendered":"<p><strong>M\u00e5ndag 10.5.2021<\/strong><\/p>\n<p>10.00 &#8211; 15.00 <a href=\"https:\/\/blogs2.abo.fi\/statsvetardagarna2021\/monday-may-10th-early-scholars-workshop\/\">Early Scholars\u2019 Workshop<\/a><\/p>\n<p>16.00 &#8211; <a href=\"https:\/\/blogs2.abo.fi\/statsvetardagarna2021\/valkomstord\/\">V\u00e4lkomstord<\/a> och <a href=\"http:\/\/blogs2.abo.fi\/statsvetardagarna2021\/key-note-the-two-faces-of-trust-aka-the-cautionary-tale-of-little-red-riding-hood-bypippa-norris\/\">Keynote-f\u00f6rel\u00e4sning<\/a><\/p>\n<p><strong>Tisdag 11.5.2021<\/strong><\/p>\n<p>9.30 &#8211; 10.30 <a href=\"https:\/\/blogs2.abo.fi\/statsvetardagarna2021\/gradupalkinto-ja-politiikka-lehden-toimituksen-esittely\/\">Presentation av Politiikka-tidningens redaktion och utdelning av pro gradu-pris<\/a><\/p>\n<p>11 &#8211; 12.30 <a href=\"https:\/\/vty.fi\/en\/pro-et-contra-goes-public-launch-event-of-new-book-series\/\">Pro et Contra Goes Public &#8211; Launch event of new book series<\/a><\/p>\n<p>14.00 &#8211; 17.00 <a href=\"http:\/\/blogs2.abo.fi\/statsvetardagarna2021\/tyoryhmat-tiistai\/\">Arbetsgrupper<\/a><\/p>\n<p>19.00 <a href=\"https:\/\/blogs2.abo.fi\/statsvetardagarna2021\/statsvetenskapliga-foreningens-kvallsprogram-vtyn-iltaohjelma-fpsa-evening-programme\/\">Statsvetenskapliga f\u00f6reningens kv\u00e4llsprogram<\/a><\/p>\n<p><strong>Onsdag 12.5.2021<\/strong><\/p>\n<p>9.00 &#8211; 12.00 <a href=\"http:\/\/blogs2.abo.fi\/statsvetardagarna2021\/tyoryhmat-keskiviikko\/\">Arbetsgrupper<\/a><\/p>\n<p>13.00 &#8211; 14.30 <a href=\"http:\/\/blogs2.abo.fi\/statsvetardagarna2021\/beyond-the-politiikasta-fi-liberal-peace-theory-democracy-and-security-in-a-posthumanist-perspective\/\">Politiikasta.fi -paneldiskussion<\/a><\/p>\n","protected":false},"excerpt":{"rendered":"<p>M\u00e5ndag 10.5.2021 10.00 &#8211; 15.00 Early Scholars\u2019 Workshop 16.00 &#8211; V\u00e4lkomstord och Keynote-f\u00f6rel\u00e4sning Tisdag 11.5.2021 9.30 &#8211; 10.30 Presentation av Politiikka-tidningens redaktion och utdelning av pro gradu-pris 11 &#8211; 12.30 Pro et Contra Goes Public &#8211; Launch event of new book series 14.00 &#8211; 17.00 Arbetsgrupper 19.00 Statsvetenskapliga f\u00f6reningens kv\u00e4llsprogram Onsdag 12.5.2021 9.00 &#8211; 12.00 &hellip; <\/p>\n<p class=\"link-more\"><a href=\"https:\/\/blogs2.abo.fi\/statsvetardagarna2021\/program\/\" class=\"more-link\">Forts\u00e4tt l\u00e4sa<span class=\"screen-reader-text\"> \u201dProgram\u201d<\/span><\/a><\/p>\n","protected":false},"author":573,"featured_media":0,"parent":0,"menu_order":0,"comment_status":"closed","ping_status":"closed","template":"","meta":{"footnotes":""},"class_list":["post-190","page","type-page","status-publish","hentry"],"_links":{"self":[{"href":"https:\/\/blogs2.abo.fi\/statsvetardagarna2021\/wp-json\/wp\/v2\/pages\/190","targetHints":{"allow":["GET"]}}],"collection":[{"href":"https:\/\/blogs2.abo.fi\/statsvetardagarna2021\/wp-json\/wp\/v2\/pages"}],"about":[{"href":"https:\/\/blogs2.abo.fi\/statsvetardagarna2021\/wp-json\/wp\/v2\/types\/page"}],"author":[{"embeddable":true,"href":"https:\/\/blogs2.abo.fi\/statsvetardagarna2021\/wp-json\/wp\/v2\/users\/573"}],"replies":[{"embeddable":true,"href":"https:\/\/blogs2.abo.fi\/statsvetardagarna2021\/wp-json\/wp\/v2\/comments?post=190"}],"version-history":[{"count":14,"href":"https:\/\/blogs2.abo.fi\/statsvetardagarna2021\/wp-json\/wp\/v2\/pages\/190\/revisions"}],"predecessor-version":[{"id":705,"href":"https:\/\/blogs2.abo.fi\/statsvetardagarna2021\/wp-json\/wp\/v2\/pages\/190\/revisions\/705"}],"wp:attachment":[{"href":"https:\/\/blogs2.abo.fi\/statsvetardagarna2021\/wp-json\/wp\/v2\/media?parent=190"}],"curies":[{"name":"wp","href":"https:\/\/api.w.org\/{rel}","templated":true}]}}