{"id":987,"date":"2025-12-19T17:05:46","date_gmt":"2025-12-19T15:05:46","guid":{"rendered":"https:\/\/blogs2.abo.fi\/sprakresurs\/?page_id=987"},"modified":"2025-12-19T17:05:46","modified_gmt":"2025-12-19T15:05:46","slug":"kartlaggning-av-tandem-2025","status":"publish","type":"page","link":"https:\/\/blogs2.abo.fi\/sprakresurs\/kartlaggning-av-tandem-2025\/","title":{"rendered":"Kartl\u00e4ggning av tandem 2025"},"content":{"rendered":"<p><a href=\"http:\/\/blogs2.abo.fi\/sprakresurs\/wp-content\/uploads\/sites\/156\/2025\/12\/Rapport_Kartlaggning-av-tandem-i-Finland-2025.pdf\" target=\"_blank\" rel=\"noopener\"><img loading=\"lazy\" decoding=\"async\" class=\"aligncenter wp-image-995\" src=\"http:\/\/blogs2.abo.fi\/sprakresurs\/wp-content\/uploads\/sites\/156\/2025\/12\/Kartlaggning-over-tandem-2025_parmbild-1-224x300.png\" alt=\"\" width=\"240\" height=\"321\" srcset=\"https:\/\/blogs2.abo.fi\/sprakresurs\/wp-content\/uploads\/sites\/156\/2025\/12\/Kartlaggning-over-tandem-2025_parmbild-1-224x300.png 224w, https:\/\/blogs2.abo.fi\/sprakresurs\/wp-content\/uploads\/sites\/156\/2025\/12\/Kartlaggning-over-tandem-2025_parmbild-1.png 540w\" sizes=\"auto, (max-width: 240px) 100vw, 240px\" \/><\/a><\/p>\n<p style=\"text-align: center\">Klicka p\u00e5 bilden f\u00f6r att \u00f6ppna rapporten.<\/p>\n","protected":false},"excerpt":{"rendered":"<p>Klicka p\u00e5 bilden f\u00f6r att \u00f6ppna rapporten.<\/p>\n","protected":false},"author":409,"featured_media":0,"parent":0,"menu_order":0,"comment_status":"closed","ping_status":"closed","template":"","meta":{"footnotes":""},"class_list":["post-987","page","type-page","status-publish","hentry"],"_links":{"self":[{"href":"https:\/\/blogs2.abo.fi\/sprakresurs\/wp-json\/wp\/v2\/pages\/987","targetHints":{"allow":["GET"]}}],"collection":[{"href":"https:\/\/blogs2.abo.fi\/sprakresurs\/wp-json\/wp\/v2\/pages"}],"about":[{"href":"https:\/\/blogs2.abo.fi\/sprakresurs\/wp-json\/wp\/v2\/types\/page"}],"author":[{"embeddable":true,"href":"https:\/\/blogs2.abo.fi\/sprakresurs\/wp-json\/wp\/v2\/users\/409"}],"replies":[{"embeddable":true,"href":"https:\/\/blogs2.abo.fi\/sprakresurs\/wp-json\/wp\/v2\/comments?post=987"}],"version-history":[{"count":8,"href":"https:\/\/blogs2.abo.fi\/sprakresurs\/wp-json\/wp\/v2\/pages\/987\/revisions"}],"predecessor-version":[{"id":998,"href":"https:\/\/blogs2.abo.fi\/sprakresurs\/wp-json\/wp\/v2\/pages\/987\/revisions\/998"}],"wp:attachment":[{"href":"https:\/\/blogs2.abo.fi\/sprakresurs\/wp-json\/wp\/v2\/media?parent=987"}],"curies":[{"name":"wp","href":"https:\/\/api.w.org\/{rel}","templated":true}]}}