{"id":976,"date":"2025-12-08T16:06:13","date_gmt":"2025-12-08T14:06:13","guid":{"rendered":"https:\/\/blogs2.abo.fi\/sprakresurs\/?page_id=976"},"modified":"2025-12-29T19:53:35","modified_gmt":"2025-12-29T17:53:35","slug":"undervisning-i-och-pa-frammande-sprak","status":"publish","type":"page","link":"https:\/\/blogs2.abo.fi\/sprakresurs\/undervisning-i-och-pa-frammande-sprak\/","title":{"rendered":"Undervisning i och p\u00e5 fr\u00e4mmande spr\u00e5k"},"content":{"rendered":"<p>P\u00e5 den h\u00e4r sidan hittar du material med fokus p\u00e5 spr\u00e5kundervisning i och p\u00e5 fr\u00e4mmande spr\u00e5k.<\/p>\n<p>Sidan \u00e4r under uppbyggnad men under rubriken Engagerande spr\u00e5kundervisning hittar du redan nu ett smakprov i form av exempel och material f\u00f6r tv\u00e5 undervisningssekvenser i engelska: ett kreativt skrivprojekt f\u00f6r \u00e5k 6 samt en tematisk helhet kring temat Environment f\u00f6r \u00e5k 9.<\/p>\n<p>Materialet kan fritt anv\u00e4ndas och anpassas- l\u00e5t dig inspireras!<\/p>\n","protected":false},"excerpt":{"rendered":"<p>P\u00e5 den h\u00e4r sidan hittar du material med fokus p\u00e5 spr\u00e5kundervisning i och p\u00e5 fr\u00e4mmande spr\u00e5k. Sidan \u00e4r under uppbyggnad men under rubriken Engagerande spr\u00e5kundervisning hittar du redan nu ett smakprov i form av exempel och material f\u00f6r tv\u00e5 undervisningssekvenser i engelska: ett kreativt skrivprojekt f\u00f6r \u00e5k 6 samt en tematisk helhet kring temat Environment &hellip; <a href=\"https:\/\/blogs2.abo.fi\/sprakresurs\/undervisning-i-och-pa-frammande-sprak\/\" class=\"more-link\">Forts\u00e4tt l\u00e4sa <span class=\"screen-reader-text\">Undervisning i och p\u00e5 fr\u00e4mmande spr\u00e5k<\/span><\/a><\/p>\n","protected":false},"author":409,"featured_media":0,"parent":0,"menu_order":0,"comment_status":"closed","ping_status":"closed","template":"","meta":{"footnotes":""},"class_list":["post-976","page","type-page","status-publish","hentry"],"_links":{"self":[{"href":"https:\/\/blogs2.abo.fi\/sprakresurs\/wp-json\/wp\/v2\/pages\/976","targetHints":{"allow":["GET"]}}],"collection":[{"href":"https:\/\/blogs2.abo.fi\/sprakresurs\/wp-json\/wp\/v2\/pages"}],"about":[{"href":"https:\/\/blogs2.abo.fi\/sprakresurs\/wp-json\/wp\/v2\/types\/page"}],"author":[{"embeddable":true,"href":"https:\/\/blogs2.abo.fi\/sprakresurs\/wp-json\/wp\/v2\/users\/409"}],"replies":[{"embeddable":true,"href":"https:\/\/blogs2.abo.fi\/sprakresurs\/wp-json\/wp\/v2\/comments?post=976"}],"version-history":[{"count":3,"href":"https:\/\/blogs2.abo.fi\/sprakresurs\/wp-json\/wp\/v2\/pages\/976\/revisions"}],"predecessor-version":[{"id":1019,"href":"https:\/\/blogs2.abo.fi\/sprakresurs\/wp-json\/wp\/v2\/pages\/976\/revisions\/1019"}],"wp:attachment":[{"href":"https:\/\/blogs2.abo.fi\/sprakresurs\/wp-json\/wp\/v2\/media?parent=976"}],"curies":[{"name":"wp","href":"https:\/\/api.w.org\/{rel}","templated":true}]}}