{"id":896,"date":"2023-11-09T14:44:03","date_gmt":"2023-11-09T12:44:03","guid":{"rendered":"https:\/\/blogs2.abo.fi\/sprakresurs\/?page_id=896"},"modified":"2025-05-13T16:09:48","modified_gmt":"2025-05-13T13:09:48","slug":"esimerkkitehtava-2-rakenna-esterata-tai-labyrintti-luova","status":"publish","type":"page","link":"https:\/\/blogs2.abo.fi\/sprakresurs\/sprakoverskridande-undervisning\/tandem\/digitaalisia-peleja-tandemissa\/esimerkkitehtava-2-rakenna-esterata-tai-labyrintti-luova\/","title":{"rendered":"Esimerkkiteht\u00e4v\u00e4 2: Rakenna esterata tai labyrintti &#8211; Luova"},"content":{"rendered":"<p><img loading=\"lazy\" decoding=\"async\" class=\"size-medium wp-image-881 alignright\" src=\"http:\/\/blogs2.abo.fi\/sprakresurs\/wp-content\/uploads\/sites\/156\/2023\/11\/hinderbana-300x153.png\" alt=\"\" width=\"300\" height=\"153\" srcset=\"https:\/\/blogs2.abo.fi\/sprakresurs\/wp-content\/uploads\/sites\/156\/2023\/11\/hinderbana-300x153.png 300w, https:\/\/blogs2.abo.fi\/sprakresurs\/wp-content\/uploads\/sites\/156\/2023\/11\/hinderbana-1024x521.png 1024w, https:\/\/blogs2.abo.fi\/sprakresurs\/wp-content\/uploads\/sites\/156\/2023\/11\/hinderbana-768x391.png 768w, https:\/\/blogs2.abo.fi\/sprakresurs\/wp-content\/uploads\/sites\/156\/2023\/11\/hinderbana.png 1472w\" sizes=\"auto, (max-width: 300px) 100vw, 300px\" \/>T\u00e4ss\u00e4 teht\u00e4v\u00e4ss\u00e4 tandemparien tulee rakentaa esterata tai labyrintti. Oppilaiden pit\u00e4\u00e4 siis tehd\u00e4 yhteisty\u00f6t\u00e4 toistensa kanssa ja tehd\u00e4 ennen teht\u00e4v\u00e4n aloittamista p\u00e4\u00e4t\u00f6s siit\u00e4, mit\u00e4 he aikovat rakentaa.<\/p>\n<p>Maailma on tasainen ilman ennalta p\u00e4\u00e4tetty\u00e4 siement\u00e4. Oppilaat rakentavat yhdess\u00e4 ja sopivat kesken\u00e4\u00e4n siit\u00e4, mit\u00e4 kuutioita he k\u00e4ytt\u00e4v\u00e4t. Samalla he sopivat esteradan tai labyrintin muodosta jne. Oppilaat voi neuvoa toimimaan laatimiemme ohjeiden mukaan tai vaihtoehtona on, ett\u00e4 he saavat rakentaa t\u00e4ysin vapaasti. Monen oppilaan oli melko helppo l\u00f6yt\u00e4\u00e4 omia ratkaisuja. Pelin heikommin tunteville oppilaille on aina kuitenkin hyv\u00e4 antaa lis\u00e4ohjeita, sill\u00e4 he voivat tarvita enemm\u00e4n apua.<\/p>\n<p>Kun oppilaat ovat rakentaneet ratansa tai labyrinttinsa valmiiksi, he haastavat muut tandemparit suorittamaan sen. T\u00e4m\u00e4 voi tapahtua ajanotolla tai ilman (ajanotto on hyv\u00e4 tapa harjoitella ajan ja lukujen ilmaisemista toisella kotimaisella kielell\u00e4). Oppilaille on hyv\u00e4 kertoa rakentamiseen k\u00e4ytett\u00e4v\u00e4st\u00e4 ajasta, jotta he my\u00f6s ehtiv\u00e4t haastaa jonkin toisen parin.<\/p>\n<p>Teht\u00e4v\u00e4ohjeistus on suunniteltu siten, ett\u00e4 siit\u00e4 on helppo tulostaa kaksipuoliset ohjeet niin, ett\u00e4 toisen puolen ohjeet ovat ruotsiksi ja toisen suomeksi. My\u00f6s lis\u00e4ohjeet tulostetaan kaksipuolisena paperina. Ensimm\u00e4inen sivu tulostetaan yksipuolisena ja on siksi sijoitettu viimeiseksi .<\/p>\n<p><a href=\"http:\/\/blogs2.abo.fi\/tandem\/wp-content\/uploads\/sites\/93\/2023\/11\/Bygga-hinderbana-eller-labyrint_tandem_sprakresurs.pdf\" target=\"_blank\" rel=\"noopener\">Teht\u00e4v\u00e4ohjeistus teht\u00e4v\u00e4\u00e4n Rakenna esterata tai labyrintti<\/a><\/p>\n<p>Teht\u00e4v\u00e4n ovat laatineet Sandra B\u00e4ck ja Katri Hansell, 2023.<br \/>\nK\u00e4\u00e4nn\u00f6s suomeksi: Jari L\u00f6f.<\/p>\n<pre>NOT AN OFFICIAL MINECRAFT PRODUCT. NOT APPROVED BY OR ASSOCIATED WITH MOJANG OR MICROSOFT.<\/pre>\n","protected":false},"excerpt":{"rendered":"<p>T\u00e4ss\u00e4 teht\u00e4v\u00e4ss\u00e4 tandemparien tulee rakentaa esterata tai labyrintti. Oppilaiden pit\u00e4\u00e4 siis tehd\u00e4 yhteisty\u00f6t\u00e4 toistensa kanssa ja tehd\u00e4 ennen teht\u00e4v\u00e4n aloittamista p\u00e4\u00e4t\u00f6s siit\u00e4, mit\u00e4 he aikovat rakentaa. Maailma on tasainen ilman ennalta p\u00e4\u00e4tetty\u00e4 siement\u00e4. Oppilaat rakentavat yhdess\u00e4 ja sopivat kesken\u00e4\u00e4n siit\u00e4, mit\u00e4 kuutioita he k\u00e4ytt\u00e4v\u00e4t. Samalla he sopivat esteradan tai labyrintin muodosta jne. Oppilaat voi neuvoa &hellip; <a href=\"https:\/\/blogs2.abo.fi\/sprakresurs\/sprakoverskridande-undervisning\/tandem\/digitaalisia-peleja-tandemissa\/esimerkkitehtava-2-rakenna-esterata-tai-labyrintti-luova\/\" class=\"more-link\">Forts\u00e4tt l\u00e4sa <span class=\"screen-reader-text\">Esimerkkiteht\u00e4v\u00e4 2: Rakenna esterata tai labyrintti &#8211; Luova<\/span><\/a><\/p>\n","protected":false},"author":409,"featured_media":0,"parent":867,"menu_order":2,"comment_status":"closed","ping_status":"closed","template":"","meta":{"footnotes":""},"class_list":["post-896","page","type-page","status-publish","hentry"],"_links":{"self":[{"href":"https:\/\/blogs2.abo.fi\/sprakresurs\/wp-json\/wp\/v2\/pages\/896","targetHints":{"allow":["GET"]}}],"collection":[{"href":"https:\/\/blogs2.abo.fi\/sprakresurs\/wp-json\/wp\/v2\/pages"}],"about":[{"href":"https:\/\/blogs2.abo.fi\/sprakresurs\/wp-json\/wp\/v2\/types\/page"}],"author":[{"embeddable":true,"href":"https:\/\/blogs2.abo.fi\/sprakresurs\/wp-json\/wp\/v2\/users\/409"}],"replies":[{"embeddable":true,"href":"https:\/\/blogs2.abo.fi\/sprakresurs\/wp-json\/wp\/v2\/comments?post=896"}],"version-history":[{"count":4,"href":"https:\/\/blogs2.abo.fi\/sprakresurs\/wp-json\/wp\/v2\/pages\/896\/revisions"}],"predecessor-version":[{"id":948,"href":"https:\/\/blogs2.abo.fi\/sprakresurs\/wp-json\/wp\/v2\/pages\/896\/revisions\/948"}],"up":[{"embeddable":true,"href":"https:\/\/blogs2.abo.fi\/sprakresurs\/wp-json\/wp\/v2\/pages\/867"}],"wp:attachment":[{"href":"https:\/\/blogs2.abo.fi\/sprakresurs\/wp-json\/wp\/v2\/media?parent=896"}],"curies":[{"name":"wp","href":"https:\/\/api.w.org\/{rel}","templated":true}]}}