{"id":628,"date":"2022-01-27T09:36:28","date_gmt":"2022-01-27T07:36:28","guid":{"rendered":"https:\/\/blogs2.abo.fi\/sprakresurs\/?page_id=628"},"modified":"2022-01-27T11:52:08","modified_gmt":"2022-01-27T09:52:08","slug":"material-aktiviteter","status":"publish","type":"page","link":"https:\/\/blogs2.abo.fi\/sprakresurs\/tidig-sprakundervisning\/material-aktiviteter\/","title":{"rendered":"Material\/aktiviteter"},"content":{"rendered":"<p><a href=\"https:\/\/jyx.jyu.fi\/handle\/123456789\/75443\"><img loading=\"lazy\" decoding=\"async\" class=\"size-medium wp-image-637 alignleft\" src=\"http:\/\/blogs2.abo.fi\/sprakresurs\/wp-content\/uploads\/sites\/156\/2022\/01\/iki_kansikuva-724x1024-2-212x300.png\" alt=\"\" width=\"212\" height=\"300\" srcset=\"https:\/\/blogs2.abo.fi\/sprakresurs\/wp-content\/uploads\/sites\/156\/2022\/01\/iki_kansikuva-724x1024-2-212x300.png 212w, https:\/\/blogs2.abo.fi\/sprakresurs\/wp-content\/uploads\/sites\/156\/2022\/01\/iki_kansikuva-724x1024-2.png 724w\" sizes=\"auto, (max-width: 212px) 100vw, 212px\" \/><\/a><\/p>\n<p>Handboken\u00a0<a href=\"https:\/\/jyx.jyu.fi\/handle\/123456789\/75443\"><em>Karta och Kompass f\u00f6r innovativ spr\u00e5kpedagogik: Steg p\u00e5 v\u00e4gen<\/em><\/a> har publicerats inom projektet IKI. En del av handboken kan l\u00e4sas ocks\u00e5 p\u00e5 <a href=\"https:\/\/jyx.jyu.fi\/handle\/123456789\/77470\">engelska<\/a>.<\/p>\n<p>Mer information om projektet hittas\u00a0<a href=\"https:\/\/www.kieliverkosto.fi\/fi\/kuulumisia-kentalta\/news\/uusi-kasikirja-kielikasvatukseen-ny-handbok-for-sprakpedagogik\">h\u00e4r<\/a>.<\/p>\n","protected":false},"excerpt":{"rendered":"<p>Handboken\u00a0Karta och Kompass f\u00f6r innovativ spr\u00e5kpedagogik: Steg p\u00e5 v\u00e4gen har publicerats inom projektet IKI. En del av handboken kan l\u00e4sas ocks\u00e5 p\u00e5 engelska. Mer information om projektet hittas\u00a0h\u00e4r.<\/p>\n","protected":false},"author":415,"featured_media":0,"parent":32,"menu_order":0,"comment_status":"closed","ping_status":"closed","template":"","meta":{"footnotes":""},"class_list":["post-628","page","type-page","status-publish","hentry"],"_links":{"self":[{"href":"https:\/\/blogs2.abo.fi\/sprakresurs\/wp-json\/wp\/v2\/pages\/628","targetHints":{"allow":["GET"]}}],"collection":[{"href":"https:\/\/blogs2.abo.fi\/sprakresurs\/wp-json\/wp\/v2\/pages"}],"about":[{"href":"https:\/\/blogs2.abo.fi\/sprakresurs\/wp-json\/wp\/v2\/types\/page"}],"author":[{"embeddable":true,"href":"https:\/\/blogs2.abo.fi\/sprakresurs\/wp-json\/wp\/v2\/users\/415"}],"replies":[{"embeddable":true,"href":"https:\/\/blogs2.abo.fi\/sprakresurs\/wp-json\/wp\/v2\/comments?post=628"}],"version-history":[{"count":3,"href":"https:\/\/blogs2.abo.fi\/sprakresurs\/wp-json\/wp\/v2\/pages\/628\/revisions"}],"predecessor-version":[{"id":645,"href":"https:\/\/blogs2.abo.fi\/sprakresurs\/wp-json\/wp\/v2\/pages\/628\/revisions\/645"}],"up":[{"embeddable":true,"href":"https:\/\/blogs2.abo.fi\/sprakresurs\/wp-json\/wp\/v2\/pages\/32"}],"wp:attachment":[{"href":"https:\/\/blogs2.abo.fi\/sprakresurs\/wp-json\/wp\/v2\/media?parent=628"}],"curies":[{"name":"wp","href":"https:\/\/api.w.org\/{rel}","templated":true}]}}