{"id":526,"date":"2021-11-02T10:59:10","date_gmt":"2021-11-02T08:59:10","guid":{"rendered":"https:\/\/blogs2.abo.fi\/sprakresurs\/?page_id=526"},"modified":"2023-06-22T13:39:02","modified_gmt":"2023-06-22T10:39:02","slug":"ak-7-9","status":"publish","type":"page","link":"https:\/\/blogs2.abo.fi\/sprakresurs\/modersmalsinriktad-undervisning\/mofi-banken\/ak-7-9\/","title":{"rendered":"\u00c5k 7\u20139"},"content":{"rendered":"<p><a href=\"http:\/\/blogs2.abo.fi\/sprakresurs\/wp-content\/uploads\/sites\/156\/2021\/11\/Ak-7-Satuprojekti.pdf\" target=\"_blank\" rel=\"noopener\">\u00c5k 7 Satuprojekti<\/a><\/p>\n<p><a href=\"http:\/\/blogs2.abo.fi\/sprakresurs\/wp-content\/uploads\/sites\/156\/2021\/11\/Ak-7-Skrivuppgift-Kotimaan-kaupungit.pdf\" target=\"_blank\" rel=\"noopener\">\u00c5k 7 Skrivuppgift &#8211; Kotimaan kaupungit<\/a><\/p>\n<p><a href=\"http:\/\/blogs2.abo.fi\/sprakresurs\/wp-content\/uploads\/sites\/156\/2021\/11\/Ak-7-Tehtava-Suomalainen-artisti-tai-bandi.pdf\" target=\"_blank\" rel=\"noopener\">\u00c5k 7 Teht\u00e4v\u00e4 &#8211; Suomalainen artisti tai b\u00e4ndi<\/a><\/p>\n<p><a href=\"http:\/\/blogs2.abo.fi\/sprakresurs\/wp-content\/uploads\/sites\/156\/2021\/11\/Ak-7\u20139-Boktips.pdf\" target=\"_blank\" rel=\"noopener\">\u00c5k 7\u20139 Boktips<\/a><\/p>\n<p><a href=\"http:\/\/blogs2.abo.fi\/sprakresurs\/wp-content\/uploads\/sites\/156\/2021\/11\/Ak-7\u20139-Kirjallisuuden-lajit-ryhmatyo-ja-arviointi.pdf\" target=\"_blank\" rel=\"noopener\">\u00c5k 7\u20139 Kirjallisuuden lajit &#8211; ryhm\u00e4ty\u00f6 ja arviointi<\/a><\/p>\n<p><a href=\"http:\/\/blogs2.abo.fi\/sprakresurs\/wp-content\/uploads\/sites\/156\/2021\/11\/Ak-7\u20139-Kirjavinkkeja-nuorille.pdf\" target=\"_blank\" rel=\"noopener\">\u00c5k 7\u20139 Kirjavinkkej\u00e4 nuorille<\/a><\/p>\n<p><a href=\"http:\/\/blogs2.abo.fi\/sprakresurs\/wp-content\/uploads\/sites\/156\/2021\/11\/Ak-7\u20139-Lukutehtava-neliosainen.pdf\" target=\"_blank\" rel=\"noopener\">\u00c5k 7\u20139 Lukuteht\u00e4v\u00e4 &#8211; neliosainen<\/a><\/p>\n<p><a href=\"http:\/\/blogs2.abo.fi\/sprakresurs\/wp-content\/uploads\/sites\/156\/2021\/11\/Ak-7\u20139-Millainen-lukija-olen.pdf\" target=\"_blank\" rel=\"noopener\">\u00c5k 7\u20139 Millainen lukija olen<\/a><\/p>\n<p><a href=\"http:\/\/blogs2.abo.fi\/sprakresurs\/wp-content\/uploads\/sites\/156\/2021\/11\/Ak-7\u20139-Uppgifter.pdf\" target=\"_blank\" rel=\"noopener\">\u00c5k 7\u20139 Uppgifter<\/a><\/p>\n<p><a href=\"http:\/\/blogs2.abo.fi\/sprakresurs\/wp-content\/uploads\/sites\/156\/2021\/11\/Ak-8\u20139-Lukupaivakirja.pdf\" target=\"_blank\" rel=\"noopener\">\u00c5k 8\u20139 Lukup\u00e4iv\u00e4kirja<\/a><\/p>\n<p><a href=\"http:\/\/blogs2.abo.fi\/sprakresurs\/wp-content\/uploads\/sites\/156\/2021\/11\/AK-9-Ammatillinen-koulutus.pdf\">\u00c5k 9 Ammatillinen koulutus<\/a><\/p>\n<p><a href=\"http:\/\/blogs2.abo.fi\/sprakresurs\/wp-content\/uploads\/sites\/156\/2021\/11\/Ak-9-Kirjallisuustehtava.pdf\" target=\"_blank\" rel=\"noopener\">\u00c5k 9 Kirjallisuusteht\u00e4v\u00e4<\/a><\/p>\n<p><a href=\"http:\/\/blogs2.abo.fi\/sprakresurs\/wp-content\/uploads\/sites\/156\/2021\/11\/Ak-9-Uppgift-arbetsansokan.pdf\" target=\"_blank\" rel=\"noopener\">\u00c5k 9 Uppgift \u2013 arbetsans\u00f6kan<\/a><\/p>\n<p>\u00c5k 9 Helhet med arbetslivet som tema f\u00f6r \u00e4mnes\u00f6verskridande undervisning:<\/p>\n<p style=\"padding-left: 40px\"><a href=\"http:\/\/blogs2.abo.fi\/sprakresurs\/wp-content\/uploads\/sites\/156\/2023\/06\/Mofi-Ak-9-Sekvensplan-Tyoelama-Amnesoverskridande-Sofia-Kaleva-Elisa-Niinisto.docx_.pdf\" target=\"_blank\" rel=\"noopener\">Sekvensplan &#8211; Arbetsliv\/Ty\u00f6el\u00e4m\u00e4<\/a><br \/>\n<a href=\"http:\/\/blogs2.abo.fi\/sprakresurs\/wp-content\/uploads\/sites\/156\/2023\/06\/MoFi-Ak-9-Tyoelama-projekti-PPT-Amnesoverskridande-Elisa-Niinisto-Sofia-Kelava-Vanda.pdf\" target=\"_blank\" rel=\"noopener\">Ty\u00f6el\u00e4m\u00e4-projektin PPT<\/a><br \/>\n<a href=\"http:\/\/blogs2.abo.fi\/sprakresurs\/wp-content\/uploads\/sites\/156\/2023\/06\/MoFi-Ak-9-Tyohaastattelun-arviointi-Amnesoverskridande-Kaleva-Niinisto.pdf\" target=\"_blank\" rel=\"noopener\">Bed\u00f6mning av arbetsintervju<\/a><br \/>\n<a href=\"http:\/\/blogs2.abo.fi\/sprakresurs\/wp-content\/uploads\/sites\/156\/2023\/06\/MoFi-Ak-9-Tyohaastattelun-pohja-Amnesoverskridande-Kaleva-Niinisto.pdf\" target=\"_blank\" rel=\"noopener\">Ty\u00f6haastattelun pohja<\/a><br \/>\n<a href=\"http:\/\/blogs2.abo.fi\/sprakresurs\/wp-content\/uploads\/sites\/156\/2023\/06\/MoFi-Ak-9-Tyopaikkailmoitus-Amnesoverskridande-Kaleva-Niinisto.pdf\" target=\"_blank\" rel=\"noopener\">Ty\u00f6paikkailmoitus<\/a><\/p>\n<p>&nbsp;<\/p>\n","protected":false},"excerpt":{"rendered":"<p>\u00c5k 7 Satuprojekti \u00c5k 7 Skrivuppgift &#8211; Kotimaan kaupungit \u00c5k 7 Teht\u00e4v\u00e4 &#8211; Suomalainen artisti tai b\u00e4ndi \u00c5k 7\u20139 Boktips \u00c5k 7\u20139 Kirjallisuuden lajit &#8211; ryhm\u00e4ty\u00f6 ja arviointi \u00c5k 7\u20139 Kirjavinkkej\u00e4 nuorille \u00c5k 7\u20139 Lukuteht\u00e4v\u00e4 &#8211; neliosainen \u00c5k 7\u20139 Millainen lukija olen \u00c5k 7\u20139 Uppgifter \u00c5k 8\u20139 Lukup\u00e4iv\u00e4kirja \u00c5k 9 Ammatillinen koulutus \u00c5k 9 Kirjallisuusteht\u00e4v\u00e4 &hellip; <a href=\"https:\/\/blogs2.abo.fi\/sprakresurs\/modersmalsinriktad-undervisning\/mofi-banken\/ak-7-9\/\" class=\"more-link\">Forts\u00e4tt l\u00e4sa <span class=\"screen-reader-text\">\u00c5k 7\u20139<\/span><\/a><\/p>\n","protected":false},"author":409,"featured_media":0,"parent":522,"menu_order":3,"comment_status":"closed","ping_status":"closed","template":"","meta":{"footnotes":""},"class_list":["post-526","page","type-page","status-publish","hentry"],"_links":{"self":[{"href":"https:\/\/blogs2.abo.fi\/sprakresurs\/wp-json\/wp\/v2\/pages\/526","targetHints":{"allow":["GET"]}}],"collection":[{"href":"https:\/\/blogs2.abo.fi\/sprakresurs\/wp-json\/wp\/v2\/pages"}],"about":[{"href":"https:\/\/blogs2.abo.fi\/sprakresurs\/wp-json\/wp\/v2\/types\/page"}],"author":[{"embeddable":true,"href":"https:\/\/blogs2.abo.fi\/sprakresurs\/wp-json\/wp\/v2\/users\/409"}],"replies":[{"embeddable":true,"href":"https:\/\/blogs2.abo.fi\/sprakresurs\/wp-json\/wp\/v2\/comments?post=526"}],"version-history":[{"count":10,"href":"https:\/\/blogs2.abo.fi\/sprakresurs\/wp-json\/wp\/v2\/pages\/526\/revisions"}],"predecessor-version":[{"id":845,"href":"https:\/\/blogs2.abo.fi\/sprakresurs\/wp-json\/wp\/v2\/pages\/526\/revisions\/845"}],"up":[{"embeddable":true,"href":"https:\/\/blogs2.abo.fi\/sprakresurs\/wp-json\/wp\/v2\/pages\/522"}],"wp:attachment":[{"href":"https:\/\/blogs2.abo.fi\/sprakresurs\/wp-json\/wp\/v2\/media?parent=526"}],"curies":[{"name":"wp","href":"https:\/\/api.w.org\/{rel}","templated":true}]}}