{"id":525,"date":"2021-11-02T10:59:10","date_gmt":"2021-11-02T08:59:10","guid":{"rendered":"https:\/\/blogs2.abo.fi\/sprakresurs\/?page_id=525"},"modified":"2023-06-13T12:42:22","modified_gmt":"2023-06-13T09:42:22","slug":"ak-1-6","status":"publish","type":"page","link":"https:\/\/blogs2.abo.fi\/sprakresurs\/modersmalsinriktad-undervisning\/mofi-banken\/ak-1-6\/","title":{"rendered":"\u00c5k 1\u20136"},"content":{"rendered":"<p><a href=\"http:\/\/blogs2.abo.fi\/sprakresurs\/wp-content\/uploads\/sites\/156\/2021\/11\/Kaboom-ohje.pdf\" target=\"_blank\" rel=\"noopener\">Kaboom ohje<\/a><\/p>\n<p><a href=\"http:\/\/blogs2.abo.fi\/sprakresurs\/wp-content\/uploads\/sites\/156\/2021\/11\/Kirjallisuutta-alakouluikaisille.pdf\" target=\"_blank\" rel=\"noopener\">Kirjallisuutta alakouluik\u00e4isille<\/a><\/p>\n<p><a href=\"http:\/\/blogs2.abo.fi\/sprakresurs\/wp-content\/uploads\/sites\/156\/2021\/11\/Powerpoint-vinkkeja-varhennettuun-kieltenopetukseen.pdf\" target=\"_blank\" rel=\"noopener\">Powerpoint vinkkej\u00e4 varhannettuun kieltenopetukseen<\/a><\/p>\n<p><a href=\"http:\/\/blogs2.abo.fi\/sprakresurs\/wp-content\/uploads\/sites\/156\/2021\/11\/Ak-1\u20132-Exempel-pa-en-helhetsplanering.pdf\" target=\"_blank\" rel=\"noopener\">\u00c5k 1\u20132 Exempel p\u00e5 en helhetsplanering<\/a><\/p>\n<p><a href=\"http:\/\/blogs2.abo.fi\/sprakresurs\/wp-content\/uploads\/sites\/156\/2021\/11\/Ak-1\u20132-Inspiration-till-aktiviteter.pdf\" target=\"_blank\" rel=\"noopener\">\u00c5k 1\u20132 Inspiration till aktiviteter<\/a><\/p>\n<p><a href=\"http:\/\/blogs2.abo.fi\/sprakresurs\/wp-content\/uploads\/sites\/156\/2021\/11\/Ak-1\u20132-Undervisningshelhet-med-kroppsdelar.pdf\" target=\"_blank\" rel=\"noopener\">\u00c5k 1\u20132 Undervisningshelhet med kroppsdelar<\/a><\/p>\n<p><a href=\"http:\/\/blogs2.abo.fi\/sprakresurs\/wp-content\/uploads\/sites\/156\/2021\/11\/Ak-1\u20132-Undervisningshelhet-med-lemmikit-ja-maatila.pdf\" target=\"_blank\" rel=\"noopener\">\u00c5k 1\u20132 Undervisningshelhet med lemmikit ja maatila<\/a><\/p>\n<p>\u00c5k 1\u20132 \u00c4mnes\u00f6vergripande undervisning &#8211; Muminprojekt:<\/p>\n<p style=\"padding-left: 40px\"><a href=\"http:\/\/blogs2.abo.fi\/sprakresurs\/wp-content\/uploads\/sites\/156\/2023\/06\/MoFi-Ak-1-2-Muminprojekt-Sekvensplan-for-amnesovergripande-projekt-i-arskurs-1-Levlin-Lindroos.pdf\" target=\"_blank\" rel=\"noopener\">Sekvensplan<\/a><br \/>\n<a href=\"http:\/\/blogs2.abo.fi\/sprakresurs\/wp-content\/uploads\/sites\/156\/2023\/06\/MoFi-Ak-1-2-Muminprojektet-Plan-Amnesoverskridande-Anne-Levlin-Carina-Lindroos-Korsholm.pdf\" target=\"_blank\" rel=\"noopener\">Plan<\/a><br \/>\n<a href=\"http:\/\/blogs2.abo.fi\/sprakresurs\/wp-content\/uploads\/sites\/156\/2023\/06\/MoFi-Ak-1-2-Utvardering-av-Muminprojektet-Amnesoverskridande-Anne-Levlin-Carina-Lindroos-Korsholm.pdf\" target=\"_blank\" rel=\"noopener\">Utv\u00e4rdering av projektet<\/a><\/p>\n<p><a href=\"http:\/\/blogs2.abo.fi\/sprakresurs\/wp-content\/uploads\/sites\/156\/2021\/11\/Ak-1\u20136-Tehtavia.pdf\" target=\"_blank\" rel=\"noopener\">\u00c5k 1\u20136 Teht\u00e4vi\u00e4<\/a><\/p>\n<p><a href=\"http:\/\/blogs2.abo.fi\/sprakresurs\/wp-content\/uploads\/sites\/156\/2021\/11\/Ak-6\u20137-Nivatest.pdf\" target=\"_blank\" rel=\"noopener\">\u00c5k 6\u20137 Niv\u00e5test<\/a><\/p>\n","protected":false},"excerpt":{"rendered":"<p>Kaboom ohje Kirjallisuutta alakouluik\u00e4isille Powerpoint vinkkej\u00e4 varhannettuun kieltenopetukseen \u00c5k 1\u20132 Exempel p\u00e5 en helhetsplanering \u00c5k 1\u20132 Inspiration till aktiviteter \u00c5k 1\u20132 Undervisningshelhet med kroppsdelar \u00c5k 1\u20132 Undervisningshelhet med lemmikit ja maatila \u00c5k 1\u20132 \u00c4mnes\u00f6vergripande undervisning &#8211; Muminprojekt: Sekvensplan Plan Utv\u00e4rdering av projektet \u00c5k 1\u20136 Teht\u00e4vi\u00e4 \u00c5k 6\u20137 Niv\u00e5test<\/p>\n","protected":false},"author":409,"featured_media":0,"parent":522,"menu_order":2,"comment_status":"closed","ping_status":"closed","template":"","meta":{"footnotes":""},"class_list":["post-525","page","type-page","status-publish","hentry"],"_links":{"self":[{"href":"https:\/\/blogs2.abo.fi\/sprakresurs\/wp-json\/wp\/v2\/pages\/525","targetHints":{"allow":["GET"]}}],"collection":[{"href":"https:\/\/blogs2.abo.fi\/sprakresurs\/wp-json\/wp\/v2\/pages"}],"about":[{"href":"https:\/\/blogs2.abo.fi\/sprakresurs\/wp-json\/wp\/v2\/types\/page"}],"author":[{"embeddable":true,"href":"https:\/\/blogs2.abo.fi\/sprakresurs\/wp-json\/wp\/v2\/users\/409"}],"replies":[{"embeddable":true,"href":"https:\/\/blogs2.abo.fi\/sprakresurs\/wp-json\/wp\/v2\/comments?post=525"}],"version-history":[{"count":11,"href":"https:\/\/blogs2.abo.fi\/sprakresurs\/wp-json\/wp\/v2\/pages\/525\/revisions"}],"predecessor-version":[{"id":851,"href":"https:\/\/blogs2.abo.fi\/sprakresurs\/wp-json\/wp\/v2\/pages\/525\/revisions\/851"}],"up":[{"embeddable":true,"href":"https:\/\/blogs2.abo.fi\/sprakresurs\/wp-json\/wp\/v2\/pages\/522"}],"wp:attachment":[{"href":"https:\/\/blogs2.abo.fi\/sprakresurs\/wp-json\/wp\/v2\/media?parent=525"}],"curies":[{"name":"wp","href":"https:\/\/api.w.org\/{rel}","templated":true}]}}