{"id":524,"date":"2021-11-02T10:59:10","date_gmt":"2021-11-02T08:59:10","guid":{"rendered":"https:\/\/blogs2.abo.fi\/sprakresurs\/?page_id=524"},"modified":"2021-11-02T12:38:27","modified_gmt":"2021-11-02T10:38:27","slug":"formativ-bedomning","status":"publish","type":"page","link":"https:\/\/blogs2.abo.fi\/sprakresurs\/modersmalsinriktad-undervisning\/mofi-banken\/formativ-bedomning\/","title":{"rendered":"Formativ bed\u00f6mning"},"content":{"rendered":"<p><a href=\"http:\/\/blogs2.abo.fi\/sprakresurs\/wp-content\/uploads\/sites\/156\/2021\/11\/Exempel-pa-sjalvvardering-och-kamratrespons.pdf\" target=\"_blank\" rel=\"noopener\">Exempel p\u00e5 sj\u00e4lvv\u00e4rdering och kamratrespons<\/a><\/p>\n<p><a href=\"http:\/\/blogs2.abo.fi\/sprakresurs\/wp-content\/uploads\/sites\/156\/2021\/11\/Ryhmatyon-itsearviointi.pdf\" target=\"_blank\" rel=\"noopener\">Ryhm\u00e4ty\u00f6n itsearviointi<\/a><\/p>\n<p><a href=\"http:\/\/blogs2.abo.fi\/sprakresurs\/wp-content\/uploads\/sites\/156\/2021\/11\/Ak-3-Oppilaan-itsearviointi.pdf\" target=\"_blank\" rel=\"noopener\">\u00c5k 3 Oppilaan itsearviointi<\/a><\/p>\n<p><a href=\"http:\/\/blogs2.abo.fi\/sprakresurs\/wp-content\/uploads\/sites\/156\/2021\/11\/Ak-7-Bedomningskriterier-for-uppsats.pdf\" target=\"_blank\" rel=\"noopener\">\u00c5k 7 Bed\u00f6mningskriterier f\u00f6r uppsats<\/a><\/p>\n<p><a href=\"http:\/\/blogs2.abo.fi\/sprakresurs\/wp-content\/uploads\/sites\/156\/2021\/11\/Ak-7\u20139-Bedomningskriterier-for-formativ-bedomning.pdf\" target=\"_blank\" rel=\"noopener\">\u00c5k 7\u20139 Bed\u00f6mningskriterier f\u00f6r formativ bed\u00f6mning<\/a><\/p>\n<p><a href=\"http:\/\/blogs2.abo.fi\/sprakresurs\/wp-content\/uploads\/sites\/156\/2021\/11\/Ak-8-Suullisen-esityksen-arviointitaulukko.pdf\" target=\"_blank\" rel=\"noopener\">\u00c5k 8 Suullisen esityksen arviointitaulukko<\/a><\/p>\n<p><a href=\"http:\/\/blogs2.abo.fi\/sprakresurs\/wp-content\/uploads\/sites\/156\/2021\/11\/Ak-9-TET-raportin-arviointitaulukko.pdf\" target=\"_blank\" rel=\"noopener\">\u00c5k 9 TET-raportin arviointitaulukko<\/a><\/p>\n<p><a href=\"http:\/\/blogs2.abo.fi\/sprakresurs\/wp-content\/uploads\/sites\/156\/2021\/11\/Samling-av-tips-och-lankar.pdf\" target=\"_blank\" rel=\"noopener\">Samling av tips och l\u00e4nkar<\/a><\/p>\n","protected":false},"excerpt":{"rendered":"<p>Exempel p\u00e5 sj\u00e4lvv\u00e4rdering och kamratrespons Ryhm\u00e4ty\u00f6n itsearviointi \u00c5k 3 Oppilaan itsearviointi \u00c5k 7 Bed\u00f6mningskriterier f\u00f6r uppsats \u00c5k 7\u20139 Bed\u00f6mningskriterier f\u00f6r formativ bed\u00f6mning \u00c5k 8 Suullisen esityksen arviointitaulukko \u00c5k 9 TET-raportin arviointitaulukko Samling av tips och l\u00e4nkar<\/p>\n","protected":false},"author":409,"featured_media":0,"parent":522,"menu_order":1,"comment_status":"closed","ping_status":"closed","template":"","meta":{"footnotes":""},"class_list":["post-524","page","type-page","status-publish","hentry"],"_links":{"self":[{"href":"https:\/\/blogs2.abo.fi\/sprakresurs\/wp-json\/wp\/v2\/pages\/524","targetHints":{"allow":["GET"]}}],"collection":[{"href":"https:\/\/blogs2.abo.fi\/sprakresurs\/wp-json\/wp\/v2\/pages"}],"about":[{"href":"https:\/\/blogs2.abo.fi\/sprakresurs\/wp-json\/wp\/v2\/types\/page"}],"author":[{"embeddable":true,"href":"https:\/\/blogs2.abo.fi\/sprakresurs\/wp-json\/wp\/v2\/users\/409"}],"replies":[{"embeddable":true,"href":"https:\/\/blogs2.abo.fi\/sprakresurs\/wp-json\/wp\/v2\/comments?post=524"}],"version-history":[{"count":4,"href":"https:\/\/blogs2.abo.fi\/sprakresurs\/wp-json\/wp\/v2\/pages\/524\/revisions"}],"predecessor-version":[{"id":569,"href":"https:\/\/blogs2.abo.fi\/sprakresurs\/wp-json\/wp\/v2\/pages\/524\/revisions\/569"}],"up":[{"embeddable":true,"href":"https:\/\/blogs2.abo.fi\/sprakresurs\/wp-json\/wp\/v2\/pages\/522"}],"wp:attachment":[{"href":"https:\/\/blogs2.abo.fi\/sprakresurs\/wp-json\/wp\/v2\/media?parent=524"}],"curies":[{"name":"wp","href":"https:\/\/api.w.org\/{rel}","templated":true}]}}