{"id":520,"date":"2021-11-02T10:53:50","date_gmt":"2021-11-02T08:53:50","guid":{"rendered":"https:\/\/blogs2.abo.fi\/sprakresurs\/?page_id=520"},"modified":"2025-11-06T13:31:41","modified_gmt":"2025-11-06T11:31:41","slug":"handboken-mofi-stigen-en-handbok-for-mofi-larare-i-1-9","status":"publish","type":"page","link":"https:\/\/blogs2.abo.fi\/sprakresurs\/modersmalsinriktad-undervisning\/handboken-mofi-stigen-en-handbok-for-mofi-larare-i-1-9\/","title":{"rendered":"Mofi-stigen. En handbok f\u00f6r mofi-l\u00e4rare i 1\u20139"},"content":{"rendered":"<p><span data-contrast=\"none\">Handboken\u00a0Mofi-stigen \u00e4r ett resultat av forsknings- och utvecklings-projektet\u00a0Mofi\u00a02.0, med m\u00e5let att utveckla undervisningen i modersm\u00e5lsinriktad finska (mofi) inom den grundl\u00e4ggande utbildningen i svenskspr\u00e5kiga skolor i Finland. Projektet genomf\u00f6rdes 2018\u20132021 som ett samarbete mellan fakulteten f\u00f6r pedagogik och v\u00e4lf\u00e4rdsstudier vid \u00c5bo Akademi, Vasa \u00f6vningsskola och Enheten f\u00f6r den svenskspr\u00e5kiga verksamheten vid Utbildningsstyrelsen. Dessutom har omkring 40 l\u00e4rare runtom i Svenskfinland deltagit i arbetet.<\/span><span data-ccp-props=\"{&quot;201341983&quot;:0,&quot;335559739&quot;:160,&quot;335559740&quot;:259}\">\u00a0<\/span><\/p>\n<p><span data-contrast=\"none\">M\u00e5lgruppen \u00e4r i f\u00f6rsta hand klassl\u00e4rare som undervisar i\u00a0mofi\u00a0i \u00e5rskurs 1\u20136 och \u00e4mnesl\u00e4rare i finska i \u00e5rskurs 7\u20139. Handboken inneh\u00e5ller forskningsbaserade texter och f\u00f6rslag p\u00e5 undervisningshelheter som st\u00f6d och inspiration f\u00f6r\u00a0mofi-undervisningen. Omr\u00e5den som \u00e4mnes\u00f6vergripande arbete, differentierad undervisning och m\u00e5ngsidig bed\u00f6mning kan ge st\u00f6d till fler l\u00e4rare \u00e4n\u00a0mofi-l\u00e4rarna. F\u00f6rhoppningen \u00e4r ocks\u00e5 att utbildningsanordnare tack vare handboken tydligare kan identifiera m\u00f6jligheter till kontinuerliga satsningar f\u00f6r att st\u00f6dja utvecklingen av\u00a0mofi-undervisningen p\u00e5 bred front.<\/span><\/p>\n<p>Klicka p\u00e5 bilden f\u00f6r att \u00f6ppna handboken.<\/p>\n<p><a href=\"http:\/\/blogs2.abo.fi\/sprakresurs\/wp-content\/uploads\/sites\/156\/2021\/11\/Mofi-stigen_digital_SLUTGILTIG.pdf\" target=\"_blank\" rel=\"noopener\"><img loading=\"lazy\" decoding=\"async\" class=\"aligncenter wp-image-600\" src=\"http:\/\/blogs2.abo.fi\/sprakresurs\/wp-content\/uploads\/sites\/156\/2021\/11\/Mofistigen-Parm-721x1024.jpg\" alt=\"\" width=\"350\" height=\"497\" srcset=\"https:\/\/blogs2.abo.fi\/sprakresurs\/wp-content\/uploads\/sites\/156\/2021\/11\/Mofistigen-Parm-721x1024.jpg 721w, https:\/\/blogs2.abo.fi\/sprakresurs\/wp-content\/uploads\/sites\/156\/2021\/11\/Mofistigen-Parm-211x300.jpg 211w, https:\/\/blogs2.abo.fi\/sprakresurs\/wp-content\/uploads\/sites\/156\/2021\/11\/Mofistigen-Parm-768x1091.jpg 768w, https:\/\/blogs2.abo.fi\/sprakresurs\/wp-content\/uploads\/sites\/156\/2021\/11\/Mofistigen-Parm-1081x1536.jpg 1081w, https:\/\/blogs2.abo.fi\/sprakresurs\/wp-content\/uploads\/sites\/156\/2021\/11\/Mofistigen-Parm-1442x2048.jpg 1442w, https:\/\/blogs2.abo.fi\/sprakresurs\/wp-content\/uploads\/sites\/156\/2021\/11\/Mofistigen-Parm-scaled.jpg 1802w\" sizes=\"auto, (max-width: 350px) 100vw, 350px\" \/><\/a><\/p>\n","protected":false},"excerpt":{"rendered":"<p>Handboken\u00a0Mofi-stigen \u00e4r ett resultat av forsknings- och utvecklings-projektet\u00a0Mofi\u00a02.0, med m\u00e5let att utveckla undervisningen i modersm\u00e5lsinriktad finska (mofi) inom den grundl\u00e4ggande utbildningen i svenskspr\u00e5kiga skolor i Finland. Projektet genomf\u00f6rdes 2018\u20132021 som ett samarbete mellan fakulteten f\u00f6r pedagogik och v\u00e4lf\u00e4rdsstudier vid \u00c5bo Akademi, Vasa \u00f6vningsskola och Enheten f\u00f6r den svenskspr\u00e5kiga verksamheten vid Utbildningsstyrelsen. Dessutom har omkring 40 &hellip; <a href=\"https:\/\/blogs2.abo.fi\/sprakresurs\/modersmalsinriktad-undervisning\/handboken-mofi-stigen-en-handbok-for-mofi-larare-i-1-9\/\" class=\"more-link\">Forts\u00e4tt l\u00e4sa <span class=\"screen-reader-text\">Mofi-stigen. En handbok f\u00f6r mofi-l\u00e4rare i 1\u20139<\/span><\/a><\/p>\n","protected":false},"author":409,"featured_media":0,"parent":31,"menu_order":1,"comment_status":"closed","ping_status":"closed","template":"","meta":{"footnotes":""},"class_list":["post-520","page","type-page","status-publish","hentry"],"_links":{"self":[{"href":"https:\/\/blogs2.abo.fi\/sprakresurs\/wp-json\/wp\/v2\/pages\/520","targetHints":{"allow":["GET"]}}],"collection":[{"href":"https:\/\/blogs2.abo.fi\/sprakresurs\/wp-json\/wp\/v2\/pages"}],"about":[{"href":"https:\/\/blogs2.abo.fi\/sprakresurs\/wp-json\/wp\/v2\/types\/page"}],"author":[{"embeddable":true,"href":"https:\/\/blogs2.abo.fi\/sprakresurs\/wp-json\/wp\/v2\/users\/409"}],"replies":[{"embeddable":true,"href":"https:\/\/blogs2.abo.fi\/sprakresurs\/wp-json\/wp\/v2\/comments?post=520"}],"version-history":[{"count":11,"href":"https:\/\/blogs2.abo.fi\/sprakresurs\/wp-json\/wp\/v2\/pages\/520\/revisions"}],"predecessor-version":[{"id":956,"href":"https:\/\/blogs2.abo.fi\/sprakresurs\/wp-json\/wp\/v2\/pages\/520\/revisions\/956"}],"up":[{"embeddable":true,"href":"https:\/\/blogs2.abo.fi\/sprakresurs\/wp-json\/wp\/v2\/pages\/31"}],"wp:attachment":[{"href":"https:\/\/blogs2.abo.fi\/sprakresurs\/wp-json\/wp\/v2\/media?parent=520"}],"curies":[{"name":"wp","href":"https:\/\/api.w.org\/{rel}","templated":true}]}}