{"id":499,"date":"2021-10-28T19:04:40","date_gmt":"2021-10-28T16:04:40","guid":{"rendered":"https:\/\/blogs2.abo.fi\/sprakresurs\/?page_id=499"},"modified":"2022-05-12T15:22:42","modified_gmt":"2022-05-12T12:22:42","slug":"sprakoverskridande-amnesundervisning","status":"publish","type":"page","link":"https:\/\/blogs2.abo.fi\/sprakresurs\/sprakoverskridande-undervisning\/sprakoverskridande-amnesundervisning\/","title":{"rendered":"Spr\u00e5k\u00f6verskridande \u00e4mnesundervisning"},"content":{"rendered":"<p>Spr\u00e5k\u00f6verskridande \u00e4mnesundervisning skapar en l\u00e4rmilj\u00f6 d\u00e4r de tv\u00e5 inhemska spr\u00e5ken anv\u00e4nds sida vid sida b\u00e5de f\u00f6r l\u00e4rande av ett visst l\u00e4ro\u00e4mne och f\u00f6r kommunikationen mellan l\u00e4rare och studerande. Syftet med spr\u00e5k\u00f6verskridande \u00e4mnesundervisning \u00e4r b.la. att skapa m\u00f6jligheter f\u00f6r l\u00e4rande i spr\u00e5k\u00f6verskridande l\u00e4rmilj\u00f6er, skapa positiva attityder mellan spr\u00e5kgrupperna samt att st\u00f6dja och uppmuntra studerande att ut\u00f6ka sina kunskaper och v\u00e5ga anv\u00e4nda det andra inhemska spr\u00e5ket. Spr\u00e5k\u00f6verskridande \u00e4mnesundervisning ger ocks\u00e5 en framtidsb\u00e4rande erfarenhet av att samarbeta i tv\u00e5- eller flerspr\u00e5kiga milj\u00f6er.<\/p>\n<p>I spr\u00e5k\u00f6verskridande undervisning kombineras \u00e4mneskunskap i ett visst l\u00e4ro\u00e4mne och l\u00e4rande p\u00e5 de tv\u00e5 inhemska spr\u00e5ken. Den \u00e4mnes-specifika kunskapen utvecklas och f\u00f6rdjupas samtidigt som det \u00e4mnesspecifika ordf\u00f6rr\u00e5det utvecklas p\u00e5 b\u00e5da spr\u00e5ken. De samverkande l\u00e4rarna fungerar som spr\u00e5kliga modeller i sitt eget undervisningsspr\u00e5k och skapar en positiv tv\u00e5spr\u00e5kig l\u00e4randemilj\u00f6 d\u00e4r de b\u00e5da inhemska spr\u00e5ken h\u00f6rs och anv\u00e4nds. Studeranden uppmuntras att anv\u00e4nda det andra inhemska spr\u00e5ket men ges ocks\u00e5 tillr\u00e4cklig spr\u00e5kst\u00f6d f\u00f6r l\u00e4randet och genomf\u00f6randet av uppgifter.<\/p>\n<p>Tv\u00e5 olika modeller f\u00f6r spr\u00e5k\u00f6verskridande \u00e4mnesundervisning har skapats och verkst\u00e4llts i praktiken inom projektet Co-teaching d\u00e4r man inom skol\u00e4mnena kemi och gymnastik utvecklat l\u00e4mpliga arbetss\u00e4tt f\u00f6r tv\u00e5 till karakt\u00e4ren olika \u00e4mnen. I kemi har studerande samarbetat i spr\u00e5k\u00f6verskridande laborationsgrupper medan gymnastikkursen f\u00f6r f\u00f6rsta \u00e5rets studerande bestod av ett flertal spr\u00e5k\u00f6verskridande lektioner i olika konstellationer under kursens g\u00e5ng. Handlednings-material f\u00f6r spr\u00e5k\u00f6verskridande \u00e4mnesundervisning i kemi hittas l\u00e4ngre ner p\u00e5 sidan.<\/p>\n<p>I introduktionsvideon nedan ger l\u00e4rarna en inblick i hur spr\u00e5k\u00f6verskridande \u00e4mnesundervisning kan f\u00f6rverkligas med utg\u00e5ngspunkt i erfarenheter fr\u00e5n projektet Co-teaching.<\/p>\n<figure class=\"wp-block-embed wp-block-embed-youtube is-type-video is-provider-youtube epyt-figure\"><div class=\"wp-block-embed__wrapper\"><iframe loading=\"lazy\"  id=\"_ytid_28122\"  width=\"660\" height=\"371\"  data-origwidth=\"660\" data-origheight=\"371\" src=\"https:\/\/www.youtube.com\/embed\/QbUdPlKZJU8?enablejsapi=1&autoplay=0&cc_load_policy=0&cc_lang_pref=&iv_load_policy=1&loop=0&rel=1&fs=1&playsinline=0&autohide=2&theme=dark&color=red&controls=1&disablekb=0&\" class=\"__youtube_prefs__  no-lazyload\" title=\"YouTube player\"  allow=\"fullscreen; accelerometer; autoplay; clipboard-write; encrypted-media; gyroscope; picture-in-picture; web-share\" referrerpolicy=\"strict-origin-when-cross-origin\" allowfullscreen data-no-lazy=\"1\" data-skipgform_ajax_framebjll=\"\"><\/iframe><\/div><\/figure>\n<hr \/>\n<h2 style=\"text-align: left\"><strong>Handledningsmaterial<\/strong><br \/>\n<strong>Ohjausmateriaali<\/strong><\/h2>\n<p>Handledningsmaterialet<em> Co-teaching \u2013 Kemianlaborointi kielirajat ylitt\u00e4viss\u00e4 ryhmiss\u00e4 <\/em>\u00e4r ett tv\u00e5spr\u00e5kigt st\u00f6dmaterial f\u00f6r l\u00e4rare som \u00e4r intresserade av att inleda spr\u00e5k\u00f6verskridande samarbete inom \u00e4mnes-undervisningen. Handledningsmaterialet beskriver hur l\u00e4rarna inom projektet Co-teaching utformat och f\u00f6rverkligat spr\u00e5k\u00f6verskridande kemilaborationer i praktiken. Materialet ger f\u00f6rutom v\u00e4rdefulla tips f\u00f6r inledning och planering av samarbete ocks\u00e5 ett konkret exempel p\u00e5 hur spr\u00e5k\u00f6verskridande \u00e4mnesundervisning kan f\u00f6rverkligas. Handledningsmaterialet \u00e4r avsett f\u00f6r att st\u00f6da, inspirera och till\u00e4mpas vidare i den egna kontexten!<\/p>\n<p style=\"text-align: center\"><span style=\"color: #333333\">Klicka p\u00e5 bilden f\u00f6r att \u00f6ppna handledningsmaterialet.<\/span><br \/>\n<span style=\"color: #333333\">Ohjausmateriaali avautuu kuvaa klikkaamalla.<\/span><\/p>\n<p style=\"text-align: center\"><a href=\"http:\/\/blogs2.abo.fi\/sprakresurs\/wp-content\/uploads\/sites\/156\/2022\/04\/Kemianlaborointi-kielirajat-ylittavissa-ryhmissa.pdf\" target=\"_blank\" rel=\"noopener\"><img loading=\"lazy\" decoding=\"async\" class=\"wp-image-712 aligncenter\" src=\"http:\/\/blogs2.abo.fi\/sprakresurs\/wp-content\/uploads\/sites\/156\/2022\/04\/Co-teaching-parmbild-212x300.png\" alt=\"\" width=\"400\" height=\"566\" srcset=\"https:\/\/blogs2.abo.fi\/sprakresurs\/wp-content\/uploads\/sites\/156\/2022\/04\/Co-teaching-parmbild-212x300.png 212w, https:\/\/blogs2.abo.fi\/sprakresurs\/wp-content\/uploads\/sites\/156\/2022\/04\/Co-teaching-parmbild-724x1024.png 724w, https:\/\/blogs2.abo.fi\/sprakresurs\/wp-content\/uploads\/sites\/156\/2022\/04\/Co-teaching-parmbild-768x1086.png 768w, https:\/\/blogs2.abo.fi\/sprakresurs\/wp-content\/uploads\/sites\/156\/2022\/04\/Co-teaching-parmbild-1086x1536.png 1086w, https:\/\/blogs2.abo.fi\/sprakresurs\/wp-content\/uploads\/sites\/156\/2022\/04\/Co-teaching-parmbild-1448x2048.png 1448w, https:\/\/blogs2.abo.fi\/sprakresurs\/wp-content\/uploads\/sites\/156\/2022\/04\/Co-teaching-parmbild.png 1587w\" sizes=\"auto, (max-width: 400px) 100vw, 400px\" \/><\/a><\/p>\n","protected":false},"excerpt":{"rendered":"<p>Spr\u00e5k\u00f6verskridande \u00e4mnesundervisning skapar en l\u00e4rmilj\u00f6 d\u00e4r de tv\u00e5 inhemska spr\u00e5ken anv\u00e4nds sida vid sida b\u00e5de f\u00f6r l\u00e4rande av ett visst l\u00e4ro\u00e4mne och f\u00f6r kommunikationen mellan l\u00e4rare och studerande. Syftet med spr\u00e5k\u00f6verskridande \u00e4mnesundervisning \u00e4r b.la. att skapa m\u00f6jligheter f\u00f6r l\u00e4rande i spr\u00e5k\u00f6verskridande l\u00e4rmilj\u00f6er, skapa positiva attityder mellan spr\u00e5kgrupperna samt att st\u00f6dja och uppmuntra studerande att ut\u00f6ka &hellip; <a href=\"https:\/\/blogs2.abo.fi\/sprakresurs\/sprakoverskridande-undervisning\/sprakoverskridande-amnesundervisning\/\" class=\"more-link\">Forts\u00e4tt l\u00e4sa <span class=\"screen-reader-text\">Spr\u00e5k\u00f6verskridande \u00e4mnesundervisning<\/span><\/a><\/p>\n","protected":false},"author":409,"featured_media":0,"parent":15,"menu_order":3,"comment_status":"closed","ping_status":"closed","template":"","meta":{"footnotes":""},"class_list":["post-499","page","type-page","status-publish","hentry"],"_links":{"self":[{"href":"https:\/\/blogs2.abo.fi\/sprakresurs\/wp-json\/wp\/v2\/pages\/499","targetHints":{"allow":["GET"]}}],"collection":[{"href":"https:\/\/blogs2.abo.fi\/sprakresurs\/wp-json\/wp\/v2\/pages"}],"about":[{"href":"https:\/\/blogs2.abo.fi\/sprakresurs\/wp-json\/wp\/v2\/types\/page"}],"author":[{"embeddable":true,"href":"https:\/\/blogs2.abo.fi\/sprakresurs\/wp-json\/wp\/v2\/users\/409"}],"replies":[{"embeddable":true,"href":"https:\/\/blogs2.abo.fi\/sprakresurs\/wp-json\/wp\/v2\/comments?post=499"}],"version-history":[{"count":12,"href":"https:\/\/blogs2.abo.fi\/sprakresurs\/wp-json\/wp\/v2\/pages\/499\/revisions"}],"predecessor-version":[{"id":759,"href":"https:\/\/blogs2.abo.fi\/sprakresurs\/wp-json\/wp\/v2\/pages\/499\/revisions\/759"}],"up":[{"embeddable":true,"href":"https:\/\/blogs2.abo.fi\/sprakresurs\/wp-json\/wp\/v2\/pages\/15"}],"wp:attachment":[{"href":"https:\/\/blogs2.abo.fi\/sprakresurs\/wp-json\/wp\/v2\/media?parent=499"}],"curies":[{"name":"wp","href":"https:\/\/api.w.org\/{rel}","templated":true}]}}