{"id":442,"date":"2021-02-22T21:47:08","date_gmt":"2021-02-22T19:47:08","guid":{"rendered":"http:\/\/blogs2.abo.fi\/sprakresurs\/?page_id=442"},"modified":"2022-12-13T14:40:39","modified_gmt":"2022-12-13T12:40:39","slug":"sprakstarkande-distansundervisning-nar-grunden-ar-lagd","status":"publish","type":"page","link":"https:\/\/blogs2.abo.fi\/sprakresurs\/sprak-och-kunskapsutvecklande-amnesundervisning\/sprakstarkande-distansundervisning-nar-grunden-ar-lagd\/","title":{"rendered":"Spr\u00e5kst\u00e4rkande distansundervisning \u2013 n\u00e4r grunden \u00e4r lagd"},"content":{"rendered":"<p>Perioderna av distansundervisning p\u00e5 grund av Covid-19 f\u00f6rde med sig \u00f6kad andel sj\u00e4lvst\u00e4ndigt arbete f\u00f6r de flesta elever i grundskolan. M\u00e5nga elever blev tvungna att ta till sig inneh\u00e5ll i texter p\u00e5 egen hand och ofta ocks\u00e5 l\u00e4mna in skriftliga produkter i h\u00f6gre grad \u00e4n tidigare.<\/p>\n<p>H\u00e4r kan du l\u00e4sa om n\u00e5gra l\u00e4rares erfarenheter fr\u00e5n distansundervisningen och mer specifikt om hur de lyckades st\u00f6dja eleverna med grund i tidigare arbete med l\u00e4rstrategier.<\/p>\n<p><a href=\"http:\/\/blogs2.abo.fi\/sprakresurs\/wp-content\/uploads\/sites\/156\/2022\/12\/Sprakstarkande-distansundervisning-nar-grunden-ar-lagd.pdf\" target=\"_blank\" rel=\"noopener\">Spr\u00e5kst\u00e4rkande distansundervisning \u2013 n\u00e4r grunden \u00e4r lagd<\/a><\/p>\n","protected":false},"excerpt":{"rendered":"<p>Perioderna av distansundervisning p\u00e5 grund av Covid-19 f\u00f6rde med sig \u00f6kad andel sj\u00e4lvst\u00e4ndigt arbete f\u00f6r de flesta elever i grundskolan. M\u00e5nga elever blev tvungna att ta till sig inneh\u00e5ll i texter p\u00e5 egen hand och ofta ocks\u00e5 l\u00e4mna in skriftliga produkter i h\u00f6gre grad \u00e4n tidigare. H\u00e4r kan du l\u00e4sa om n\u00e5gra l\u00e4rares erfarenheter fr\u00e5n &hellip; <a href=\"https:\/\/blogs2.abo.fi\/sprakresurs\/sprak-och-kunskapsutvecklande-amnesundervisning\/sprakstarkande-distansundervisning-nar-grunden-ar-lagd\/\" class=\"more-link\">Forts\u00e4tt l\u00e4sa <span class=\"screen-reader-text\">Spr\u00e5kst\u00e4rkande distansundervisning \u2013 n\u00e4r grunden \u00e4r lagd<\/span><\/a><\/p>\n","protected":false},"author":409,"featured_media":0,"parent":13,"menu_order":5,"comment_status":"closed","ping_status":"closed","template":"","meta":{"footnotes":""},"class_list":["post-442","page","type-page","status-publish","hentry"],"_links":{"self":[{"href":"https:\/\/blogs2.abo.fi\/sprakresurs\/wp-json\/wp\/v2\/pages\/442","targetHints":{"allow":["GET"]}}],"collection":[{"href":"https:\/\/blogs2.abo.fi\/sprakresurs\/wp-json\/wp\/v2\/pages"}],"about":[{"href":"https:\/\/blogs2.abo.fi\/sprakresurs\/wp-json\/wp\/v2\/types\/page"}],"author":[{"embeddable":true,"href":"https:\/\/blogs2.abo.fi\/sprakresurs\/wp-json\/wp\/v2\/users\/409"}],"replies":[{"embeddable":true,"href":"https:\/\/blogs2.abo.fi\/sprakresurs\/wp-json\/wp\/v2\/comments?post=442"}],"version-history":[{"count":4,"href":"https:\/\/blogs2.abo.fi\/sprakresurs\/wp-json\/wp\/v2\/pages\/442\/revisions"}],"predecessor-version":[{"id":818,"href":"https:\/\/blogs2.abo.fi\/sprakresurs\/wp-json\/wp\/v2\/pages\/442\/revisions\/818"}],"up":[{"embeddable":true,"href":"https:\/\/blogs2.abo.fi\/sprakresurs\/wp-json\/wp\/v2\/pages\/13"}],"wp:attachment":[{"href":"https:\/\/blogs2.abo.fi\/sprakresurs\/wp-json\/wp\/v2\/media?parent=442"}],"curies":[{"name":"wp","href":"https:\/\/api.w.org\/{rel}","templated":true}]}}