{"id":438,"date":"2021-02-22T21:46:25","date_gmt":"2021-02-22T19:46:25","guid":{"rendered":"http:\/\/blogs2.abo.fi\/sprakresurs\/?page_id=438"},"modified":"2022-05-09T13:46:39","modified_gmt":"2022-05-09T10:46:39","slug":"bokprat-i-ak-2-lasstrategierna-befasts","status":"publish","type":"page","link":"https:\/\/blogs2.abo.fi\/sprakresurs\/sprak-och-kunskapsutvecklande-amnesundervisning\/bokprat-i-ak-2-lasstrategierna-befasts\/","title":{"rendered":"Boksamtal i \u00e5k 2: L\u00e4sstrategierna bef\u00e4sts"},"content":{"rendered":"<p>H\u00e4r kan du l\u00e4sa om hur l\u00e4raren Jenny i sitt flerspr\u00e5kiga klassrum inleder ett nytt arbetsomr\u00e5de d\u00e4r det tidigare arbetet med l\u00e4sstrategier ytterligare bef\u00e4sts och f\u00f6rdjupas. Med st\u00f6ttning bygger hon stegvis f\u00f6r att eleverna sm\u00e5ningom ska kunna f\u00f6ra boksamtal i sm\u00e5grupp. I arbetsmomenten till\u00e4mpas hela tiden strategier f\u00f6r b\u00e5de l\u00e4sande och skrivande.<\/p>\n<p><a href=\"http:\/\/blogs2.abo.fi\/sprakresurs\/wp-content\/uploads\/sites\/156\/2022\/05\/Boksamtal-i-ak-2_Lasstrategierna-befasts-och-fordjupas.pdf\" target=\"_blank\" rel=\"noopener\">Boksamtal i \u00e5k 2: L\u00e4sstrategierna bef\u00e4sts och f\u00f6rdjupas.<\/a><\/p>\n","protected":false},"excerpt":{"rendered":"<p>H\u00e4r kan du l\u00e4sa om hur l\u00e4raren Jenny i sitt flerspr\u00e5kiga klassrum inleder ett nytt arbetsomr\u00e5de d\u00e4r det tidigare arbetet med l\u00e4sstrategier ytterligare bef\u00e4sts och f\u00f6rdjupas. Med st\u00f6ttning bygger hon stegvis f\u00f6r att eleverna sm\u00e5ningom ska kunna f\u00f6ra boksamtal i sm\u00e5grupp. I arbetsmomenten till\u00e4mpas hela tiden strategier f\u00f6r b\u00e5de l\u00e4sande och skrivande. Boksamtal i \u00e5k &hellip; <a href=\"https:\/\/blogs2.abo.fi\/sprakresurs\/sprak-och-kunskapsutvecklande-amnesundervisning\/bokprat-i-ak-2-lasstrategierna-befasts\/\" class=\"more-link\">Forts\u00e4tt l\u00e4sa <span class=\"screen-reader-text\">Boksamtal i \u00e5k 2: L\u00e4sstrategierna bef\u00e4sts<\/span><\/a><\/p>\n","protected":false},"author":409,"featured_media":0,"parent":13,"menu_order":3,"comment_status":"closed","ping_status":"closed","template":"","meta":{"footnotes":""},"class_list":["post-438","page","type-page","status-publish","hentry"],"_links":{"self":[{"href":"https:\/\/blogs2.abo.fi\/sprakresurs\/wp-json\/wp\/v2\/pages\/438","targetHints":{"allow":["GET"]}}],"collection":[{"href":"https:\/\/blogs2.abo.fi\/sprakresurs\/wp-json\/wp\/v2\/pages"}],"about":[{"href":"https:\/\/blogs2.abo.fi\/sprakresurs\/wp-json\/wp\/v2\/types\/page"}],"author":[{"embeddable":true,"href":"https:\/\/blogs2.abo.fi\/sprakresurs\/wp-json\/wp\/v2\/users\/409"}],"replies":[{"embeddable":true,"href":"https:\/\/blogs2.abo.fi\/sprakresurs\/wp-json\/wp\/v2\/comments?post=438"}],"version-history":[{"count":4,"href":"https:\/\/blogs2.abo.fi\/sprakresurs\/wp-json\/wp\/v2\/pages\/438\/revisions"}],"predecessor-version":[{"id":737,"href":"https:\/\/blogs2.abo.fi\/sprakresurs\/wp-json\/wp\/v2\/pages\/438\/revisions\/737"}],"up":[{"embeddable":true,"href":"https:\/\/blogs2.abo.fi\/sprakresurs\/wp-json\/wp\/v2\/pages\/13"}],"wp:attachment":[{"href":"https:\/\/blogs2.abo.fi\/sprakresurs\/wp-json\/wp\/v2\/media?parent=438"}],"curies":[{"name":"wp","href":"https:\/\/api.w.org\/{rel}","templated":true}]}}