{"id":436,"date":"2021-02-22T21:46:00","date_gmt":"2021-02-22T19:46:00","guid":{"rendered":"http:\/\/blogs2.abo.fi\/sprakresurs\/?page_id=436"},"modified":"2022-06-17T12:35:49","modified_gmt":"2022-06-17T09:35:49","slug":"lasstrategier-och-genreskrivande-i-nyborjarundervisningen","status":"publish","type":"page","link":"https:\/\/blogs2.abo.fi\/sprakresurs\/sprak-och-kunskapsutvecklande-amnesundervisning\/lasstrategier-och-genreskrivande-i-nyborjarundervisningen\/","title":{"rendered":"L\u00e4sstrategier och genreskrivande i nyb\u00f6rjarundervisningen"},"content":{"rendered":"<p>Den h\u00e4r texten beskriver tre sp\u00e5r inom spr\u00e5k- och kunskapsutvecklande undervisning som bildar en tydlig helhet i nyb\u00f6rjarundervisningen i ett flerspr\u00e5kigt klassrum: olika aspekter av <em>spr\u00e5klig medvetenhet<\/em>, <em>l\u00e4sf\u00f6rst\u00e5elsestrategier<\/em> och <em>strategier f\u00f6r skrivande<\/em>. Mest fokus i texten ges genreskrivande enligt cirkelmodellen.<\/p>\n<p><a href=\"http:\/\/blogs2.abo.fi\/sprakresurs\/wp-content\/uploads\/sites\/156\/2022\/06\/Lasstrategier-och-genreskrivande-i-flersprakig-undervisning.pdf\" target=\"_blank\" rel=\"noopener\">L\u00e4sstrategier och genreskrivande i flerspr\u00e5kig undervisning.<\/a><\/p>\n","protected":false},"excerpt":{"rendered":"<p>Den h\u00e4r texten beskriver tre sp\u00e5r inom spr\u00e5k- och kunskapsutvecklande undervisning som bildar en tydlig helhet i nyb\u00f6rjarundervisningen i ett flerspr\u00e5kigt klassrum: olika aspekter av spr\u00e5klig medvetenhet, l\u00e4sf\u00f6rst\u00e5elsestrategier och strategier f\u00f6r skrivande. Mest fokus i texten ges genreskrivande enligt cirkelmodellen. L\u00e4sstrategier och genreskrivande i flerspr\u00e5kig undervisning.<\/p>\n","protected":false},"author":409,"featured_media":0,"parent":13,"menu_order":2,"comment_status":"closed","ping_status":"closed","template":"","meta":{"footnotes":""},"class_list":["post-436","page","type-page","status-publish","hentry"],"_links":{"self":[{"href":"https:\/\/blogs2.abo.fi\/sprakresurs\/wp-json\/wp\/v2\/pages\/436","targetHints":{"allow":["GET"]}}],"collection":[{"href":"https:\/\/blogs2.abo.fi\/sprakresurs\/wp-json\/wp\/v2\/pages"}],"about":[{"href":"https:\/\/blogs2.abo.fi\/sprakresurs\/wp-json\/wp\/v2\/types\/page"}],"author":[{"embeddable":true,"href":"https:\/\/blogs2.abo.fi\/sprakresurs\/wp-json\/wp\/v2\/users\/409"}],"replies":[{"embeddable":true,"href":"https:\/\/blogs2.abo.fi\/sprakresurs\/wp-json\/wp\/v2\/comments?post=436"}],"version-history":[{"count":5,"href":"https:\/\/blogs2.abo.fi\/sprakresurs\/wp-json\/wp\/v2\/pages\/436\/revisions"}],"predecessor-version":[{"id":763,"href":"https:\/\/blogs2.abo.fi\/sprakresurs\/wp-json\/wp\/v2\/pages\/436\/revisions\/763"}],"up":[{"embeddable":true,"href":"https:\/\/blogs2.abo.fi\/sprakresurs\/wp-json\/wp\/v2\/pages\/13"}],"wp:attachment":[{"href":"https:\/\/blogs2.abo.fi\/sprakresurs\/wp-json\/wp\/v2\/media?parent=436"}],"curies":[{"name":"wp","href":"https:\/\/api.w.org\/{rel}","templated":true}]}}