{"id":434,"date":"2021-02-22T21:45:32","date_gmt":"2021-02-22T19:45:32","guid":{"rendered":"http:\/\/blogs2.abo.fi\/sprakresurs\/?page_id=434"},"modified":"2023-01-10T17:17:01","modified_gmt":"2023-01-10T15:17:01","slug":"vad-ar-sprak-och-kunskapsutvecklande-undervisning","status":"publish","type":"page","link":"https:\/\/blogs2.abo.fi\/sprakresurs\/sprak-och-kunskapsutvecklande-amnesundervisning\/vad-ar-sprak-och-kunskapsutvecklande-undervisning\/","title":{"rendered":"Vad \u00e4r spr\u00e5k- och kunskapsutvecklande undervisning?"},"content":{"rendered":"<p><em>Spr\u00e5ket b\u00e4r kunskapen<\/em> i alla \u00e4mnen! Och ingen elev kommer till skolan med ett f\u00e4rdigutvecklat kunskapsspr\u00e5k. D\u00e4rf\u00f6r lyfts allt oftare fram att alla l\u00e4rare beh\u00f6ver undervisa <em>spr\u00e5k- och kunskapsutvecklande<\/em> (kallas ocks\u00e5 spr\u00e5kinriktad undervisning). Men vad inneb\u00e4r spr\u00e5k- och kunskapsutvecklande undervisning mer konkret?<\/p>\n<p><a href=\"http:\/\/blogs2.abo.fi\/sprakresurs\/wp-content\/uploads\/sites\/156\/2023\/01\/Vad-ar-sprak-och-kunskapsutvecklande-undervisning.pdf\" target=\"_blank\" rel=\"noopener\">Vad \u00e4r spr\u00e5k- och kunskapsutvecklande undervisning &#8211; och varf\u00f6r beh\u00f6vs den?<\/a><\/p>\n","protected":false},"excerpt":{"rendered":"<p>Spr\u00e5ket b\u00e4r kunskapen i alla \u00e4mnen! Och ingen elev kommer till skolan med ett f\u00e4rdigutvecklat kunskapsspr\u00e5k. D\u00e4rf\u00f6r lyfts allt oftare fram att alla l\u00e4rare beh\u00f6ver undervisa spr\u00e5k- och kunskapsutvecklande (kallas ocks\u00e5 spr\u00e5kinriktad undervisning). Men vad inneb\u00e4r spr\u00e5k- och kunskapsutvecklande undervisning mer konkret? Vad \u00e4r spr\u00e5k- och kunskapsutvecklande undervisning &#8211; och varf\u00f6r beh\u00f6vs den?<\/p>\n","protected":false},"author":409,"featured_media":0,"parent":13,"menu_order":1,"comment_status":"closed","ping_status":"closed","template":"","meta":{"footnotes":""},"class_list":["post-434","page","type-page","status-publish","hentry"],"_links":{"self":[{"href":"https:\/\/blogs2.abo.fi\/sprakresurs\/wp-json\/wp\/v2\/pages\/434","targetHints":{"allow":["GET"]}}],"collection":[{"href":"https:\/\/blogs2.abo.fi\/sprakresurs\/wp-json\/wp\/v2\/pages"}],"about":[{"href":"https:\/\/blogs2.abo.fi\/sprakresurs\/wp-json\/wp\/v2\/types\/page"}],"author":[{"embeddable":true,"href":"https:\/\/blogs2.abo.fi\/sprakresurs\/wp-json\/wp\/v2\/users\/409"}],"replies":[{"embeddable":true,"href":"https:\/\/blogs2.abo.fi\/sprakresurs\/wp-json\/wp\/v2\/comments?post=434"}],"version-history":[{"count":5,"href":"https:\/\/blogs2.abo.fi\/sprakresurs\/wp-json\/wp\/v2\/pages\/434\/revisions"}],"predecessor-version":[{"id":821,"href":"https:\/\/blogs2.abo.fi\/sprakresurs\/wp-json\/wp\/v2\/pages\/434\/revisions\/821"}],"up":[{"embeddable":true,"href":"https:\/\/blogs2.abo.fi\/sprakresurs\/wp-json\/wp\/v2\/pages\/13"}],"wp:attachment":[{"href":"https:\/\/blogs2.abo.fi\/sprakresurs\/wp-json\/wp\/v2\/media?parent=434"}],"curies":[{"name":"wp","href":"https:\/\/api.w.org\/{rel}","templated":true}]}}