{"id":419,"date":"2021-02-22T21:09:45","date_gmt":"2021-02-22T19:09:45","guid":{"rendered":"http:\/\/blogs2.abo.fi\/sprakresurs\/?page_id=419"},"modified":"2024-12-17T17:06:36","modified_gmt":"2024-12-17T15:06:36","slug":"samundervisning-i-ak-7-9","status":"publish","type":"page","link":"https:\/\/blogs2.abo.fi\/sprakresurs\/kollegialt-larande\/samundervisning-i-ak-7-9\/","title":{"rendered":"Samundervisning runt l\u00e4rstrategier i \u00e5k 7\u20139"},"content":{"rendered":"<p>Texten handlar om samundervisning i \u00e5k 7-9 som ett s\u00e4tt att fokusera resurser f\u00f6r spr\u00e5k- och kunskapsutvecklande \u00e4mnesundervisning, bl.a. med tanke p\u00e5 inkluderingen av flerspr\u00e5kiga elever. Samundervisning inneb\u00e4r samtidigt kollegial fortbildning f\u00f6r l\u00e4rarna.<\/p>\n<p><a href=\"http:\/\/blogs2.abo.fi\/sprakresurs\/wp-content\/uploads\/sites\/156\/2022\/05\/Sprakstarkande-amnesundervisning-och-smidig-inkludering-genom-samundervisning-i-ak-7-9.pdf\" target=\"_blank\" rel=\"noopener\">Spr\u00e5kst\u00e4rkande \u00e4mnesundervisning och smidig inkludering genom samundervisning i \u00e5k 7<strong>\u2013<\/strong>9.<\/a><\/p>\n","protected":false},"excerpt":{"rendered":"<p>Texten handlar om samundervisning i \u00e5k 7-9 som ett s\u00e4tt att fokusera resurser f\u00f6r spr\u00e5k- och kunskapsutvecklande \u00e4mnesundervisning, bl.a. med tanke p\u00e5 inkluderingen av flerspr\u00e5kiga elever. Samundervisning inneb\u00e4r samtidigt kollegial fortbildning f\u00f6r l\u00e4rarna. Spr\u00e5kst\u00e4rkande \u00e4mnesundervisning och smidig inkludering genom samundervisning i \u00e5k 7\u20139.<\/p>\n","protected":false},"author":409,"featured_media":0,"parent":17,"menu_order":2,"comment_status":"closed","ping_status":"closed","template":"","meta":{"footnotes":""},"class_list":["post-419","page","type-page","status-publish","hentry"],"_links":{"self":[{"href":"https:\/\/blogs2.abo.fi\/sprakresurs\/wp-json\/wp\/v2\/pages\/419","targetHints":{"allow":["GET"]}}],"collection":[{"href":"https:\/\/blogs2.abo.fi\/sprakresurs\/wp-json\/wp\/v2\/pages"}],"about":[{"href":"https:\/\/blogs2.abo.fi\/sprakresurs\/wp-json\/wp\/v2\/types\/page"}],"author":[{"embeddable":true,"href":"https:\/\/blogs2.abo.fi\/sprakresurs\/wp-json\/wp\/v2\/users\/409"}],"replies":[{"embeddable":true,"href":"https:\/\/blogs2.abo.fi\/sprakresurs\/wp-json\/wp\/v2\/comments?post=419"}],"version-history":[{"count":3,"href":"https:\/\/blogs2.abo.fi\/sprakresurs\/wp-json\/wp\/v2\/pages\/419\/revisions"}],"predecessor-version":[{"id":931,"href":"https:\/\/blogs2.abo.fi\/sprakresurs\/wp-json\/wp\/v2\/pages\/419\/revisions\/931"}],"up":[{"embeddable":true,"href":"https:\/\/blogs2.abo.fi\/sprakresurs\/wp-json\/wp\/v2\/pages\/17"}],"wp:attachment":[{"href":"https:\/\/blogs2.abo.fi\/sprakresurs\/wp-json\/wp\/v2\/media?parent=419"}],"curies":[{"name":"wp","href":"https:\/\/api.w.org\/{rel}","templated":true}]}}