{"id":30,"date":"2020-03-10T09:52:23","date_gmt":"2020-03-10T07:52:23","guid":{"rendered":"http:\/\/blogs2.abo.fi\/sprakresurs\/?page_id=30"},"modified":"2023-05-03T11:31:30","modified_gmt":"2023-05-03T08:31:30","slug":"sprakbad-och-clil","status":"publish","type":"page","link":"https:\/\/blogs2.abo.fi\/sprakresurs\/sprakbad-och-clil\/","title":{"rendered":"Spr\u00e5kbad och CLIL"},"content":{"rendered":"<p>Gemensamt f\u00f6r spr\u00e5kbad och CLIL \u00e4r att de \u00e4r exempel p\u00e5 tv\u00e5- och flerspr\u00e5kiga undervisningsprogram, d\u00e4r en del av undervisningen sker p\u00e5 elevernas f\u00f6rstaspr\u00e5k och en del p\u00e5 ett annat spr\u00e5k. I Finland erbjuds spr\u00e5kbad i de inhemska spr\u00e5ken, medan CLIL-undervisning oftast ges p\u00e5 engelska.<\/p>\n<p>Vad \u00e4r flerspr\u00e5kighet? Den fr\u00e5gan besvarades \u00e5r 2015 av internationella forskare p\u00e5 bes\u00f6k i det flerspr\u00e5kiga Vasa.<\/p>\n<figure class=\"wp-block-embed wp-block-embed-youtube is-type-video is-provider-youtube epyt-figure\"><div class=\"wp-block-embed__wrapper\"><iframe loading=\"lazy\"  id=\"_ytid_12160\"  width=\"660\" height=\"371\"  data-origwidth=\"660\" data-origheight=\"371\" src=\"https:\/\/www.youtube.com\/embed\/SFiR5TZvrjI?enablejsapi=1&autoplay=0&cc_load_policy=0&cc_lang_pref=&iv_load_policy=1&loop=0&rel=1&fs=1&playsinline=0&autohide=2&theme=dark&color=red&controls=1&disablekb=0&\" class=\"__youtube_prefs__  no-lazyload\" title=\"YouTube player\"  allow=\"fullscreen; accelerometer; autoplay; clipboard-write; encrypted-media; gyroscope; picture-in-picture; web-share\" referrerpolicy=\"strict-origin-when-cross-origin\" allowfullscreen data-no-lazy=\"1\" data-skipgform_ajax_framebjll=\"\"><\/iframe><\/div><\/figure>\n","protected":false},"excerpt":{"rendered":"<p>Gemensamt f\u00f6r spr\u00e5kbad och CLIL \u00e4r att de \u00e4r exempel p\u00e5 tv\u00e5- och flerspr\u00e5kiga undervisningsprogram, d\u00e4r en del av undervisningen sker p\u00e5 elevernas f\u00f6rstaspr\u00e5k och en del p\u00e5 ett annat spr\u00e5k. I Finland erbjuds spr\u00e5kbad i de inhemska spr\u00e5ken, medan CLIL-undervisning oftast ges p\u00e5 engelska. Vad \u00e4r flerspr\u00e5kighet? Den fr\u00e5gan besvarades \u00e5r 2015 av internationella &hellip; <a href=\"https:\/\/blogs2.abo.fi\/sprakresurs\/sprakbad-och-clil\/\" class=\"more-link\">Forts\u00e4tt l\u00e4sa <span class=\"screen-reader-text\">Spr\u00e5kbad och CLIL<\/span><\/a><\/p>\n","protected":false},"author":409,"featured_media":0,"parent":0,"menu_order":0,"comment_status":"closed","ping_status":"closed","template":"","meta":{"footnotes":""},"class_list":["post-30","page","type-page","status-publish","hentry"],"_links":{"self":[{"href":"https:\/\/blogs2.abo.fi\/sprakresurs\/wp-json\/wp\/v2\/pages\/30","targetHints":{"allow":["GET"]}}],"collection":[{"href":"https:\/\/blogs2.abo.fi\/sprakresurs\/wp-json\/wp\/v2\/pages"}],"about":[{"href":"https:\/\/blogs2.abo.fi\/sprakresurs\/wp-json\/wp\/v2\/types\/page"}],"author":[{"embeddable":true,"href":"https:\/\/blogs2.abo.fi\/sprakresurs\/wp-json\/wp\/v2\/users\/409"}],"replies":[{"embeddable":true,"href":"https:\/\/blogs2.abo.fi\/sprakresurs\/wp-json\/wp\/v2\/comments?post=30"}],"version-history":[{"count":7,"href":"https:\/\/blogs2.abo.fi\/sprakresurs\/wp-json\/wp\/v2\/pages\/30\/revisions"}],"predecessor-version":[{"id":834,"href":"https:\/\/blogs2.abo.fi\/sprakresurs\/wp-json\/wp\/v2\/pages\/30\/revisions\/834"}],"wp:attachment":[{"href":"https:\/\/blogs2.abo.fi\/sprakresurs\/wp-json\/wp\/v2\/media?parent=30"}],"curies":[{"name":"wp","href":"https:\/\/api.w.org\/{rel}","templated":true}]}}