{"id":29,"date":"2020-03-10T09:52:23","date_gmt":"2020-03-10T07:52:23","guid":{"rendered":"http:\/\/blogs2.abo.fi\/sprakresurs\/?page_id=29"},"modified":"2022-02-16T13:02:49","modified_gmt":"2022-02-16T11:02:49","slug":"sprakduschtandem","status":"publish","type":"page","link":"https:\/\/blogs2.abo.fi\/sprakresurs\/sprakoverskridande-undervisning\/tandem\/sprakduschtandem\/","title":{"rendered":"Spr\u00e5kduschtandem"},"content":{"rendered":"<h5>Tandempedagogik f\u00f6r yngre barn inom sm\u00e5barnspedagogik, f\u00f6rskolan och \u00e5rskurserna 1\u20136.<\/h5>\n<p>Traditionellt har tandem byggt p\u00e5 relativt sj\u00e4lvst\u00e4ndigt pararbete mellan tv\u00e5 parter med olika modersm\u00e5l. Detta arbetss\u00e4tt kan inte till\u00e4mpas direkt med yngre barn eftersom deras f\u00f6rm\u00e5ga att sj\u00e4lva styra sitt l\u00e4rande och spr\u00e5kf\u00e4rdigheterna inte \u00e4r p\u00e5 den niv\u00e5 som beh\u00f6vs f\u00f6r sj\u00e4lvst\u00e4ndigt pararbete. I spr\u00e5kduschtandem utvecklas en modell f\u00f6r barn inom sm\u00e5barnspedagogik, f\u00f6rskolan och \u00e5rskurserna 1\u20136. Modellen hj\u00e4lper sm\u00e5barnspedagoger, f\u00f6rskoll\u00e4rare och klassl\u00e4rare som inte \u00e4r specialiserade i spr\u00e5kinl\u00e4rning och spr\u00e5kundervisning att till\u00e4mpa tandempedagogik i undervisningen.<\/p>\n<p>Genom att skapa erfarenheter av trygg och meningsfull samvaro och framg\u00e5ngsrik interaktion med den andra spr\u00e5kgruppen f\u00f6rst\u00e4rker tandempedagogiken i sm\u00e5barnspedagogiken barnens tro p\u00e5 den egna f\u00f6rm\u00e5gan att l\u00e4ra sig spr\u00e5k och skapar personliga kontakter mellan spr\u00e5kgrupperna, vilket utg\u00f6r en god grund f\u00f6r positiva attityder gentemot den andra spr\u00e5kgruppen inklusive spr\u00e5ket och kulturen. P\u00e5 de l\u00e4gre \u00e5rskurserna i grundskolan till\u00e4mpas tandempedagogik som \u00e4mnes\u00f6vergripande undervisning i samarbete mellan flera olika \u00e4mnen, inte uttryckligen inom spr\u00e5kundervisning. M\u00e5let med undervisningen \u00e4r s\u00e5ledes inte enbart \u00e4r att l\u00e4ra sig ett spr\u00e5k utan spr\u00e5ket anv\u00e4nds som medel f\u00f6r att l\u00e4ra sig andra \u00e4mnen, s\u00e5som matematik, gymnastik etc.<\/p>\n<p>I videon nedan f\u00e5r du veta mer om tandempedagogik f\u00f6r yngre barn inom sm\u00e5barnspedagogiken och de f\u00f6rsta \u00e5rskurserna i skolan.<\/p>\n<figure class=\"wp-block-embed wp-block-embed-youtube is-type-video is-provider-youtube epyt-figure\"><div class=\"wp-block-embed__wrapper\"><iframe loading=\"lazy\"  id=\"_ytid_68263\"  width=\"660\" height=\"371\"  data-origwidth=\"660\" data-origheight=\"371\" src=\"https:\/\/www.youtube.com\/embed\/1JaoFwDQh78?enablejsapi=1&autoplay=0&cc_load_policy=0&cc_lang_pref=&iv_load_policy=1&loop=0&rel=1&fs=1&playsinline=0&autohide=2&theme=dark&color=red&controls=1&disablekb=0&\" class=\"__youtube_prefs__  no-lazyload\" title=\"YouTube player\"  allow=\"fullscreen; accelerometer; autoplay; clipboard-write; encrypted-media; gyroscope; picture-in-picture; web-share\" referrerpolicy=\"strict-origin-when-cross-origin\" allowfullscreen data-no-lazy=\"1\" data-skipgform_ajax_framebjll=\"\"><\/iframe><\/div><\/figure>\n<p>Projektet Spr\u00e5kduschtandem (2018\u20132021) finansieras av <a href=\"https:\/\/www.kulturfonden.fi\/\">Svenska kulturfonden<\/a>, <a href=\"https:\/\/vasa.aktiastiftelserna.fi\/sv\/\">Aktiastiftelsen i Vasa<\/a> och <a href=\"https:\/\/hss.fi\/\">Harry Schaumans stiftelse<\/a><\/p>\n<p><img loading=\"lazy\" decoding=\"async\" class=\"aligncenter wp-image-220 size-full\" src=\"http:\/\/blogs2.abo.fi\/sprakresurs\/wp-content\/uploads\/sites\/156\/2020\/08\/sdt-logon.png\" alt=\"\" width=\"829\" height=\"224\" srcset=\"https:\/\/blogs2.abo.fi\/sprakresurs\/wp-content\/uploads\/sites\/156\/2020\/08\/sdt-logon.png 829w, https:\/\/blogs2.abo.fi\/sprakresurs\/wp-content\/uploads\/sites\/156\/2020\/08\/sdt-logon-300x81.png 300w, https:\/\/blogs2.abo.fi\/sprakresurs\/wp-content\/uploads\/sites\/156\/2020\/08\/sdt-logon-768x208.png 768w\" sizes=\"auto, (max-width: 829px) 100vw, 829px\" \/><\/p>\n<p>Mer information om spr\u00e5kduschtandem finns p\u00e5 p\u00e5 webbplatsen: <a href=\"www.abo.fi\/tandem\">www.abo.fi\/tandem<\/a><\/p>\n","protected":false},"excerpt":{"rendered":"<p>Tandempedagogik f\u00f6r yngre barn inom sm\u00e5barnspedagogik, f\u00f6rskolan och \u00e5rskurserna 1\u20136. Traditionellt har tandem byggt p\u00e5 relativt sj\u00e4lvst\u00e4ndigt pararbete mellan tv\u00e5 parter med olika modersm\u00e5l. Detta arbetss\u00e4tt kan inte till\u00e4mpas direkt med yngre barn eftersom deras f\u00f6rm\u00e5ga att sj\u00e4lva styra sitt l\u00e4rande och spr\u00e5kf\u00e4rdigheterna inte \u00e4r p\u00e5 den niv\u00e5 som beh\u00f6vs f\u00f6r sj\u00e4lvst\u00e4ndigt pararbete. I spr\u00e5kduschtandem &hellip; <a href=\"https:\/\/blogs2.abo.fi\/sprakresurs\/sprakoverskridande-undervisning\/tandem\/sprakduschtandem\/\" class=\"more-link\">Forts\u00e4tt l\u00e4sa <span class=\"screen-reader-text\">Spr\u00e5kduschtandem<\/span><\/a><\/p>\n","protected":false},"author":409,"featured_media":0,"parent":25,"menu_order":2,"comment_status":"closed","ping_status":"closed","template":"","meta":{"footnotes":""},"class_list":["post-29","page","type-page","status-publish","hentry"],"_links":{"self":[{"href":"https:\/\/blogs2.abo.fi\/sprakresurs\/wp-json\/wp\/v2\/pages\/29","targetHints":{"allow":["GET"]}}],"collection":[{"href":"https:\/\/blogs2.abo.fi\/sprakresurs\/wp-json\/wp\/v2\/pages"}],"about":[{"href":"https:\/\/blogs2.abo.fi\/sprakresurs\/wp-json\/wp\/v2\/types\/page"}],"author":[{"embeddable":true,"href":"https:\/\/blogs2.abo.fi\/sprakresurs\/wp-json\/wp\/v2\/users\/409"}],"replies":[{"embeddable":true,"href":"https:\/\/blogs2.abo.fi\/sprakresurs\/wp-json\/wp\/v2\/comments?post=29"}],"version-history":[{"count":10,"href":"https:\/\/blogs2.abo.fi\/sprakresurs\/wp-json\/wp\/v2\/pages\/29\/revisions"}],"predecessor-version":[{"id":656,"href":"https:\/\/blogs2.abo.fi\/sprakresurs\/wp-json\/wp\/v2\/pages\/29\/revisions\/656"}],"up":[{"embeddable":true,"href":"https:\/\/blogs2.abo.fi\/sprakresurs\/wp-json\/wp\/v2\/pages\/25"}],"wp:attachment":[{"href":"https:\/\/blogs2.abo.fi\/sprakresurs\/wp-json\/wp\/v2\/media?parent=29"}],"curies":[{"name":"wp","href":"https:\/\/api.w.org\/{rel}","templated":true}]}}