{"id":270,"date":"2020-09-03T16:01:26","date_gmt":"2020-09-03T13:01:26","guid":{"rendered":"http:\/\/blogs2.abo.fi\/sprakresurs\/?page_id=270"},"modified":"2021-03-08T11:02:12","modified_gmt":"2021-03-08T09:02:12","slug":"aktivitet-resurs","status":"publish","type":"page","link":"https:\/\/blogs2.abo.fi\/sprakresurs\/sprakbad-och-clil\/sprakbad\/sprakbad-ak-1-6\/aktivitet-resurs\/","title":{"rendered":"Aktivitet\/Resurs"},"content":{"rendered":"<p><i>Spr\u00e5kp\u00e4rlor \u2013 f\u00f6r daghem och f\u00f6rskola i spr\u00e5kbad<\/i><i>\u00a0<\/i>\u00e4r en uppdaterad upplaga av de klassiska fyra kompendierna som har flitigt anv\u00e4nts inom fortbildningar som ber\u00f6rt arbetss\u00e4tt inom spr\u00e5kbadet. Kompendierna gavs ut av fortbildningscentralen vid Vasa universitet (senare Lev\u00f3n-institutet) under \u00e5ren 1995\u20132005 och ligger nu som grund till denna handbok. De gamla kompendierna har uppdate\u00adrats och kopplats till de nyaste l\u00e4roplanerna, men huvudsyftet f\u00f6rblir det samma som det alltid varit: att erbjuda grundl\u00e4ggande kunskap och material om spr\u00e5kbadsundervisning f\u00f6r l\u00e4rare inom sm\u00e5barnspedagogiken, f\u00f6r f\u00f6rskoll\u00e4rare och f\u00f6r l\u00e4rare som jobbar med nyb\u00f6rjarundervisning.<\/p>\n<p><a href=\"http:\/\/blogs2.abo.fi\/sprakresurs\/wp-content\/uploads\/sites\/156\/2020\/08\/Spra\u030akpa\u0308rlan-A\u030aA-final.pdf\" target=\"_blank\" rel=\"noopener noreferrer\">Spr\u00e5kp\u00e4rlor<\/a><\/p>\n<p>Kompendiet kan ocks\u00e5 l\u00e4sas via f\u00f6ljande l\u00e4nk:<br \/>\n<a id=\"LPlnk831258\" title=\"https:\/\/assets.adobe.com\/id\/urn:aaid:sc:US:de0167b6-def7-4f80-b959-eb638ebf424d?view=published Ctrl+Klicka eller tryck om du vill f\u00f6lja l\u00e4nken\" href=\"https:\/\/assets.adobe.com\/id\/urn:aaid:sc:US:de0167b6-def7-4f80-b959-eb638ebf424d?view=published\" target=\"_blank\" rel=\"noopener noreferrer\">https:\/\/assets.adobe.com\/id\/urn:aaid:sc:US:de0167b6-def7-4f80-b959-eb638ebf424d?view=published<\/a><\/p>\n<hr \/>\n<p>Materialet <em>Att h\u00e5lla kniven vass<\/em> inneh\u00e5ller material f\u00f6r spr\u00e5kutvecklande temaundervisning f\u00f6r \u00e5rskurs 6. Paketet omfattar b\u00e5de elevmaterial och l\u00e4rarmaterial.<\/p>\n<p><a href=\"http:\/\/blogs2.abo.fi\/sprakresurs\/wp-content\/uploads\/sites\/156\/2021\/02\/Materialet-Att-h\u00e5lla-kniven-vass.pdf\" target=\"_blank\" rel=\"noopener noreferrer\">Materialet Att h\u00e5lla kniven vass<\/a><\/p>\n<hr \/>\n<p>Materialet <em>Framsteg<\/em> \u00e4r avsett att fungera som ett hj\u00e4lpmedel f\u00f6r att f\u00f6rebygga och bem\u00f6ta l\u00e4s- och skrivsv\u00e5righeter hos elever med tv\u00e5spr\u00e5kig bakgrund.<\/p>\n<p><a href=\"http:\/\/blogs2.abo.fi\/sprakresurs\/wp-content\/uploads\/sites\/156\/2021\/02\/Materialet-Framsteg-introduktion.pdf\" target=\"_blank\" rel=\"noopener noreferrer\">Materialet Framsteg introduktion<\/a><\/p>\n<p><a href=\"http:\/\/blogs2.abo.fi\/sprakresurs\/wp-content\/uploads\/sites\/156\/2021\/02\/Prov-1-Ljudanalys.pdf\" target=\"_blank\" rel=\"noopener noreferrer\">Prov 1 \u2013 Ljudanalys<\/a> + <a href=\"https:\/\/abofi-my.sharepoint.com\/:x:\/r\/personal\/annika_peltoniemi_abo_fi\/_layouts\/15\/Doc.aspx?sourcedoc=%7B3E8C12E3-2521-4DF8-A6CD-0D6D98A011C0%7D&amp;file=Sammanst%C3%A4llningsblankett%20prov%201.xls&amp;action=default&amp;mobileredirect=true\" target=\"_blank\" rel=\"noopener\">sammanst\u00e4llningsblankett prov 1<\/a><\/p>\n<p><a href=\"http:\/\/blogs2.abo.fi\/sprakresurs\/wp-content\/uploads\/sites\/156\/2021\/02\/Prov-2-Auditiv-diskriminering.pdf\" target=\"_blank\" rel=\"noopener noreferrer\">Prov 2 \u2013 Auditiv diskriminering<\/a> + <a href=\"https:\/\/abofi-my.sharepoint.com\/:x:\/r\/personal\/annika_peltoniemi_abo_fi\/_layouts\/15\/Doc.aspx?sourcedoc=%7BCF20DB9E-54A1-4D19-A1FE-13983D31A901%7D&amp;file=Sammanst%C3%A4llningsblankett%20prov%202.xls&amp;action=default&amp;mobileredirect=true\" target=\"_blank\" rel=\"noopener\">sammanst\u00e4llningsblankett prov 2<\/a><\/p>\n<p><a href=\"http:\/\/blogs2.abo.fi\/sprakresurs\/wp-content\/uploads\/sites\/156\/2021\/02\/Prov-3-Ortografi-och-morfologi.pdf\" target=\"_blank\" rel=\"noopener noreferrer\">Prov 3 \u2013 Ortografi och morfologi<\/a> + <a href=\"https:\/\/abofi-my.sharepoint.com\/:x:\/r\/personal\/annika_peltoniemi_abo_fi\/_layouts\/15\/Doc.aspx?sourcedoc=%7B3575E248-EC75-4FB4-981A-1F632F2D33AA%7D&amp;file=Sammanst%C3%A4llningsblankett%20prov%203.xls&amp;action=default&amp;mobileredirect=true\" target=\"_blank\" rel=\"noopener\">sammanst\u00e4llningsblankett prov 3<\/a><\/p>\n","protected":false},"excerpt":{"rendered":"<p>Spr\u00e5kp\u00e4rlor \u2013 f\u00f6r daghem och f\u00f6rskola i spr\u00e5kbad\u00a0\u00e4r en uppdaterad upplaga av de klassiska fyra kompendierna som har flitigt anv\u00e4nts inom fortbildningar som ber\u00f6rt arbetss\u00e4tt inom spr\u00e5kbadet. Kompendierna gavs ut av fortbildningscentralen vid Vasa universitet (senare Lev\u00f3n-institutet) under \u00e5ren 1995\u20132005 och ligger nu som grund till denna handbok. De gamla kompendierna har uppdate\u00adrats och kopplats &hellip; <a href=\"https:\/\/blogs2.abo.fi\/sprakresurs\/sprakbad-och-clil\/sprakbad\/sprakbad-ak-1-6\/aktivitet-resurs\/\" class=\"more-link\">Forts\u00e4tt l\u00e4sa <span class=\"screen-reader-text\">Aktivitet\/Resurs<\/span><\/a><\/p>\n","protected":false},"author":409,"featured_media":0,"parent":264,"menu_order":2,"comment_status":"closed","ping_status":"closed","template":"","meta":{"footnotes":""},"class_list":["post-270","page","type-page","status-publish","hentry"],"_links":{"self":[{"href":"https:\/\/blogs2.abo.fi\/sprakresurs\/wp-json\/wp\/v2\/pages\/270","targetHints":{"allow":["GET"]}}],"collection":[{"href":"https:\/\/blogs2.abo.fi\/sprakresurs\/wp-json\/wp\/v2\/pages"}],"about":[{"href":"https:\/\/blogs2.abo.fi\/sprakresurs\/wp-json\/wp\/v2\/types\/page"}],"author":[{"embeddable":true,"href":"https:\/\/blogs2.abo.fi\/sprakresurs\/wp-json\/wp\/v2\/users\/409"}],"replies":[{"embeddable":true,"href":"https:\/\/blogs2.abo.fi\/sprakresurs\/wp-json\/wp\/v2\/comments?post=270"}],"version-history":[{"count":11,"href":"https:\/\/blogs2.abo.fi\/sprakresurs\/wp-json\/wp\/v2\/pages\/270\/revisions"}],"predecessor-version":[{"id":462,"href":"https:\/\/blogs2.abo.fi\/sprakresurs\/wp-json\/wp\/v2\/pages\/270\/revisions\/462"}],"up":[{"embeddable":true,"href":"https:\/\/blogs2.abo.fi\/sprakresurs\/wp-json\/wp\/v2\/pages\/264"}],"wp:attachment":[{"href":"https:\/\/blogs2.abo.fi\/sprakresurs\/wp-json\/wp\/v2\/media?parent=270"}],"curies":[{"name":"wp","href":"https:\/\/api.w.org\/{rel}","templated":true}]}}