{"id":268,"date":"2020-09-03T16:00:43","date_gmt":"2020-09-03T13:00:43","guid":{"rendered":"http:\/\/blogs2.abo.fi\/sprakresurs\/?page_id=268"},"modified":"2021-03-08T11:01:33","modified_gmt":"2021-03-08T09:01:33","slug":"aktivitet-resurs","status":"publish","type":"page","link":"https:\/\/blogs2.abo.fi\/sprakresurs\/sprakbad-och-clil\/sprakbad\/sprakbad-smabarnspedagogik-och-forskoleundervisning\/aktivitet-resurs\/","title":{"rendered":"Aktivitet\/Resurs"},"content":{"rendered":"<p><i>Spr\u00e5kp\u00e4rlor \u2013 f\u00f6r daghem och f\u00f6rskola i spr\u00e5kbad<\/i><i>\u00a0<\/i>\u00e4r en uppdaterad upplaga av de klassiska fyra kompendierna som har flitigt anv\u00e4nts inom fortbildningar som ber\u00f6rt arbetss\u00e4tt inom spr\u00e5kbadet. Kompendierna gavs ut av fortbildningscentralen vid Vasa universitet (senare Lev\u00f3n-institutet) under \u00e5ren 1995\u20132005 och ligger nu som grund till denna handbok. De gamla kompendierna har uppdate\u00adrats och kopplats till de nyaste l\u00e4roplanerna, men huvudsyftet f\u00f6rblir det samma som det alltid varit: att erbjuda grundl\u00e4ggande kunskap och material om spr\u00e5kbadsundervisning f\u00f6r l\u00e4rare inom sm\u00e5barnspedagogiken, f\u00f6r f\u00f6rskoll\u00e4rare och f\u00f6r l\u00e4rare som jobbar med nyb\u00f6rjarundervisning.<\/p>\n<p><a href=\"http:\/\/blogs2.abo.fi\/sprakresurs\/wp-content\/uploads\/sites\/156\/2020\/08\/Spra\u030akpa\u0308rlan-A\u030aA-final.pdf\" target=\"_blank\" rel=\"noopener noreferrer\">Spr\u00e5kp\u00e4rlor<\/a><\/p>\n<p>Kompendiet kan ocks\u00e5 l\u00e4sas via f\u00f6ljande l\u00e4nk:<br \/>\n<a id=\"LPlnk831258\" title=\"https:\/\/assets.adobe.com\/id\/urn:aaid:sc:US:de0167b6-def7-4f80-b959-eb638ebf424d?view=published Ctrl+Klicka eller tryck om du vill f\u00f6lja l\u00e4nken\" href=\"https:\/\/assets.adobe.com\/id\/urn:aaid:sc:US:de0167b6-def7-4f80-b959-eb638ebf424d?view=published\" target=\"_blank\" rel=\"noopener noreferrer\">https:\/\/assets.adobe.com\/id\/urn:aaid:sc:US:de0167b6-def7-4f80-b959-eb638ebf424d?view=published<\/a><\/p>\n<hr \/>\n<p>Materialet <em>Synen<\/em>\u00a0\u00e4r en tematisk helhet som har planerats s\u00e5 att det tar h\u00e4nsyn till spr\u00e5kbadspedagogens dubbla roll i daghemmets alla prim\u00e4r- och sekund\u00e4rfunktioner. <em>Synen<\/em> \u00e4r avsedd f\u00f6r sm\u00e5barnsfostran och f\u00f6rskoleverksamhet i spr\u00e5kbad. Materialpaketet omfattar b\u00e5de elevmaterial och l\u00e4rarmaterial.<\/p>\n<p><a href=\"http:\/\/blogs2.abo.fi\/sprakresurs\/wp-content\/uploads\/sites\/156\/2021\/02\/Materialet-Synen.pdf\" target=\"_blank\" rel=\"noopener noreferrer\">Materialet Synen<\/a><\/p>\n<p><a href=\"http:\/\/blogs2.abo.fi\/sprakresurs\/wp-content\/uploads\/sites\/156\/2021\/02\/Bilagor-till-materialet-Synen.pdf\" target=\"_blank\" rel=\"noopener noreferrer\">Bilagor till materialet Synen<\/a><\/p>\n","protected":false},"excerpt":{"rendered":"<p>Spr\u00e5kp\u00e4rlor \u2013 f\u00f6r daghem och f\u00f6rskola i spr\u00e5kbad\u00a0\u00e4r en uppdaterad upplaga av de klassiska fyra kompendierna som har flitigt anv\u00e4nts inom fortbildningar som ber\u00f6rt arbetss\u00e4tt inom spr\u00e5kbadet. Kompendierna gavs ut av fortbildningscentralen vid Vasa universitet (senare Lev\u00f3n-institutet) under \u00e5ren 1995\u20132005 och ligger nu som grund till denna handbok. De gamla kompendierna har uppdate\u00adrats och kopplats &hellip; <a href=\"https:\/\/blogs2.abo.fi\/sprakresurs\/sprakbad-och-clil\/sprakbad\/sprakbad-smabarnspedagogik-och-forskoleundervisning\/aktivitet-resurs\/\" class=\"more-link\">Forts\u00e4tt l\u00e4sa <span class=\"screen-reader-text\">Aktivitet\/Resurs<\/span><\/a><\/p>\n","protected":false},"author":409,"featured_media":0,"parent":262,"menu_order":2,"comment_status":"closed","ping_status":"closed","template":"","meta":{"footnotes":""},"class_list":["post-268","page","type-page","status-publish","hentry"],"_links":{"self":[{"href":"https:\/\/blogs2.abo.fi\/sprakresurs\/wp-json\/wp\/v2\/pages\/268","targetHints":{"allow":["GET"]}}],"collection":[{"href":"https:\/\/blogs2.abo.fi\/sprakresurs\/wp-json\/wp\/v2\/pages"}],"about":[{"href":"https:\/\/blogs2.abo.fi\/sprakresurs\/wp-json\/wp\/v2\/types\/page"}],"author":[{"embeddable":true,"href":"https:\/\/blogs2.abo.fi\/sprakresurs\/wp-json\/wp\/v2\/users\/409"}],"replies":[{"embeddable":true,"href":"https:\/\/blogs2.abo.fi\/sprakresurs\/wp-json\/wp\/v2\/comments?post=268"}],"version-history":[{"count":9,"href":"https:\/\/blogs2.abo.fi\/sprakresurs\/wp-json\/wp\/v2\/pages\/268\/revisions"}],"predecessor-version":[{"id":391,"href":"https:\/\/blogs2.abo.fi\/sprakresurs\/wp-json\/wp\/v2\/pages\/268\/revisions\/391"}],"up":[{"embeddable":true,"href":"https:\/\/blogs2.abo.fi\/sprakresurs\/wp-json\/wp\/v2\/pages\/262"}],"wp:attachment":[{"href":"https:\/\/blogs2.abo.fi\/sprakresurs\/wp-json\/wp\/v2\/media?parent=268"}],"curies":[{"name":"wp","href":"https:\/\/api.w.org\/{rel}","templated":true}]}}