{"id":2,"date":"2020-03-09T16:48:19","date_gmt":"2020-03-09T16:48:19","guid":{"rendered":"http:\/\/blogs2.abo.fi\/sprakresurs\/?page_id=2"},"modified":"2026-03-12T16:23:27","modified_gmt":"2026-03-12T14:23:27","slug":"sample-page","status":"publish","type":"page","link":"https:\/\/blogs2.abo.fi\/sprakresurs\/","title":{"rendered":"Undervisning i, p\u00e5 och f\u00f6r olika spr\u00e5k! \u2013 resurser f\u00f6r utbildning och fortbildning"},"content":{"rendered":"\r\n<p>Det h\u00e4r \u00e4r en digital resursbank f\u00f6r undervisning kopplad till spr\u00e5k p\u00e5 olika s\u00e4tt, med stor variation och bredd i inneh\u00e5llet. Vill du exempelvis l\u00e4ra dig mer om tandemundervisning? Kanske du inte har t\u00e4nkt p\u00e5 hur centralt spr\u00e5ket faktiskt \u00e4r i all undervisning? H\u00e4r finns b\u00e5de forskningsartiklar, konkreta aktiviteter och handledning f\u00f6r nyskapande undervisning, mycket med fokus p\u00e5 att tillsammans med andra utveckla den egna undervisningen.<\/p>\r\n<p>Resurserna \u00e4r utarbetade inom olika forsknings- och utvecklingssatsningar vid \u00c5bo Akademi i Vasa och \u00e4r speciellt anv\u00e4ndbara i flerspr\u00e5kiga milj\u00f6er i Svenskfinland. V\u00e4lkommen att bl\u00e4ddra och inspireras, och anv\u00e4nd g\u00e4rna resurserna i eget arbete! Kom ih\u00e5g att titta in senare efter uppdateringar!<\/p>\r\n<p>Tack till SFV f\u00f6r bidrag till grunden f\u00f6r resursbanken och till Svenska kulturfonden, H\u00f6gskolestiftelsen i \u00d6sterbotten och UKM f\u00f6r st\u00f6d f\u00f6r mycket av dess inneh\u00e5ll! St\u00f6d som erh\u00e5llits av andra finansi\u00e4rer anges i anslutning till materialet i fr\u00e5ga.<\/p>\r\n<p>OBS! Anv\u00e4ndare p\u00e5 telefon eller l\u00e4splatta hittar menyn h\u00f6gst upp i h\u00f6gra h\u00f6rnet.<\/p>\r\n<p><img loading=\"lazy\" decoding=\"async\" class=\" wp-image-66 aligncenter\" src=\"http:\/\/blogs2.abo.fi\/sprakresurs\/wp-content\/uploads\/sites\/156\/2020\/03\/5logon-e1597321175289-300x76.png\" alt=\"\" width=\"497\" height=\"126\" srcset=\"https:\/\/blogs2.abo.fi\/sprakresurs\/wp-content\/uploads\/sites\/156\/2020\/03\/5logon-e1597321175289-300x76.png 300w, https:\/\/blogs2.abo.fi\/sprakresurs\/wp-content\/uploads\/sites\/156\/2020\/03\/5logon-e1597321175289-768x195.png 768w, https:\/\/blogs2.abo.fi\/sprakresurs\/wp-content\/uploads\/sites\/156\/2020\/03\/5logon-e1597321175289-1024x260.png 1024w, https:\/\/blogs2.abo.fi\/sprakresurs\/wp-content\/uploads\/sites\/156\/2020\/03\/5logon-e1597321175289-2000x512.png 2000w, https:\/\/blogs2.abo.fi\/sprakresurs\/wp-content\/uploads\/sites\/156\/2020\/03\/5logon-e1597321175289.png 2018w\" sizes=\"auto, (max-width: 497px) 100vw, 497px\" \/><\/p>\r\n","protected":false},"excerpt":{"rendered":"<p>Det h\u00e4r \u00e4r en digital resursbank f\u00f6r undervisning kopplad till spr\u00e5k p\u00e5 olika s\u00e4tt, med stor variation och bredd i inneh\u00e5llet. Vill du exempelvis l\u00e4ra dig mer om tandemundervisning? Kanske du inte har t\u00e4nkt p\u00e5 hur centralt spr\u00e5ket faktiskt \u00e4r i all undervisning? H\u00e4r finns b\u00e5de forskningsartiklar, konkreta aktiviteter och handledning f\u00f6r nyskapande undervisning, mycket &hellip; <a href=\"https:\/\/blogs2.abo.fi\/sprakresurs\/\" class=\"more-link\">Forts\u00e4tt l\u00e4sa <span class=\"screen-reader-text\">Undervisning i, p\u00e5 och f\u00f6r olika spr\u00e5k! \u2013 resurser f\u00f6r utbildning och fortbildning<\/span><\/a><\/p>\n","protected":false},"author":409,"featured_media":0,"parent":0,"menu_order":0,"comment_status":"closed","ping_status":"open","template":"","meta":{"footnotes":""},"class_list":["post-2","page","type-page","status-publish","hentry"],"_links":{"self":[{"href":"https:\/\/blogs2.abo.fi\/sprakresurs\/wp-json\/wp\/v2\/pages\/2","targetHints":{"allow":["GET"]}}],"collection":[{"href":"https:\/\/blogs2.abo.fi\/sprakresurs\/wp-json\/wp\/v2\/pages"}],"about":[{"href":"https:\/\/blogs2.abo.fi\/sprakresurs\/wp-json\/wp\/v2\/types\/page"}],"author":[{"embeddable":true,"href":"https:\/\/blogs2.abo.fi\/sprakresurs\/wp-json\/wp\/v2\/users\/409"}],"replies":[{"embeddable":true,"href":"https:\/\/blogs2.abo.fi\/sprakresurs\/wp-json\/wp\/v2\/comments?post=2"}],"version-history":[{"count":16,"href":"https:\/\/blogs2.abo.fi\/sprakresurs\/wp-json\/wp\/v2\/pages\/2\/revisions"}],"predecessor-version":[{"id":1027,"href":"https:\/\/blogs2.abo.fi\/sprakresurs\/wp-json\/wp\/v2\/pages\/2\/revisions\/1027"}],"wp:attachment":[{"href":"https:\/\/blogs2.abo.fi\/sprakresurs\/wp-json\/wp\/v2\/media?parent=2"}],"curies":[{"name":"wp","href":"https:\/\/api.w.org\/{rel}","templated":true}]}}