{"id":17,"date":"2020-03-09T19:33:31","date_gmt":"2020-03-09T17:33:31","guid":{"rendered":"http:\/\/blogs2.abo.fi\/sprakresurs\/?page_id=17"},"modified":"2022-01-25T12:56:20","modified_gmt":"2022-01-25T10:56:20","slug":"kollegialt-larande","status":"publish","type":"page","link":"https:\/\/blogs2.abo.fi\/sprakresurs\/kollegialt-larande\/","title":{"rendered":"Kollegialt l\u00e4rande"},"content":{"rendered":"<p>Kollegialt l\u00e4rande \u00e4r centralt f\u00f6r att en arbetsplats ska kunna fungera som en l\u00e4rande gemenskap d\u00e4r man kontinuerligt arbetar med att f\u00e5 syn p\u00e5 <em>vad<\/em> som beh\u00f6ver f\u00f6rb\u00e4ttras och <em>hur<\/em> f\u00f6rb\u00e4ttringen kan \u00e5stadkommas. En viktig ingrediens f\u00f6r att f\u00f6ra det kollegiala l\u00e4randet fram\u00e5t \u00e4r att f\u00e5 tillg\u00e5ng till ny kunskap. I skolsammanhang g\u00e4ller det att f\u00e5 ig\u00e5ng en process d\u00e4r l\u00e4rare ser p\u00e5 sitt \u00e4mne, sin undervisning och sina m\u00f6jligheter att st\u00f6tta l\u00e4randet med nya \u00f6gon, s\u00e5 att ny didaktisk kunskap kan sl\u00e5 rot i den dagliga praktiken.<\/p>\n<p>Studier visar att h\u00e5llbar kompetensutveckling \u00e4r systematisk och l\u00e5ngsiktig, bygger p\u00e5 samarbete mellan kolleger, observationer av varandras undervisning och gemensam reflektion om undervisningen. Ocks\u00e5 betydelsen av st\u00f6d fr\u00e5n utomst\u00e5ende expertis lyfts fram. Det handlar om en st\u00f6rre helhetssyn och en mer st\u00f6ttande process j\u00e4mf\u00f6rt med individuell kompetensutveckling eller enstaka f\u00f6rel\u00e4sningar. Men detta kan ske med olika verktyg och med st\u00f6d i olika former f\u00f6r systematiskt utvecklingsarbete.<\/p>\n<p>H\u00e4r kan du l\u00e4sa om kollegialt l\u00e4rande genom <em>samundervisning<\/em>, med hj\u00e4lp av <em>facilitator<\/em> eller inspirerat av <em>aktionsforskning<\/em>. Kollegialt l\u00e4rande i praktiken illustreras sedan med hj\u00e4lp av erfarenheter fr\u00e5n olika kontexter.<\/p>\n","protected":false},"excerpt":{"rendered":"<p>Kollegialt l\u00e4rande \u00e4r centralt f\u00f6r att en arbetsplats ska kunna fungera som en l\u00e4rande gemenskap d\u00e4r man kontinuerligt arbetar med att f\u00e5 syn p\u00e5 vad som beh\u00f6ver f\u00f6rb\u00e4ttras och hur f\u00f6rb\u00e4ttringen kan \u00e5stadkommas. En viktig ingrediens f\u00f6r att f\u00f6ra det kollegiala l\u00e4randet fram\u00e5t \u00e4r att f\u00e5 tillg\u00e5ng till ny kunskap. I skolsammanhang g\u00e4ller det att &hellip; <a href=\"https:\/\/blogs2.abo.fi\/sprakresurs\/kollegialt-larande\/\" class=\"more-link\">Forts\u00e4tt l\u00e4sa <span class=\"screen-reader-text\">Kollegialt l\u00e4rande<\/span><\/a><\/p>\n","protected":false},"author":382,"featured_media":0,"parent":0,"menu_order":0,"comment_status":"closed","ping_status":"closed","template":"","meta":{"footnotes":""},"class_list":["post-17","page","type-page","status-publish","hentry"],"_links":{"self":[{"href":"https:\/\/blogs2.abo.fi\/sprakresurs\/wp-json\/wp\/v2\/pages\/17","targetHints":{"allow":["GET"]}}],"collection":[{"href":"https:\/\/blogs2.abo.fi\/sprakresurs\/wp-json\/wp\/v2\/pages"}],"about":[{"href":"https:\/\/blogs2.abo.fi\/sprakresurs\/wp-json\/wp\/v2\/types\/page"}],"author":[{"embeddable":true,"href":"https:\/\/blogs2.abo.fi\/sprakresurs\/wp-json\/wp\/v2\/users\/382"}],"replies":[{"embeddable":true,"href":"https:\/\/blogs2.abo.fi\/sprakresurs\/wp-json\/wp\/v2\/comments?post=17"}],"version-history":[{"count":7,"href":"https:\/\/blogs2.abo.fi\/sprakresurs\/wp-json\/wp\/v2\/pages\/17\/revisions"}],"predecessor-version":[{"id":620,"href":"https:\/\/blogs2.abo.fi\/sprakresurs\/wp-json\/wp\/v2\/pages\/17\/revisions\/620"}],"wp:attachment":[{"href":"https:\/\/blogs2.abo.fi\/sprakresurs\/wp-json\/wp\/v2\/media?parent=17"}],"curies":[{"name":"wp","href":"https:\/\/api.w.org\/{rel}","templated":true}]}}