{"id":15,"date":"2020-03-09T19:32:44","date_gmt":"2020-03-09T17:32:44","guid":{"rendered":"http:\/\/blogs2.abo.fi\/sprakresurs\/?page_id=15"},"modified":"2021-09-29T10:41:27","modified_gmt":"2021-09-29T07:41:27","slug":"sprakoverskridande-undervisning","status":"publish","type":"page","link":"https:\/\/blogs2.abo.fi\/sprakresurs\/sprakoverskridande-undervisning\/","title":{"rendered":"Spr\u00e5k\u00f6verskridande samarbete\/Tandem"},"content":{"rendered":"<div class=\"container mb-5\">\n<div class=\"row\">\n<div>\n<p>Spr\u00e5k\u00f6verskridande undervisning inneb\u00e4r ett samarbete mellan skolor med olika undervisningsspr\u00e5k, svenska och finska.<\/p>\n<article><\/article>\n<article><\/article>\n<article><\/article>\n<article><\/article>\n<article><\/article>\n<p>Samarbetet kan ing\u00e5 i undervisningen av det andra inhemska spr\u00e5ket (t.ex. klasstandem, eklasstandem), i andra enskilda \u00e4mnen (t.ex. spr\u00e5k\u00f6verskridande samundervisning) eller i \u00e4mnes\u00f6vergripande undervisning (t.ex. spr\u00e5kduschtandem).<\/p>\n<article><\/article>\n<article><\/article>\n<article><\/article>\n<article><\/article>\n<p>I resursbanken fokuserar vi p\u00e5 modeller f\u00f6r spr\u00e5k\u00f6verskridande samarbete mellan l\u00e4rare och elevgrupper d\u00e4r syftet \u00e4r att skapa n\u00e4rmare och mer regelbunden kontakt mellan spr\u00e5kgrupperna \u00e4n vad exempelvis v\u00e4nskole-, evenemangs- och bes\u00f6kssamarbeten traditionellt gett m\u00f6jlighet till.<\/p>\n<\/div>\n<div class=\"col-12 col-lg-3\">\n<aside class=\"content-page-sidebar custom-sidebar\">\n<section class=\"sidebar-links sidebar-section\">\n<div><\/div>\n<\/section>\n<\/aside>\n<\/div>\n<\/div>\n<\/div>\n<div class=\"mb-5\">Mer information om de olika tandemmodellerna: www.abo.fi\/tandem<\/div>\n<section class=\"section-grid-list-side-links \">\n<div class=\"container\">\n<div class=\"row\">\n<div class=\"col-12 col-sm-12 text-center\"><\/div>\n<\/div>\n<\/div>\n<\/section>\n","protected":false},"excerpt":{"rendered":"<p>Spr\u00e5k\u00f6verskridande undervisning inneb\u00e4r ett samarbete mellan skolor med olika undervisningsspr\u00e5k, svenska och finska. Samarbetet kan ing\u00e5 i undervisningen av det andra inhemska spr\u00e5ket (t.ex. klasstandem, eklasstandem), i andra enskilda \u00e4mnen (t.ex. spr\u00e5k\u00f6verskridande samundervisning) eller i \u00e4mnes\u00f6vergripande undervisning (t.ex. spr\u00e5kduschtandem). I resursbanken fokuserar vi p\u00e5 modeller f\u00f6r spr\u00e5k\u00f6verskridande samarbete mellan l\u00e4rare och elevgrupper d\u00e4r syftet \u00e4r &hellip; <a href=\"https:\/\/blogs2.abo.fi\/sprakresurs\/sprakoverskridande-undervisning\/\" class=\"more-link\">Forts\u00e4tt l\u00e4sa <span class=\"screen-reader-text\">Spr\u00e5k\u00f6verskridande samarbete\/Tandem<\/span><\/a><\/p>\n","protected":false},"author":382,"featured_media":0,"parent":0,"menu_order":0,"comment_status":"closed","ping_status":"closed","template":"","meta":{"footnotes":""},"class_list":["post-15","page","type-page","status-publish","hentry"],"_links":{"self":[{"href":"https:\/\/blogs2.abo.fi\/sprakresurs\/wp-json\/wp\/v2\/pages\/15","targetHints":{"allow":["GET"]}}],"collection":[{"href":"https:\/\/blogs2.abo.fi\/sprakresurs\/wp-json\/wp\/v2\/pages"}],"about":[{"href":"https:\/\/blogs2.abo.fi\/sprakresurs\/wp-json\/wp\/v2\/types\/page"}],"author":[{"embeddable":true,"href":"https:\/\/blogs2.abo.fi\/sprakresurs\/wp-json\/wp\/v2\/users\/382"}],"replies":[{"embeddable":true,"href":"https:\/\/blogs2.abo.fi\/sprakresurs\/wp-json\/wp\/v2\/comments?post=15"}],"version-history":[{"count":11,"href":"https:\/\/blogs2.abo.fi\/sprakresurs\/wp-json\/wp\/v2\/pages\/15\/revisions"}],"predecessor-version":[{"id":474,"href":"https:\/\/blogs2.abo.fi\/sprakresurs\/wp-json\/wp\/v2\/pages\/15\/revisions\/474"}],"wp:attachment":[{"href":"https:\/\/blogs2.abo.fi\/sprakresurs\/wp-json\/wp\/v2\/media?parent=15"}],"curies":[{"name":"wp","href":"https:\/\/api.w.org\/{rel}","templated":true}]}}