{"id":141,"date":"2020-04-06T11:10:27","date_gmt":"2020-04-06T08:10:27","guid":{"rendered":"http:\/\/blogs2.abo.fi\/sprakresurs\/?page_id=141"},"modified":"2021-02-22T21:36:56","modified_gmt":"2021-02-22T19:36:56","slug":"sommarlaxor","status":"publish","type":"page","link":"https:\/\/blogs2.abo.fi\/sprakresurs\/kollegialt-larande\/hela-skolstigen-som-larande-gemenskap\/material-och-aktiviteter\/sommarlaxor\/","title":{"rendered":"Sommarl\u00e4xor"},"content":{"rendered":"<h5><strong>Sommarl\u00e4xor \u2013 \u00e5rskursvis<\/strong><\/h5>\n<p><strong>F\u20142<\/strong><\/p>\n<ul>\n<li><a href=\"https:\/\/www.abo.fi\/wp-content\/uploads\/2019\/06\/Sommarlaxa-ak-1-2-2.pdf\">Sommaruppdrag 2018 \u00e5k 2<\/a><\/li>\n<li><a href=\"https:\/\/www.abo.fi\/wp-content\/uploads\/2019\/06\/Min-sprakstig2.pdf\">Sommarl\u00e4xa 2018 \u00e5k 2<\/a><\/li>\n<\/ul>\n<hr \/>\n<p><strong>3\u20144<\/strong><\/p>\n<ul>\n<li><a href=\"https:\/\/www.abo.fi\/wp-content\/uploads\/2019\/06\/Sommarlaxa-2018-ak-3.pdf\">Sommarl\u00e4xa 2018 \u00e5k 3<\/a><\/li>\n<li><a href=\"https:\/\/www.abo.fi\/wp-content\/uploads\/2019\/06\/0322_001.pdf\">Sommaruppgift med l\u00e4sning, skrivning, matematik och tanken\u00f6tter<\/a>\u00a0(0322_001.pdf)<\/li>\n<\/ul>\n<hr \/>\n<p><strong>5\u20146<\/strong><\/p>\n<ul>\n<li><a href=\"https:\/\/www.abo.fi\/wp-content\/uploads\/2019\/06\/Ak-6-sommaruppdrag-2018.pdf\">\u00c5k 6 Sommaruppdrag 2018<\/a><\/li>\n<\/ul>\n<hr \/>\n<p><strong>7\u20149<\/strong><\/p>\n<ul>\n<li><a href=\"https:\/\/www.abo.fi\/wp-content\/uploads\/2019\/06\/Min-sprakstig1.pdf\">Min spr\u00e5kstig \u2013 min svenska<\/a><\/li>\n<\/ul>\n","protected":false},"excerpt":{"rendered":"<p>Sommarl\u00e4xor \u2013 \u00e5rskursvis F\u20142 Sommaruppdrag 2018 \u00e5k 2 Sommarl\u00e4xa 2018 \u00e5k 2 3\u20144 Sommarl\u00e4xa 2018 \u00e5k 3 Sommaruppgift med l\u00e4sning, skrivning, matematik och tanken\u00f6tter\u00a0(0322_001.pdf) 5\u20146 \u00c5k 6 Sommaruppdrag 2018 7\u20149 Min spr\u00e5kstig \u2013 min svenska<\/p>\n","protected":false},"author":409,"featured_media":0,"parent":137,"menu_order":3,"comment_status":"closed","ping_status":"closed","template":"","meta":{"footnotes":""},"class_list":["post-141","page","type-page","status-publish","hentry"],"_links":{"self":[{"href":"https:\/\/blogs2.abo.fi\/sprakresurs\/wp-json\/wp\/v2\/pages\/141","targetHints":{"allow":["GET"]}}],"collection":[{"href":"https:\/\/blogs2.abo.fi\/sprakresurs\/wp-json\/wp\/v2\/pages"}],"about":[{"href":"https:\/\/blogs2.abo.fi\/sprakresurs\/wp-json\/wp\/v2\/types\/page"}],"author":[{"embeddable":true,"href":"https:\/\/blogs2.abo.fi\/sprakresurs\/wp-json\/wp\/v2\/users\/409"}],"replies":[{"embeddable":true,"href":"https:\/\/blogs2.abo.fi\/sprakresurs\/wp-json\/wp\/v2\/comments?post=141"}],"version-history":[{"count":3,"href":"https:\/\/blogs2.abo.fi\/sprakresurs\/wp-json\/wp\/v2\/pages\/141\/revisions"}],"predecessor-version":[{"id":431,"href":"https:\/\/blogs2.abo.fi\/sprakresurs\/wp-json\/wp\/v2\/pages\/141\/revisions\/431"}],"up":[{"embeddable":true,"href":"https:\/\/blogs2.abo.fi\/sprakresurs\/wp-json\/wp\/v2\/pages\/137"}],"wp:attachment":[{"href":"https:\/\/blogs2.abo.fi\/sprakresurs\/wp-json\/wp\/v2\/media?parent=141"}],"curies":[{"name":"wp","href":"https:\/\/api.w.org\/{rel}","templated":true}]}}