{"id":139,"date":"2020-04-06T11:10:27","date_gmt":"2020-04-06T08:10:27","guid":{"rendered":"http:\/\/blogs2.abo.fi\/sprakresurs\/?page_id=139"},"modified":"2021-02-22T21:33:43","modified_gmt":"2021-02-22T19:33:43","slug":"svenska-och-litteratur","status":"publish","type":"page","link":"https:\/\/blogs2.abo.fi\/sprakresurs\/kollegialt-larande\/hela-skolstigen-som-larande-gemenskap\/material-och-aktiviteter\/svenska-och-litteratur\/","title":{"rendered":"Svenska och litteratur"},"content":{"rendered":"<h5><strong>L\u00e4sfixarna:<\/strong><\/h5>\n<p><strong>F\u20142<\/strong><\/p>\n<ul>\n<li><a href=\"https:\/\/www.abo.fi\/wp-content\/uploads\/2019\/06\/Lasfixarna-samarbete-i-ak-2.jpg\">L\u00e4sfixarna samarbete i \u00e5k 2<\/a><\/li>\n<li><a href=\"https:\/\/www.abo.fi\/wp-content\/uploads\/2019\/06\/Detektiven-uppgift-1.pdf\">Detektiven uppgift 1<\/a><\/li>\n<li><a href=\"https:\/\/www.abo.fi\/wp-content\/uploads\/2019\/06\/Detektiven-uppgift-extra-uppgift.pdf\">Detektiven uppgift 1 (extra uppgift)<\/a><\/li>\n<\/ul>\n<hr \/>\n<h5><strong>Bild, ord och mening:<\/strong><\/h5>\n<p><strong>F\u20142<\/strong><\/p>\n<ul>\n<li><a href=\"https:\/\/www.abo.fi\/wp-content\/uploads\/2019\/06\/Bild-och-mening1.pdf\">Bild och mening<\/a><\/li>\n<li><a href=\"https:\/\/www.abo.fi\/wp-content\/uploads\/2019\/06\/Byggaord.jpg\">Bygga ord<\/a><\/li>\n<li><a href=\"https:\/\/www.abo.fi\/wp-content\/uploads\/2019\/06\/Forskolan-bygger-meningar1.pdf\">F\u00f6rskolan bygger meningar<\/a><\/li>\n<li><a href=\"https:\/\/www.abo.fi\/wp-content\/uploads\/2019\/06\/Forskolebarnen-bygger-ord.pdf\">F\u00f6rskolan: bokst\u00e4ver och ord<\/a><\/li>\n<li><a href=\"https:\/\/www.abo.fi\/wp-content\/uploads\/2019\/06\/Hogfrekventa-ord-ak-2.jpg\">H\u00f6gfrekventa ord \u00e5k 2<\/a><\/li>\n<li><a href=\"https:\/\/www.abo.fi\/wp-content\/uploads\/2019\/06\/Kategorisering-av-ord-programmering.jpg\">Kategorisering av ord, programmering, l\u00e4sning<\/a><\/li>\n<li><a href=\"https:\/\/www.abo.fi\/wp-content\/uploads\/2019\/06\/Leta-synonymer.jpg\">Leta synonymer<\/a><\/li>\n<li><a href=\"https:\/\/www.abo.fi\/wp-content\/uploads\/2019\/06\/Matcirkelnordochbild.jpg\">Matcirkel ord och bild \u00e5k 1<\/a><\/li>\n<li><a href=\"https:\/\/www.abo.fi\/wp-content\/uploads\/2019\/06\/KANSLOR.pdf\">Mening och k\u00e4nsla<\/a><\/li>\n<li><a href=\"https:\/\/www.abo.fi\/wp-content\/uploads\/2019\/06\/Nyckelkungen.jpg\">Spel: Nyckelkungen<\/a><\/li>\n<li><a href=\"https:\/\/www.abo.fi\/wp-content\/uploads\/2019\/06\/Ordna-bilderna-och-skriv-.jpg\">Ordna bilderna och skriv<\/a><\/li>\n<li><a href=\"https:\/\/www.abo.fi\/wp-content\/uploads\/2019\/06\/Ordna-meningarna.jpg\">Ordna meningarna<\/a><\/li>\n<li><a href=\"https:\/\/www.abo.fi\/wp-content\/uploads\/2019\/06\/Para-ihop-forklaring-med-ratt-bild.pdf\">Para ihop bild och mening<\/a><\/li>\n<li><a href=\"https:\/\/www.abo.fi\/wp-content\/uploads\/2019\/06\/Smartlab-aktiviteter-F-2.pdf\">Interaktiva aktiviteter\/\u00f6vningar\/spel med \u201cSmartlab\u201d \u00e5k 1<\/a><\/li>\n<li><a href=\"https:\/\/www.abo.fi\/wp-content\/uploads\/2019\/06\/Nellie-Bonner1.pdf\">L\u00e4spussel \u00e5k 1 (Nelly Bonner) \u2013 para ihop ord<\/a><\/li>\n<li><a href=\"https:\/\/www.abo.fi\/wp-content\/uploads\/2019\/06\/Ettornaovardiktamen.jpg\">Ettorna \u00f6var diktamen<\/a><\/li>\n<li><a href=\"https:\/\/www.abo.fi\/wp-content\/uploads\/2019\/06\/Ova-pa-di-ak-2.jpg\">\u00d6va diktamen \u00e5k 2<\/a><\/li>\n<li><a href=\"https:\/\/www.abo.fi\/wp-content\/uploads\/2019\/06\/Ovadiktamenute.jpg\">\u00d6va diktamen ute<\/a><\/li>\n<\/ul>\n<hr \/>\n<h5><strong>L\u00e4slust och l\u00e4sl\u00e4xor:<\/strong><\/h5>\n<p><strong>F\u20142<\/strong><\/p>\n<ul>\n<li><a href=\"https:\/\/www.abo.fi\/wp-content\/uploads\/2019\/06\/Hoglasning-i-ak-2.jpg\">H\u00f6gl\u00e4sning i \u00e5k 2<\/a><\/li>\n<li><a href=\"https:\/\/www.abo.fi\/wp-content\/uploads\/2019\/06\/Sagoriforskolan.jpg\">Sagor i f\u00f6rskolan<\/a><\/li>\n<li><a href=\"https:\/\/www.abo.fi\/wp-content\/uploads\/2019\/06\/Svar-laselaxa-prarieindianer-ak-2.pdf\">Sv\u00e5r l\u00e4sl\u00e4xa om pr\u00e4rieindianer \u00e5k 2<\/a><\/li>\n<li><a href=\"https:\/\/www.abo.fi\/wp-content\/uploads\/2019\/06\/Lasrally.jpg\">L\u00e4srally<\/a><\/li>\n<li><a href=\"https:\/\/www.abo.fi\/wp-content\/uploads\/2019\/06\/Slojdochlasning.jpg\">Sl\u00f6jd och l\u00e4sning \u00c5k 2<\/a><\/li>\n<\/ul>\n<p><strong>7\u20149<\/strong><\/p>\n<ul>\n<li><a href=\"https:\/\/www.abo.fi\/wp-content\/uploads\/2019\/06\/Uppgiftspapper-som-stod-at-elever-som-har-svart-att-orka-lasa-pulpetbok-45-min.pdf\">Uppgiftspapper som st\u00f6d vid l\u00e4sning av pulpetbok<\/a><\/li>\n<\/ul>\n","protected":false},"excerpt":{"rendered":"<p>L\u00e4sfixarna: F\u20142 L\u00e4sfixarna samarbete i \u00e5k 2 Detektiven uppgift 1 Detektiven uppgift 1 (extra uppgift) Bild, ord och mening: F\u20142 Bild och mening Bygga ord F\u00f6rskolan bygger meningar F\u00f6rskolan: bokst\u00e4ver och ord H\u00f6gfrekventa ord \u00e5k 2 Kategorisering av ord, programmering, l\u00e4sning Leta synonymer Matcirkel ord och bild \u00e5k 1 Mening och k\u00e4nsla Spel: Nyckelkungen Ordna &hellip; <a href=\"https:\/\/blogs2.abo.fi\/sprakresurs\/kollegialt-larande\/hela-skolstigen-som-larande-gemenskap\/material-och-aktiviteter\/svenska-och-litteratur\/\" class=\"more-link\">Forts\u00e4tt l\u00e4sa <span class=\"screen-reader-text\">Svenska och litteratur<\/span><\/a><\/p>\n","protected":false},"author":409,"featured_media":0,"parent":137,"menu_order":1,"comment_status":"closed","ping_status":"closed","template":"","meta":{"footnotes":""},"class_list":["post-139","page","type-page","status-publish","hentry"],"_links":{"self":[{"href":"https:\/\/blogs2.abo.fi\/sprakresurs\/wp-json\/wp\/v2\/pages\/139","targetHints":{"allow":["GET"]}}],"collection":[{"href":"https:\/\/blogs2.abo.fi\/sprakresurs\/wp-json\/wp\/v2\/pages"}],"about":[{"href":"https:\/\/blogs2.abo.fi\/sprakresurs\/wp-json\/wp\/v2\/types\/page"}],"author":[{"embeddable":true,"href":"https:\/\/blogs2.abo.fi\/sprakresurs\/wp-json\/wp\/v2\/users\/409"}],"replies":[{"embeddable":true,"href":"https:\/\/blogs2.abo.fi\/sprakresurs\/wp-json\/wp\/v2\/comments?post=139"}],"version-history":[{"count":6,"href":"https:\/\/blogs2.abo.fi\/sprakresurs\/wp-json\/wp\/v2\/pages\/139\/revisions"}],"predecessor-version":[{"id":406,"href":"https:\/\/blogs2.abo.fi\/sprakresurs\/wp-json\/wp\/v2\/pages\/139\/revisions\/406"}],"up":[{"embeddable":true,"href":"https:\/\/blogs2.abo.fi\/sprakresurs\/wp-json\/wp\/v2\/pages\/137"}],"wp:attachment":[{"href":"https:\/\/blogs2.abo.fi\/sprakresurs\/wp-json\/wp\/v2\/media?parent=139"}],"curies":[{"name":"wp","href":"https:\/\/api.w.org\/{rel}","templated":true}]}}