{"id":130,"date":"2020-03-20T13:11:49","date_gmt":"2020-03-20T11:11:49","guid":{"rendered":"http:\/\/blogs2.abo.fi\/sprakresurs\/?page_id=130"},"modified":"2026-01-02T12:49:29","modified_gmt":"2026-01-02T10:49:29","slug":"kontakt","status":"publish","type":"page","link":"https:\/\/blogs2.abo.fi\/sprakresurs\/kontakt\/","title":{"rendered":"Kontakt"},"content":{"rendered":"<h4>Spr\u00e5k- och kunskapsutvecklande undervisning<\/h4>\n<p>Lotta Forsman, liselott.forsman@abo.fi<\/p>\n<h4>Spr\u00e5kbad och CLIL<\/h4>\n<p>Siv Bj\u00f6rklund, siv.bjorklund@abo.fi<\/p>\n<h4>Modersm\u00e5lsinriktad finska<\/h4>\n<p>Michaela P\u00f6rn, michaela.poern@abo.fi<\/p>\n<h4>Tandem<\/h4>\n<p>Katri Hansell, katri.hansell@abo.fi<\/p>\n<p>Michaela P\u00f6rn, michaela.poern@abo.fi<\/p>\n<p>Johanna Still (sm\u00e5barnspedagogik), johanna.still@abo.fi<\/p>\n<p>&nbsp;<\/p>\n<h4>Kontakt ang\u00e5ende Spr\u00e5kresurs-webbsidan<\/h4>\n<p>Lotta Forsman, liselott.forsman@abo.fi<\/p>\n<p>&nbsp;<\/p>\n<p>&nbsp;<\/p>\n","protected":false},"excerpt":{"rendered":"<p>Spr\u00e5k- och kunskapsutvecklande undervisning Lotta Forsman, liselott.forsman@abo.fi Spr\u00e5kbad och CLIL Siv Bj\u00f6rklund, siv.bjorklund@abo.fi Modersm\u00e5lsinriktad finska Michaela P\u00f6rn, michaela.poern@abo.fi Tandem Katri Hansell, katri.hansell@abo.fi Michaela P\u00f6rn, michaela.poern@abo.fi Johanna Still (sm\u00e5barnspedagogik), johanna.still@abo.fi &nbsp; Kontakt ang\u00e5ende Spr\u00e5kresurs-webbsidan Lotta Forsman, liselott.forsman@abo.fi &nbsp; &nbsp;<\/p>\n","protected":false},"author":409,"featured_media":0,"parent":0,"menu_order":0,"comment_status":"closed","ping_status":"closed","template":"","meta":{"footnotes":""},"class_list":["post-130","page","type-page","status-publish","hentry"],"_links":{"self":[{"href":"https:\/\/blogs2.abo.fi\/sprakresurs\/wp-json\/wp\/v2\/pages\/130","targetHints":{"allow":["GET"]}}],"collection":[{"href":"https:\/\/blogs2.abo.fi\/sprakresurs\/wp-json\/wp\/v2\/pages"}],"about":[{"href":"https:\/\/blogs2.abo.fi\/sprakresurs\/wp-json\/wp\/v2\/types\/page"}],"author":[{"embeddable":true,"href":"https:\/\/blogs2.abo.fi\/sprakresurs\/wp-json\/wp\/v2\/users\/409"}],"replies":[{"embeddable":true,"href":"https:\/\/blogs2.abo.fi\/sprakresurs\/wp-json\/wp\/v2\/comments?post=130"}],"version-history":[{"count":7,"href":"https:\/\/blogs2.abo.fi\/sprakresurs\/wp-json\/wp\/v2\/pages\/130\/revisions"}],"predecessor-version":[{"id":1022,"href":"https:\/\/blogs2.abo.fi\/sprakresurs\/wp-json\/wp\/v2\/pages\/130\/revisions\/1022"}],"wp:attachment":[{"href":"https:\/\/blogs2.abo.fi\/sprakresurs\/wp-json\/wp\/v2\/media?parent=130"}],"curies":[{"name":"wp","href":"https:\/\/api.w.org\/{rel}","templated":true}]}}