{"id":13,"date":"2020-03-09T19:31:57","date_gmt":"2020-03-09T17:31:57","guid":{"rendered":"http:\/\/blogs2.abo.fi\/sprakresurs\/?page_id=13"},"modified":"2024-12-17T15:24:23","modified_gmt":"2024-12-17T13:24:23","slug":"sprak-och-kunskapsutvecklande-amnesundervisning","status":"publish","type":"page","link":"https:\/\/blogs2.abo.fi\/sprakresurs\/sprak-och-kunskapsutvecklande-amnesundervisning\/","title":{"rendered":"Spr\u00e5k- och kunskapsutvecklande \u00e4mnesundervisning"},"content":{"rendered":"<p>Ingen elev kommer till skolan med ett f\u00e4rdigutvecklat kunskapsspr\u00e5k! Alla elever drar allts\u00e5 nytta av spr\u00e5k- och kunskapsutvecklande undervisning, oberoende av modersm\u00e5l. I rullgardinsmenyn kan du ta del av vad spr\u00e5k- och kunskapsutvecklande undervisning inneb\u00e4r, konkretiserat genom n\u00e5gra nedslag l\u00e4ngs l\u00e4rstigen. Vi hoppas att du ser m\u00f6jligheterna att till\u00e4mpa allt fler av de st\u00f6djande principerna i det egna klassrumsarbetet!<\/p>\n<p>Du kan ocks\u00e5 ta del av hur en grupp l\u00e4rare med hj\u00e4lp av samundervisning f\u00f6r\u00e4ndrat undervisningen i mer spr\u00e5k- och kunskapsutvecklande riktning (f\u00f6r fler exempel p\u00e5 kollegialt utvecklingsarbete, se <a href=\"http:\/\/blogs2.abo.fi\/sprakresurs\/sprakbad-och-clil\/\">Spr\u00e5kbad och CLIL<\/a> samt <a href=\"http:\/\/blogs2.abo.fi\/sprakresurs\/kollegialt-utvecklingsarbete-med-sprakfokus\/\">Kollegialt l\u00e4rande<\/a>).<\/p>\n<p>Missa inte undervisningsmaterial och filmklipp som illustrerar det konkreta arbetet med l\u00e4sf\u00f6rst\u00e5elsestrategier och genreskrivande (n\u00e5s ocks\u00e5 via l\u00e4nkar inne i texterna)!<\/p>\n","protected":false},"excerpt":{"rendered":"<p>Ingen elev kommer till skolan med ett f\u00e4rdigutvecklat kunskapsspr\u00e5k! Alla elever drar allts\u00e5 nytta av spr\u00e5k- och kunskapsutvecklande undervisning, oberoende av modersm\u00e5l. I rullgardinsmenyn kan du ta del av vad spr\u00e5k- och kunskapsutvecklande undervisning inneb\u00e4r, konkretiserat genom n\u00e5gra nedslag l\u00e4ngs l\u00e4rstigen. Vi hoppas att du ser m\u00f6jligheterna att till\u00e4mpa allt fler av de st\u00f6djande principerna &hellip; <a href=\"https:\/\/blogs2.abo.fi\/sprakresurs\/sprak-och-kunskapsutvecklande-amnesundervisning\/\" class=\"more-link\">Forts\u00e4tt l\u00e4sa <span class=\"screen-reader-text\">Spr\u00e5k- och kunskapsutvecklande \u00e4mnesundervisning<\/span><\/a><\/p>\n","protected":false},"author":382,"featured_media":0,"parent":0,"menu_order":0,"comment_status":"closed","ping_status":"closed","template":"","meta":{"footnotes":""},"class_list":["post-13","page","type-page","status-publish","hentry"],"_links":{"self":[{"href":"https:\/\/blogs2.abo.fi\/sprakresurs\/wp-json\/wp\/v2\/pages\/13","targetHints":{"allow":["GET"]}}],"collection":[{"href":"https:\/\/blogs2.abo.fi\/sprakresurs\/wp-json\/wp\/v2\/pages"}],"about":[{"href":"https:\/\/blogs2.abo.fi\/sprakresurs\/wp-json\/wp\/v2\/types\/page"}],"author":[{"embeddable":true,"href":"https:\/\/blogs2.abo.fi\/sprakresurs\/wp-json\/wp\/v2\/users\/382"}],"replies":[{"embeddable":true,"href":"https:\/\/blogs2.abo.fi\/sprakresurs\/wp-json\/wp\/v2\/comments?post=13"}],"version-history":[{"count":28,"href":"https:\/\/blogs2.abo.fi\/sprakresurs\/wp-json\/wp\/v2\/pages\/13\/revisions"}],"predecessor-version":[{"id":927,"href":"https:\/\/blogs2.abo.fi\/sprakresurs\/wp-json\/wp\/v2\/pages\/13\/revisions\/927"}],"wp:attachment":[{"href":"https:\/\/blogs2.abo.fi\/sprakresurs\/wp-json\/wp\/v2\/media?parent=13"}],"curies":[{"name":"wp","href":"https:\/\/api.w.org\/{rel}","templated":true}]}}