{"id":116,"date":"2020-03-20T13:07:20","date_gmt":"2020-03-20T11:07:20","guid":{"rendered":"http:\/\/blogs2.abo.fi\/sprakresurs\/?page_id=116"},"modified":"2025-05-27T18:37:54","modified_gmt":"2025-05-27T15:37:54","slug":"hela-skolstigen-som-larande-gemenskap","status":"publish","type":"page","link":"https:\/\/blogs2.abo.fi\/sprakresurs\/kollegialt-larande\/hela-skolstigen-som-larande-gemenskap\/","title":{"rendered":"Hela skolstigen som l\u00e4rande gemenskap"},"content":{"rendered":"<h5>Med sikte p\u00e5 spr\u00e5k- och kunskapsutvecklande undervisning i hela skolan<\/h5>\n<p>Inspireras av spr\u00e5kst\u00e4rkande aktiviteter som l\u00e4rare i Bj\u00f6rneborgs svenska samskola F\u20132 delar med sig av! Du hittar aktiviteterna i fliken <em>Material och aktiviteter fr\u00e5n BSS<\/em>.<\/p>\n<p>Svenska Kulturfonden i Bj\u00f6rneborg ordnade 28.3.2019 ett \u00f6ppet seminarium med experten p\u00e5 flerspr\u00e5kig skola Jim Cummins. I l\u00e4nkarna hittar du livestreamen och seminarieprogrammet som \u00e4ven inneh\u00e5ller Jim Cummins abstrakt <em>Multilingual Educational Directions: Exploring Options for School Identity, Pedagogy, and Organization<\/em>.<\/p>\n<p><a href=\"https:\/\/www.youtube.com\/watch?v=DGrn_T7pP3c&amp;feature=youtu.be\" target=\"_blank\" rel=\"noopener noreferrer\">Livestream: Cummins presentation fr\u00e5n 24:51<\/a><br \/>\n<a href=\"http:\/\/www.skib.fi\/media\/1120\/seminarium-i-bjoerneborg-med-jim-cummins-2832019.pdf\" target=\"_blank\" rel=\"noopener noreferrer\">Seminarieprogram och abstrakt<\/a><\/p>\n","protected":false},"excerpt":{"rendered":"<p>Med sikte p\u00e5 spr\u00e5k- och kunskapsutvecklande undervisning i hela skolan Inspireras av spr\u00e5kst\u00e4rkande aktiviteter som l\u00e4rare i Bj\u00f6rneborgs svenska samskola F\u20132 delar med sig av! Du hittar aktiviteterna i fliken Material och aktiviteter fr\u00e5n BSS. Svenska Kulturfonden i Bj\u00f6rneborg ordnade 28.3.2019 ett \u00f6ppet seminarium med experten p\u00e5 flerspr\u00e5kig skola Jim Cummins. I l\u00e4nkarna hittar du &hellip; <a href=\"https:\/\/blogs2.abo.fi\/sprakresurs\/kollegialt-larande\/hela-skolstigen-som-larande-gemenskap\/\" class=\"more-link\">Forts\u00e4tt l\u00e4sa <span class=\"screen-reader-text\">Hela skolstigen som l\u00e4rande gemenskap<\/span><\/a><\/p>\n","protected":false},"author":409,"featured_media":0,"parent":17,"menu_order":6,"comment_status":"closed","ping_status":"closed","template":"","meta":{"footnotes":""},"class_list":["post-116","page","type-page","status-publish","hentry"],"_links":{"self":[{"href":"https:\/\/blogs2.abo.fi\/sprakresurs\/wp-json\/wp\/v2\/pages\/116","targetHints":{"allow":["GET"]}}],"collection":[{"href":"https:\/\/blogs2.abo.fi\/sprakresurs\/wp-json\/wp\/v2\/pages"}],"about":[{"href":"https:\/\/blogs2.abo.fi\/sprakresurs\/wp-json\/wp\/v2\/types\/page"}],"author":[{"embeddable":true,"href":"https:\/\/blogs2.abo.fi\/sprakresurs\/wp-json\/wp\/v2\/users\/409"}],"replies":[{"embeddable":true,"href":"https:\/\/blogs2.abo.fi\/sprakresurs\/wp-json\/wp\/v2\/comments?post=116"}],"version-history":[{"count":11,"href":"https:\/\/blogs2.abo.fi\/sprakresurs\/wp-json\/wp\/v2\/pages\/116\/revisions"}],"predecessor-version":[{"id":951,"href":"https:\/\/blogs2.abo.fi\/sprakresurs\/wp-json\/wp\/v2\/pages\/116\/revisions\/951"}],"up":[{"embeddable":true,"href":"https:\/\/blogs2.abo.fi\/sprakresurs\/wp-json\/wp\/v2\/pages\/17"}],"wp:attachment":[{"href":"https:\/\/blogs2.abo.fi\/sprakresurs\/wp-json\/wp\/v2\/media?parent=116"}],"curies":[{"name":"wp","href":"https:\/\/api.w.org\/{rel}","templated":true}]}}