{"id":48,"date":"2021-10-25T09:45:03","date_gmt":"2021-10-25T07:45:03","guid":{"rendered":"https:\/\/blogs2.abo.fi\/sprakoped\/?page_id=48"},"modified":"2022-12-09T15:07:36","modified_gmt":"2022-12-09T13:07:36","slug":"sprakoar-i-finland","status":"publish","type":"page","link":"https:\/\/blogs2.abo.fi\/sprakoped\/sprakoar-i-finland\/","title":{"rendered":"Spr\u00e5k\u00f6ar i Finland"},"content":{"rendered":"<p>I nul\u00e4get finns det 15 spr\u00e5k\u00f6ar i Finland. P\u00e5 dessa orter ordnas sm\u00e5barnspedagogik och grundl\u00e4ggande utbildning p\u00e5 svenska. Nedan finns de listade samt l\u00e4nkar till skolornas webbsida.<\/p>\n<p><strong>Traditionella spr\u00e5k\u00f6ar<\/strong><\/p>\n<ul>\n<li><strong>Bj\u00f6rneborg: <\/strong><a href=\"https:\/\/www.bjss.fi\/\">Bj\u00f6rneborgs svenska samskola<\/a> \/ BSS Daghemmet<\/li>\n<li><strong>Kotka:<\/strong> <a href=\"http:\/\/www.kotkasamskola.com\/\">Kotka svenska samskola<\/a> \/ Kotka svenska barntr\u00e4dg\u00e5rd<\/li>\n<li><strong>Tammerfors:<\/strong>\u00a0<a href=\"http:\/\/www.samskolan.fi\/\">Svenska samskolan i Tammerfors<\/a> \/ Svenska barndaghemmet i Tammerfors<\/li>\n<li><strong>Ule\u00e5borg:<\/strong> <a href=\"https:\/\/www.spsu.fi\/\">Svenska privatskolan i Ule\u00e5borg<\/a> \/ Svenska barntr\u00e4dg\u00e5rden i Ule\u00e5borg<\/li>\n<\/ul>\n<p><strong>Sm\u00e5 spr\u00e5k\u00f6ar<\/strong><\/p>\n<ul>\n<li><strong>Hyvinge:<\/strong> <a href=\"https:\/\/www.hyvinkaa.fi\/kasvatus-ja-koulutus\/perusopetus\/peruskoulut\/svenska-skolan-i-hyvinge\/\">Svenska skolan i Hyvinge<\/a>\u00a0\/ Hyvinge daghem<\/li>\n<li><strong>Jyv\u00e4skyl\u00e4:<\/strong> <a href=\"https:\/\/peda.net\/jyvaskyla\/kuokkalanyhtenaiskoulu\/su\">Kuokkala svenska skola<\/a>\u00a0\/ Onnimanni daghem i Kuokkala<\/li>\n<li><strong>Kervo:<\/strong> <a href=\"https:\/\/oppilaitokset.kerava.fi\/koulut\/svenskbacka-skola\">Svenskbacka skola<\/a>\u00a0\/ Kervo svenska daghem Trollebo<\/li>\n<li><strong>Kouvola:<\/strong> <a href=\"https:\/\/peda.net\/kouvola\/perusopetus\/koulut\/svenskaskolan\">Kuusankoski svenska skola<\/a> \/ Daghemmet Lekis i Kuusankoski, Daghemmet Villekulla i Valkeala<\/li>\n<li><strong>Lahtis:<\/strong> <a href=\"https:\/\/www.lahti.fi\/kasvatus-ja-koulutus\/perusopetus\/koulut\/lahden-ruotsinkielinen-koulu\/\">Svenska skolan i Lahtis<\/a>\u00a0\/ Svenska daghemmet i Lahtis<\/li>\n<li><strong>Nurmij\u00e4rvi:<\/strong> <a href=\"https:\/\/www.nurmijarvi.fi\/koulut\/vendlaskolan\/\">Vendlaskolan<\/a>\u00a0\/ Daghemmet \u00c4ppelg\u00e5rden<\/li>\n<li><strong>Salo:<\/strong> <a href=\"https:\/\/salo.fi\/varhaiskasvatus-ja-koulutus\/perusopetus\/koulut\/salo-svenska-skola\/\">Salo svenska skola<\/a> \/ Ollikkalan p\u00e4iv\u00e4koti, gruppen Solstr\u00e5larna<\/li>\n<li><strong>St. Karins:<\/strong> <a href=\"https:\/\/stkarinssvenskaskola.com\/\">St. Karins svenska skola<\/a>\u00a0\/ St. Karins svenska daghem, Daghemmet Skogsgl\u00e4ntan<\/li>\n<li><strong>Tavastehus:<\/strong> <a href=\"https:\/\/www.hameenlinna.fi\/varhaiskasvatus-ja-koulutus\/perusopetus\/peruskoulut\/seminaarin-koulu\/\">Seminaarin koulu<\/a> \/ Jappebo daghem<\/li>\n<li><strong>Tusby:<\/strong> <a href=\"https:\/\/www.tuusula.fi\/koulu\/index.tmpl?sivu_id=8397\">Klemetskog skola<\/a>\u00a0\/ Kievari daghem<\/li>\n<li><strong>Vichtis:<\/strong> <a href=\"https:\/\/www.vihti.fi\/kasvatus-ja-koulutus\/perusopetus\/1-6-luokkien-koulut\/nummelan-skola\/\">Nummela skola<\/a>\u00a0\/ Daghemmet Aleksandra<\/li>\n<\/ul>\n","protected":false},"excerpt":{"rendered":"<p>I nul\u00e4get finns det 15 spr\u00e5k\u00f6ar i Finland. P\u00e5 dessa orter ordnas sm\u00e5barnspedagogik och grundl\u00e4ggande utbildning p\u00e5 svenska. Nedan finns de listade samt l\u00e4nkar till skolornas webbsida. Traditionella spr\u00e5k\u00f6ar Bj\u00f6rneborg: Bj\u00f6rneborgs svenska samskola \/ BSS Daghemmet Kotka: Kotka svenska samskola \/ Kotka svenska barntr\u00e4dg\u00e5rd Tammerfors:\u00a0Svenska samskolan i Tammerfors \/ Svenska barndaghemmet i Tammerfors Ule\u00e5borg: Svenska [&hellip;]<\/p>\n","protected":false},"author":677,"featured_media":0,"parent":0,"menu_order":0,"comment_status":"closed","ping_status":"closed","template":"","meta":{"footnotes":""},"class_list":["post-48","page","type-page","status-publish","hentry"],"_links":{"self":[{"href":"https:\/\/blogs2.abo.fi\/sprakoped\/wp-json\/wp\/v2\/pages\/48","targetHints":{"allow":["GET"]}}],"collection":[{"href":"https:\/\/blogs2.abo.fi\/sprakoped\/wp-json\/wp\/v2\/pages"}],"about":[{"href":"https:\/\/blogs2.abo.fi\/sprakoped\/wp-json\/wp\/v2\/types\/page"}],"author":[{"embeddable":true,"href":"https:\/\/blogs2.abo.fi\/sprakoped\/wp-json\/wp\/v2\/users\/677"}],"replies":[{"embeddable":true,"href":"https:\/\/blogs2.abo.fi\/sprakoped\/wp-json\/wp\/v2\/comments?post=48"}],"version-history":[{"count":8,"href":"https:\/\/blogs2.abo.fi\/sprakoped\/wp-json\/wp\/v2\/pages\/48\/revisions"}],"predecessor-version":[{"id":314,"href":"https:\/\/blogs2.abo.fi\/sprakoped\/wp-json\/wp\/v2\/pages\/48\/revisions\/314"}],"wp:attachment":[{"href":"https:\/\/blogs2.abo.fi\/sprakoped\/wp-json\/wp\/v2\/media?parent=48"}],"curies":[{"name":"wp","href":"https:\/\/api.w.org\/{rel}","templated":true}]}}