{"id":336,"date":"2022-12-19T11:48:28","date_gmt":"2022-12-19T09:48:28","guid":{"rendered":"https:\/\/blogs2.abo.fi\/sprakoped\/?page_id=336"},"modified":"2023-11-07T14:32:26","modified_gmt":"2023-11-07T12:32:26","slug":"sprakoar-i-media","status":"publish","type":"page","link":"https:\/\/blogs2.abo.fi\/sprakoped\/sprakoar-i-media\/","title":{"rendered":"Spr\u00e5k\u00f6ar i media"},"content":{"rendered":"<p><strong>Nedan hittar du webbnyheter och -artiklar om spr\u00e5k\u00f6ar.<\/strong><\/p>\n<p><a href=\"https:\/\/svenska.yle.fi\/a\/7-10044895\">\u201dDet \u00e4r bra att ha ett hemligt spr\u00e5k\u201d \u2013 spr\u00e5k\u00f6n i Kervo v\u00e4xer d\u00e5 finskspr\u00e5kiga vill att barnen l\u00e4r sig svenska<\/a> (Svenska Yle 6.11.2023)<\/p>\n<p><a href=\"https:\/\/www.vihdinuutiset.fi\/paikalliset\/6327593\">Vihdiss\u00e4kin vietet\u00e4\u00e4n Ruotsalaisuuden viikkoa \u2013\u2009tapahtumaviikolle kutsuttu mukaan kaikki Suomen kielisaarekkeet<\/a> (Vihdin Uutiset 6.11.2023)<\/p>\n<p><a href=\"https:\/\/svenska.yle.fi\/a\/7-10038188\">Bj\u00f6rneborgs svenska samskola satsar p\u00e5 flerspr\u00e5kighet: \u201cVi vill att alla ska kunna bekanta sig med svenskspr\u00e5kig och nordisk kultur\u201d<\/a> (Svenska Yle 18.7.2023)<\/p>\n<p><a href=\"https:\/\/kommuntorget.fi\/kategori-samhalle-och-valfard\/uppdrag-sprakoar-tar-omstart-pa-hanaholmen\/\" target=\"_blank\" rel=\"noopener\">Uppdrag spr\u00e5k\u00f6ar tar omstart p\u00e5 Hanaholmen<\/a> (Kommuntorget 2.6.2023)<\/p>\n<p><a href=\"https:\/\/www.lararen.fi\/skolan\/sprakoarna-skulle-behova-en-egen-svensk-undervisningschef\/\" target=\"_blank\" rel=\"noopener\">\u201dSpr\u00e5k\u00f6arna skulle beh\u00f6va en egen svensk undervisningschef\u201d<\/a> (L\u00e4raren 16.3.2023)<\/p>\n<p><a href=\"https:\/\/www.lararen.fi\/skolan\/kuokkala-skola-en-svensk-oas-i-jyvaskyla\/\" target=\"_blank\" rel=\"noopener\">Kuokkala skola \u2013 en svensk oas i Jyv\u00e4skyl\u00e4<\/a> (L\u00e4raren 16.3.2023)<\/p>\n<p><a href=\"https:\/\/yle.fi\/a\/74-20003516\" target=\"_blank\" rel=\"noopener\">Keskell\u00e4 suomenkielist\u00e4 kaupunkia on koulu, jossa puhutaan ruotsia \u2013 oppilaat opettivat suomea puhuvan kaverin saamaan kokeesta kympin<\/a> (Yle 6.11.2022)<\/p>\n<p><a href=\"https:\/\/svenska.yle.fi\/a\/7-10021756\" target=\"_blank\" rel=\"noopener\">Ofta kan skolan vara det enda st\u00e4llet d\u00e4r barn talar svenska \u2013 ny konferens lyfter upp det speciella med att l\u00e4ra sig svenska i en spr\u00e5k\u00f6<\/a> (Svenska Yle 14.10.2022)<\/p>\n<p><a href=\"https:\/\/demokraatti.fi\/i-salo-ar-man-valvillig-till-det-svenska\" target=\"_blank\" rel=\"noopener\">I Salo \u00e4r man v\u00e4lvillig till det svenska<\/a> (Demokraatti 12.10.2022)<\/p>\n<p><a href=\"https:\/\/www.satakunnankansa.fi\/lukijalta\/art-2000009118578.html\" target=\"_blank\" rel=\"noopener\">Maamme rikkaus on sen monikielisyys<\/a> (Satakunnan Kansa 8.10.2022)<\/p>\n<p><a href=\"https:\/\/www.suomenruotsinopettajat.fi\/images\/Poppis_1-2022_Karin_Ihalainen1.pdf\" target=\"_blank\" rel=\"noopener\">Nu tar vi fokus p\u00e5 spr\u00e5k\u00f6arna! <\/a>(Poppis 1\/2022)<\/p>\n<p><a href=\"https:\/\/www.vihdinuutiset.fi\/paikalliset\/4345611\" target=\"_blank\" rel=\"noopener\">Vihti mukana 15 kunnan Kielisaareke-hankkeessa<\/a> (Vihdin uutiset 30.10.2021)<\/p>\n<p><a href=\"https:\/\/www.kommunforbundet.fi\/aktuellt\/2021\/sprakoarna-ar-viktiga-utposter-i-svenskfinland\" target=\"_blank\" rel=\"noopener\">Spr\u00e5k\u00f6arna \u00e4r viktiga utposter i Svenskfinland<\/a> (Kommunf\u00f6rbundet 25.8.2021)<\/p>\n<p><a href=\"https:\/\/barnkultur.luckan.fi\/vind-i-seglen-for-det-svenska-skeppet-vid-sprakon-lahtis\/\" target=\"_blank\" rel=\"noopener\">Vind i seglen f\u00f6r det svenska skeppet vid spr\u00e5k\u00f6n Lahtis<\/a> (Luckan barnkultur 22.4.2021)<\/p>\n<p><a href=\"https:\/\/folktinget.fi\/sv\/start\/article-129228-75312-lyssna-pa-det-tre-avsnittet-av-folktingets-podd\" target=\"_blank\" rel=\"noopener\">Alla borde ha en spr\u00e5k\u00f6<\/a> (Folktingets podd 24.10.2020)<\/p>\n<p><a href=\"https:\/\/yle.fi\/a\/3-11054601\" target=\"_blank\" rel=\"noopener\">Jyv\u00e4skyl\u00e4ss\u00e4 ei ole vastakkainasettelua suomen- ja ruotsinkielisten v\u00e4lill\u00e4<\/a> (Yle 6.11.2019)<\/p>\n<p><a href=\"https:\/\/www.hs.fi\/kaupunki\/hyvinkaa\/art-2000006295162.html\" target=\"_blank\" rel=\"noopener\">Pieni ruotsinkielinen yhteis\u00f6 on sinnitellyt Hyvink\u00e4\u00e4ll\u00e4 yli sata vuotta<\/a> (Helsingin Sanomat 4.11.2019)<\/p>\n","protected":false},"excerpt":{"rendered":"<p>Nedan hittar du webbnyheter och -artiklar om spr\u00e5k\u00f6ar. \u201dDet \u00e4r bra att ha ett hemligt spr\u00e5k\u201d \u2013 spr\u00e5k\u00f6n i Kervo v\u00e4xer d\u00e5 finskspr\u00e5kiga vill att barnen l\u00e4r sig svenska (Svenska Yle 6.11.2023) Vihdiss\u00e4kin vietet\u00e4\u00e4n Ruotsalaisuuden viikkoa \u2013\u2009tapahtumaviikolle kutsuttu mukaan kaikki Suomen kielisaarekkeet (Vihdin Uutiset 6.11.2023) Bj\u00f6rneborgs svenska samskola satsar p\u00e5 flerspr\u00e5kighet: \u201cVi vill att alla [&hellip;]<\/p>\n","protected":false},"author":770,"featured_media":0,"parent":0,"menu_order":0,"comment_status":"closed","ping_status":"closed","template":"","meta":{"footnotes":""},"class_list":["post-336","page","type-page","status-publish","hentry"],"_links":{"self":[{"href":"https:\/\/blogs2.abo.fi\/sprakoped\/wp-json\/wp\/v2\/pages\/336","targetHints":{"allow":["GET"]}}],"collection":[{"href":"https:\/\/blogs2.abo.fi\/sprakoped\/wp-json\/wp\/v2\/pages"}],"about":[{"href":"https:\/\/blogs2.abo.fi\/sprakoped\/wp-json\/wp\/v2\/types\/page"}],"author":[{"embeddable":true,"href":"https:\/\/blogs2.abo.fi\/sprakoped\/wp-json\/wp\/v2\/users\/770"}],"replies":[{"embeddable":true,"href":"https:\/\/blogs2.abo.fi\/sprakoped\/wp-json\/wp\/v2\/comments?post=336"}],"version-history":[{"count":6,"href":"https:\/\/blogs2.abo.fi\/sprakoped\/wp-json\/wp\/v2\/pages\/336\/revisions"}],"predecessor-version":[{"id":395,"href":"https:\/\/blogs2.abo.fi\/sprakoped\/wp-json\/wp\/v2\/pages\/336\/revisions\/395"}],"wp:attachment":[{"href":"https:\/\/blogs2.abo.fi\/sprakoped\/wp-json\/wp\/v2\/media?parent=336"}],"curies":[{"name":"wp","href":"https:\/\/api.w.org\/{rel}","templated":true}]}}