{"id":271,"date":"2022-11-03T16:20:24","date_gmt":"2022-11-03T14:20:24","guid":{"rendered":"https:\/\/blogs2.abo.fi\/sprakoped\/?page_id=271"},"modified":"2024-04-30T14:35:53","modified_gmt":"2024-04-30T12:35:53","slug":"dataskydd-gdpr","status":"publish","type":"page","link":"https:\/\/blogs2.abo.fi\/sprakoped\/dataskydd-gdpr\/","title":{"rendered":"Dataskydd (GDPR)"},"content":{"rendered":"<h3>H\u00e4r hittar du dataskyddsmeddelandena f\u00f6r projektet:<\/h3>\n<ul>\n<li>Dataskyddsmeddelande f\u00f6r v\u00e5rdnadshavarenk\u00e4ten: <a href=\"http:\/\/blogs2.abo.fi\/sprakoped\/wp-content\/uploads\/sites\/197\/2024\/04\/Dataskyddsmeddelande-vardnadshavarenkat-Sprakoped.pdf\">Dataskyddsmeddelande, v\u00e5rdnadshavarenk\u00e4t, SPR\u00c5K\u00d6PED<\/a> (PDF)<\/li>\n<li>Allm\u00e4nt dataskyddsmeddelande:\u00a0<a style=\"font-size: 1rem\" href=\"http:\/\/blogs2.abo.fi\/sprakoped\/wp-content\/uploads\/sites\/197\/2022\/11\/Dataskydd-Sprakoped.pdf\">Dataskyddsmeddelande, SPR\u00c5K\u00d6PED<\/a><span style=\"font-size: 1rem\"> (PDF)<\/span><\/li>\n<\/ul>\n","protected":false},"excerpt":{"rendered":"<p>H\u00e4r hittar du dataskyddsmeddelandena f\u00f6r projektet: Dataskyddsmeddelande f\u00f6r v\u00e5rdnadshavarenk\u00e4ten: Dataskyddsmeddelande, v\u00e5rdnadshavarenk\u00e4t, SPR\u00c5K\u00d6PED (PDF) Allm\u00e4nt dataskyddsmeddelande:\u00a0Dataskyddsmeddelande, SPR\u00c5K\u00d6PED (PDF)<\/p>\n","protected":false},"author":745,"featured_media":0,"parent":0,"menu_order":0,"comment_status":"closed","ping_status":"closed","template":"","meta":{"footnotes":""},"class_list":["post-271","page","type-page","status-publish","hentry"],"_links":{"self":[{"href":"https:\/\/blogs2.abo.fi\/sprakoped\/wp-json\/wp\/v2\/pages\/271","targetHints":{"allow":["GET"]}}],"collection":[{"href":"https:\/\/blogs2.abo.fi\/sprakoped\/wp-json\/wp\/v2\/pages"}],"about":[{"href":"https:\/\/blogs2.abo.fi\/sprakoped\/wp-json\/wp\/v2\/types\/page"}],"author":[{"embeddable":true,"href":"https:\/\/blogs2.abo.fi\/sprakoped\/wp-json\/wp\/v2\/users\/745"}],"replies":[{"embeddable":true,"href":"https:\/\/blogs2.abo.fi\/sprakoped\/wp-json\/wp\/v2\/comments?post=271"}],"version-history":[{"count":7,"href":"https:\/\/blogs2.abo.fi\/sprakoped\/wp-json\/wp\/v2\/pages\/271\/revisions"}],"predecessor-version":[{"id":439,"href":"https:\/\/blogs2.abo.fi\/sprakoped\/wp-json\/wp\/v2\/pages\/271\/revisions\/439"}],"wp:attachment":[{"href":"https:\/\/blogs2.abo.fi\/sprakoped\/wp-json\/wp\/v2\/media?parent=271"}],"curies":[{"name":"wp","href":"https:\/\/api.w.org\/{rel}","templated":true}]}}