{"id":234,"date":"2022-09-16T12:08:05","date_gmt":"2022-09-16T10:08:05","guid":{"rendered":"https:\/\/blogs2.abo.fi\/sprakoped\/?page_id=234"},"modified":"2024-05-17T07:13:10","modified_gmt":"2024-05-17T05:13:10","slug":"aktuellt-2","status":"publish","type":"page","link":"https:\/\/blogs2.abo.fi\/sprakoped\/aktuellt-2\/","title":{"rendered":"Aktuellt"},"content":{"rendered":"<h3><strong>L\u00e4s\u00e5ret 2023-2024<\/strong><\/h3>\n<p>Transkribering och analysering av insamlad data forts\u00e4tter \u00e4ven under detta l\u00e4s\u00e5r. Projektgruppen har bes\u00f6kt n\u00e5gra spr\u00e5k\u00f6enheter f\u00f6r att bl.a. f\u00e5 en uppdaterad bild av det aktuella. \u00c4ven n\u00e5gra l\u00e4rarstuderande har varit med p\u00e5 en del av bes\u00f6ken. Dessutom har projektgruppen utarbetat\u00a0 en v\u00e5rdnadshavarenk\u00e4t som skickades ut till projektets fokusorter i b\u00f6rjan av maj 2024.<\/p>\n<h3><strong>L\u00e4s\u00e5ret 2022-2023\u00a0<\/strong><\/h3>\n<p>Datainsamlingen och observationerna inleddes under h\u00f6sten 2022 p\u00e5 fokusorterna. Projektgruppen bes\u00f6kte sammanlagt sju enheter p\u00e5 tre olika spr\u00e5k\u00f6orter f\u00f6r att observera verksamheten och den spr\u00e5kliga milj\u00f6n i de ifr\u00e5gavarande enheterna i enlighet med projektets syfte. L\u00e4ngden p\u00e5 observationsbes\u00f6ken varierade fr\u00e5n tv\u00e5 till fyra dagar.<\/p>\n<p>Datainsamlingen och observationer p\u00e5 fokusorterna fortsatte under \u00e4ven v\u00e5rterminen 2023. Projektgruppen har d\u00e4rtill genomf\u00f6rt 25 distansintervjuer med l\u00e4rare i de utvalda spr\u00e5k\u00f6skolorna och -daghemmen under v\u00e5rterminen. Projektet ordnade \u00e4ven tv\u00e5 webbinarier f\u00f6r personalen i alla spr\u00e5k\u00f6enheter p\u00e5 fokusorterna i maj f\u00f6r att ge en \u00f6verblick \u00f6ver vad som gjorts i projektet och hur projektet kommer att forts\u00e4tta inf\u00f6r l\u00e4s\u00e5ret 2023-2024. Transkribering och analysering av data fortsatte \u00e4ven under sommaren 2023.<\/p>\n<h3><strong>L\u00e4s\u00e5ret 2021-2022<\/strong><\/h3>\n<p>Under h\u00f6sten 2021 intervjuade projektchef Tom Gullberg och \u00e4ldre universitetslektor M\u00e5rten Bj\u00f6rkgren bildningsdirekt\u00f6rer och andra nyckelpersoner p\u00e5 spr\u00e5k\u00f6arna. Under v\u00e5ren 2022 bes\u00f6kte projektgruppen n\u00e5gra av spr\u00e5k\u00f6orterna f\u00f6r att bekanta sig med verksamheten i spr\u00e5k\u00f6skolor och -daghem. I juni 2022 ordnades ett infotillf\u00e4lle f\u00f6r personal inom skola och sm\u00e5barnspedagogik p\u00e5 fokusorterna.<\/p>\n","protected":false},"excerpt":{"rendered":"<p>L\u00e4s\u00e5ret 2023-2024 Transkribering och analysering av insamlad data forts\u00e4tter \u00e4ven under detta l\u00e4s\u00e5r. Projektgruppen har bes\u00f6kt n\u00e5gra spr\u00e5k\u00f6enheter f\u00f6r att bl.a. f\u00e5 en uppdaterad bild av det aktuella. \u00c4ven n\u00e5gra l\u00e4rarstuderande har varit med p\u00e5 en del av bes\u00f6ken. Dessutom har projektgruppen utarbetat\u00a0 en v\u00e5rdnadshavarenk\u00e4t som skickades ut till projektets fokusorter i b\u00f6rjan av maj [&hellip;]<\/p>\n","protected":false},"author":745,"featured_media":0,"parent":0,"menu_order":0,"comment_status":"closed","ping_status":"closed","template":"","meta":{"footnotes":""},"class_list":["post-234","page","type-page","status-publish","hentry"],"_links":{"self":[{"href":"https:\/\/blogs2.abo.fi\/sprakoped\/wp-json\/wp\/v2\/pages\/234","targetHints":{"allow":["GET"]}}],"collection":[{"href":"https:\/\/blogs2.abo.fi\/sprakoped\/wp-json\/wp\/v2\/pages"}],"about":[{"href":"https:\/\/blogs2.abo.fi\/sprakoped\/wp-json\/wp\/v2\/types\/page"}],"author":[{"embeddable":true,"href":"https:\/\/blogs2.abo.fi\/sprakoped\/wp-json\/wp\/v2\/users\/745"}],"replies":[{"embeddable":true,"href":"https:\/\/blogs2.abo.fi\/sprakoped\/wp-json\/wp\/v2\/comments?post=234"}],"version-history":[{"count":19,"href":"https:\/\/blogs2.abo.fi\/sprakoped\/wp-json\/wp\/v2\/pages\/234\/revisions"}],"predecessor-version":[{"id":446,"href":"https:\/\/blogs2.abo.fi\/sprakoped\/wp-json\/wp\/v2\/pages\/234\/revisions\/446"}],"wp:attachment":[{"href":"https:\/\/blogs2.abo.fi\/sprakoped\/wp-json\/wp\/v2\/media?parent=234"}],"curies":[{"name":"wp","href":"https:\/\/api.w.org\/{rel}","templated":true}]}}