{"id":195,"date":"2022-05-31T15:39:38","date_gmt":"2022-05-31T13:39:38","guid":{"rendered":"https:\/\/blogs2.abo.fi\/sprakoped\/?page_id=195"},"modified":"2024-08-26T12:37:39","modified_gmt":"2024-08-26T10:37:39","slug":"the-research-team","status":"publish","type":"page","link":"https:\/\/blogs2.abo.fi\/sprakoped\/the-research-team\/","title":{"rendered":"The research team"},"content":{"rendered":"<p>Welcome to the website of the research project <em>Spr\u00e5k\u00f6pedagogik<\/em>! The research project started in autumn 2021 at the Faculty of Education and Welfare Studies (FPV) at \u00c5bo Akademi University.<\/p>\n<p>The project leader is Senior University Lecturer Tom Gullberg and the other team members are Senior University Lecturer M\u00e5rten Bj\u00f6rkgren, Professor Siv Bj\u00f6rklund and Research Leader Katri Hansell. There is also a Research Assistant, Tommi Nyg\u00e5rd, in the research team. The website is updated by the Research Assistant.<\/p>\n<div id=\"attachment_135\" style=\"width: 221px\" class=\"wp-caption alignleft\"><img loading=\"lazy\" decoding=\"async\" aria-describedby=\"caption-attachment-135\" class=\"wp-image-135 \" src=\"http:\/\/blogs2.abo.fi\/sprakoped\/wp-content\/uploads\/sites\/197\/2021\/10\/tom-gullberg-foto.png\" alt=\"\" width=\"211\" height=\"283\" \/><p id=\"caption-attachment-135\" class=\"wp-caption-text\"><strong>Tom Gullberg<\/strong> (PhD), Senior University Lecturer in the Didactics of History and Social Studies<\/p><\/div>\n<div id=\"attachment_133\" style=\"width: 197px\" class=\"wp-caption alignleft\"><img loading=\"lazy\" decoding=\"async\" aria-describedby=\"caption-attachment-133\" class=\"wp-image-133 \" style=\"margin-right: var(--global--spacing-horizontal)\" src=\"http:\/\/blogs2.abo.fi\/sprakoped\/wp-content\/uploads\/sites\/197\/2021\/10\/Bjorkgren_Marten_0115-200x300.jpg\" alt=\"\" width=\"187\" height=\"281\" srcset=\"https:\/\/blogs2.abo.fi\/sprakoped\/wp-content\/uploads\/sites\/197\/2021\/10\/Bjorkgren_Marten_0115-200x300.jpg 200w, https:\/\/blogs2.abo.fi\/sprakoped\/wp-content\/uploads\/sites\/197\/2021\/10\/Bjorkgren_Marten_0115-683x1024.jpg 683w, https:\/\/blogs2.abo.fi\/sprakoped\/wp-content\/uploads\/sites\/197\/2021\/10\/Bjorkgren_Marten_0115-768x1152.jpg 768w, https:\/\/blogs2.abo.fi\/sprakoped\/wp-content\/uploads\/sites\/197\/2021\/10\/Bjorkgren_Marten_0115-1024x1536.jpg 1024w, https:\/\/blogs2.abo.fi\/sprakoped\/wp-content\/uploads\/sites\/197\/2021\/10\/Bjorkgren_Marten_0115-1365x2048.jpg 1365w, https:\/\/blogs2.abo.fi\/sprakoped\/wp-content\/uploads\/sites\/197\/2021\/10\/Bjorkgren_Marten_0115-1568x2352.jpg 1568w, https:\/\/blogs2.abo.fi\/sprakoped\/wp-content\/uploads\/sites\/197\/2021\/10\/Bjorkgren_Marten_0115-scaled.jpg 1707w\" sizes=\"auto, (max-width: 187px) 100vw, 187px\" \/><p id=\"caption-attachment-133\" class=\"wp-caption-text\"><strong>M\u00e5rten Bj\u00f6rkgren<\/strong> (ThD), Senior University Lecturer in the Didactics of Religious Education<\/p><\/div>\n<p>&nbsp;<\/p>\n<p>&nbsp;<\/p>\n<p>&nbsp;<\/p>\n<p>&nbsp;<\/p>\n<p>&nbsp;<\/p>\n<p>&nbsp;<\/p>\n<p>&nbsp;<\/p>\n<p>&nbsp;<\/p>\n<p>&nbsp;<\/p>\n<div id=\"attachment_132\" style=\"width: 200px\" class=\"wp-caption alignleft\"><img loading=\"lazy\" decoding=\"async\" aria-describedby=\"caption-attachment-132\" class=\"wp-image-132 \" src=\"http:\/\/blogs2.abo.fi\/sprakoped\/wp-content\/uploads\/sites\/197\/2021\/10\/Bjorklund-Siv-204x300.jpg\" alt=\"\" width=\"190\" height=\"280\" srcset=\"https:\/\/blogs2.abo.fi\/sprakoped\/wp-content\/uploads\/sites\/197\/2021\/10\/Bjorklund-Siv-204x300.jpg 204w, https:\/\/blogs2.abo.fi\/sprakoped\/wp-content\/uploads\/sites\/197\/2021\/10\/Bjorklund-Siv-696x1024.jpg 696w, https:\/\/blogs2.abo.fi\/sprakoped\/wp-content\/uploads\/sites\/197\/2021\/10\/Bjorklund-Siv-768x1129.jpg 768w, https:\/\/blogs2.abo.fi\/sprakoped\/wp-content\/uploads\/sites\/197\/2021\/10\/Bjorklund-Siv-1044x1536.jpg 1044w, https:\/\/blogs2.abo.fi\/sprakoped\/wp-content\/uploads\/sites\/197\/2021\/10\/Bjorklund-Siv-1393x2048.jpg 1393w, https:\/\/blogs2.abo.fi\/sprakoped\/wp-content\/uploads\/sites\/197\/2021\/10\/Bjorklund-Siv-1568x2306.jpg 1568w, https:\/\/blogs2.abo.fi\/sprakoped\/wp-content\/uploads\/sites\/197\/2021\/10\/Bjorklund-Siv-scaled.jpg 1741w\" sizes=\"auto, (max-width: 190px) 100vw, 190px\" \/><p id=\"caption-attachment-132\" class=\"wp-caption-text\"><strong>Siv Bj\u00f6rklund<\/strong> (PhD), Professor in Language Immersion and Multilingualism<\/p><\/div>\n<div id=\"attachment_134\" style=\"width: 222px\" class=\"wp-caption alignleft\"><img loading=\"lazy\" decoding=\"async\" aria-describedby=\"caption-attachment-134\" class=\"wp-image-134 \" src=\"http:\/\/blogs2.abo.fi\/sprakoped\/wp-content\/uploads\/sites\/197\/2021\/10\/katri-hansell-229x300.png\" alt=\"\" width=\"212\" height=\"278\" srcset=\"https:\/\/blogs2.abo.fi\/sprakoped\/wp-content\/uploads\/sites\/197\/2021\/10\/katri-hansell-229x300.png 229w, https:\/\/blogs2.abo.fi\/sprakoped\/wp-content\/uploads\/sites\/197\/2021\/10\/katri-hansell.png 611w\" sizes=\"auto, (max-width: 212px) 100vw, 212px\" \/><p id=\"caption-attachment-134\" class=\"wp-caption-text\"><strong>Katri Hansell\u00a0<\/strong>(PhD), Research Leader in Education<\/p><\/div>\n<p>&nbsp;<\/p>\n","protected":false},"excerpt":{"rendered":"<p>Welcome to the website of the research project Spr\u00e5k\u00f6pedagogik! The research project started in autumn 2021 at the Faculty of Education and Welfare Studies (FPV) at \u00c5bo Akademi University. The project leader is Senior University Lecturer Tom Gullberg and the other team members are Senior University Lecturer M\u00e5rten Bj\u00f6rkgren, Professor Siv Bj\u00f6rklund and Research Leader [&hellip;]<\/p>\n","protected":false},"author":677,"featured_media":0,"parent":0,"menu_order":0,"comment_status":"closed","ping_status":"closed","template":"","meta":{"footnotes":""},"class_list":["post-195","page","type-page","status-publish","hentry"],"_links":{"self":[{"href":"https:\/\/blogs2.abo.fi\/sprakoped\/wp-json\/wp\/v2\/pages\/195","targetHints":{"allow":["GET"]}}],"collection":[{"href":"https:\/\/blogs2.abo.fi\/sprakoped\/wp-json\/wp\/v2\/pages"}],"about":[{"href":"https:\/\/blogs2.abo.fi\/sprakoped\/wp-json\/wp\/v2\/types\/page"}],"author":[{"embeddable":true,"href":"https:\/\/blogs2.abo.fi\/sprakoped\/wp-json\/wp\/v2\/users\/677"}],"replies":[{"embeddable":true,"href":"https:\/\/blogs2.abo.fi\/sprakoped\/wp-json\/wp\/v2\/comments?post=195"}],"version-history":[{"count":18,"href":"https:\/\/blogs2.abo.fi\/sprakoped\/wp-json\/wp\/v2\/pages\/195\/revisions"}],"predecessor-version":[{"id":454,"href":"https:\/\/blogs2.abo.fi\/sprakoped\/wp-json\/wp\/v2\/pages\/195\/revisions\/454"}],"wp:attachment":[{"href":"https:\/\/blogs2.abo.fi\/sprakoped\/wp-json\/wp\/v2\/media?parent=195"}],"curies":[{"name":"wp","href":"https:\/\/api.w.org\/{rel}","templated":true}]}}