{"id":178,"date":"2022-05-23T13:54:16","date_gmt":"2022-05-23T11:54:16","guid":{"rendered":"https:\/\/blogs2.abo.fi\/sprakoped\/?page_id=178"},"modified":"2023-06-07T09:46:24","modified_gmt":"2023-06-07T07:46:24","slug":"about-language-islands-and-language-island-pedagogy","status":"publish","type":"page","link":"https:\/\/blogs2.abo.fi\/sprakoped\/about-language-islands-and-language-island-pedagogy\/","title":{"rendered":"Publications"},"content":{"rendered":"<p><strong>Publications about language islands and language island pedagogy:<\/strong><\/p>\n<p><strong><img loading=\"lazy\" decoding=\"async\" class=\"wp-image-65 alignright\" src=\"http:\/\/blogs2.abo.fi\/sprakoped\/wp-content\/uploads\/sites\/197\/2022\/03\/Minoritetspedagogik-i-Norden-268x300.jpg\" alt=\"\" width=\"194\" height=\"218\" srcset=\"https:\/\/blogs2.abo.fi\/sprakoped\/wp-content\/uploads\/sites\/197\/2022\/03\/Minoritetspedagogik-i-Norden-268x300.jpg 268w, https:\/\/blogs2.abo.fi\/sprakoped\/wp-content\/uploads\/sites\/197\/2022\/03\/Minoritetspedagogik-i-Norden-915x1024.jpg 915w, https:\/\/blogs2.abo.fi\/sprakoped\/wp-content\/uploads\/sites\/197\/2022\/03\/Minoritetspedagogik-i-Norden-768x859.jpg 768w, https:\/\/blogs2.abo.fi\/sprakoped\/wp-content\/uploads\/sites\/197\/2022\/03\/Minoritetspedagogik-i-Norden.jpg 1340w\" sizes=\"auto, (max-width: 194px) 100vw, 194px\" \/><\/strong><\/p>\n<p>Bj\u00f6rkgren, M\u00e5rten &amp; Tom Gullberg (2021).\u00a0<a href=\"https:\/\/issuu.com\/svensk-osterbottniskasamfundet\/docs\/minoritetspedagogik_i_norden__2_\">\u201cF\u00f6r vi skapar ju svenskheten p\u00e5 orten\u201d \u2013 Nya minoritetsskolor p\u00e5 spr\u00e5k\u00f6arna i Finland<\/a>. In: Tom Gullberg &amp; M\u00e5rten Bj\u00f6rkgren (Red.), <em>Minoritetspedagogik i Norden\u00a0<\/em>(pages 223-244). Svensk-\u00d6sterbottniska Samfundet nr 80.<\/p>\n<p><a href=\"https:\/\/www.abo.fi\/projekt\/case-bss-forsknings-och-utvecklingsinsatser-vid-bjorneborgs-svenska-samskola\/%20https:\/\/www.abo.fi\/centret-for-livslangt-larande\/projekt-och-kompetensutveckling\/case-bss\/\">Case BSS \u2013 Forsknings- och utvecklingsinsatser vid Bj\u00f6rneborgs svenska samskola<\/a>\u00a0(2017-2022).<\/p>\n<p>Hertzberg, Veronica (2018). <a href=\"https:\/\/peda.net\/sprakonatverket\/sksiu\/sksi8:file\/download\/c187713b0c28eb3ec2a0a68adc7b6cb9363462ad\/Spr%C3%A5k%C3%B6n%C3%A4tverket%20klart%20starkare%20idag.pdf\">Spr\u00e5k\u00f6n\u00e4tverket klart starkare idag. Verksamhetsber\u00e4ttelse f\u00f6r \u00e5r 2017-18. Spr\u00e5k\u00f6n\u00e4tverket r.f.<\/a><\/p>\n<p>H\u00e4ggman, Johan (2021).\u00a0<a href=\"https:\/\/magma.fi\/wp-content\/uploads\/2021\/10\/Magma-minoritetsspr%C3%A5k-2_21.pdf\"><em>Strategier f\u00f6r minoritetsspr\u00e5k \u2013 j\u00e4mf\u00f6relser och relevans f\u00f6r svenskan i Finland.<\/em><\/a> Magma-studie 2:2021, Magma.<\/p>\n<p>Ihalainen, Karin (Ed.). (2023). <em><a href=\"https:\/\/www.kommunforbundet.fi\/publikationer\/sprakoguiden\" target=\"_blank\" rel=\"noopener\">Spr\u00e5k\u00f6guiden<\/a><\/em>. Kommunf\u00f6rbundet.<\/p>\n<p>Kingelin-Orrenmaa, Z.\u00a0(2019).\u00a0<a href=\"http:\/\/urn.fi\/urn:isbn:9789526222615\"><em>Tammerfors som svensk spr\u00e5k\u00f6: En etnografisk studie av spr\u00e5kpolicy som praktiker processer och val i svenska rum i det inre av Finland<\/em>.<\/a> (Acta Universitatis Ouluensis; Nro B 172). University of Oulu.<\/p>\n<p>Kingelin-Orrenmaa, Z.\u00a0(2014).\u00a0<a href=\"http:\/\/herkules.oulu.fi\/isbn9789526204642\/isbn9789526204642.pdf\">Tammerfors som en dynamisk svensk spr\u00e5k\u00f6 \u2013 Varf\u00f6r v\u00e4ljer familjer Svenska samskolan i Tammerfors till skola f\u00f6r sina barn?<\/a> Teoksessa: R. Kosunen, K. Lepist\u00f6, &amp; P. Rossi (Eds.), <em>Svenskan i Finland 14\u00a0<\/em>(pages 101-113). (Studia humaniora ouluensia; Nro 14). Oulu University Press.<\/p>\n<p>Kommunf\u00f6rbundet (2021-2023).\u00a0<a href=\"https:\/\/www.kommunforbundet.fi\/valfard-och-bildning\/utbildning\/sprakoar\">Uppdrag spr\u00e5k\u00f6ar<\/a>.<\/p>\n<p>Laurent, Lina (2013).\u00a0<a href=\"http:\/\/magma.fi\/wp-content\/uploads\/2019\/06\/80.pdf\"><em>Svenska spr\u00e5k\u00f6ar och finska utsk\u00e4r<\/em>\u00a0(2013)<\/a>. Magma-studie 3:2013, Magma.<\/p>\n<p>Palviainen, \u00c5sa (2013). <a href=\"https:\/\/jyx.jyu.fi\/bitstream\/handle\/123456789\/42378\/att-utveckla-en-jyvaskylaidentitet-undervisning-pa-svenska-i-en-finskdominerad-miljo.pdf?sequence=1&amp;isAllowed=y\">Att utveckla en Jyv\u00e4skyl\u00e4identitet: Undervisning p\u00e5 svenska i en finskdominerad milj\u00f6.<\/a><\/p>\n<p>&nbsp;<\/p>\n<p>&nbsp;<\/p>\n<p>&nbsp;<\/p>\n","protected":false},"excerpt":{"rendered":"<p>Publications about language islands and language island pedagogy: Bj\u00f6rkgren, M\u00e5rten &amp; Tom Gullberg (2021).\u00a0\u201cF\u00f6r vi skapar ju svenskheten p\u00e5 orten\u201d \u2013 Nya minoritetsskolor p\u00e5 spr\u00e5k\u00f6arna i Finland. In: Tom Gullberg &amp; M\u00e5rten Bj\u00f6rkgren (Red.), Minoritetspedagogik i Norden\u00a0(pages 223-244). Svensk-\u00d6sterbottniska Samfundet nr 80. Case BSS \u2013 Forsknings- och utvecklingsinsatser vid Bj\u00f6rneborgs svenska samskola\u00a0(2017-2022). Hertzberg, Veronica (2018). [&hellip;]<\/p>\n","protected":false},"author":677,"featured_media":0,"parent":0,"menu_order":0,"comment_status":"closed","ping_status":"closed","template":"","meta":{"footnotes":""},"class_list":["post-178","page","type-page","status-publish","hentry"],"_links":{"self":[{"href":"https:\/\/blogs2.abo.fi\/sprakoped\/wp-json\/wp\/v2\/pages\/178","targetHints":{"allow":["GET"]}}],"collection":[{"href":"https:\/\/blogs2.abo.fi\/sprakoped\/wp-json\/wp\/v2\/pages"}],"about":[{"href":"https:\/\/blogs2.abo.fi\/sprakoped\/wp-json\/wp\/v2\/types\/page"}],"author":[{"embeddable":true,"href":"https:\/\/blogs2.abo.fi\/sprakoped\/wp-json\/wp\/v2\/users\/677"}],"replies":[{"embeddable":true,"href":"https:\/\/blogs2.abo.fi\/sprakoped\/wp-json\/wp\/v2\/comments?post=178"}],"version-history":[{"count":9,"href":"https:\/\/blogs2.abo.fi\/sprakoped\/wp-json\/wp\/v2\/pages\/178\/revisions"}],"predecessor-version":[{"id":360,"href":"https:\/\/blogs2.abo.fi\/sprakoped\/wp-json\/wp\/v2\/pages\/178\/revisions\/360"}],"wp:attachment":[{"href":"https:\/\/blogs2.abo.fi\/sprakoped\/wp-json\/wp\/v2\/media?parent=178"}],"curies":[{"name":"wp","href":"https:\/\/api.w.org\/{rel}","templated":true}]}}