{"id":161,"date":"2022-05-23T10:55:25","date_gmt":"2022-05-23T08:55:25","guid":{"rendered":"https:\/\/blogs2.abo.fi\/sprakoped\/?page_id=161"},"modified":"2023-06-07T09:21:03","modified_gmt":"2023-06-07T07:21:03","slug":"suomen-kielisaarekkeet-language-islands-in-finland","status":"publish","type":"page","link":"https:\/\/blogs2.abo.fi\/sprakoped\/suomen-kielisaarekkeet-language-islands-in-finland\/","title":{"rendered":"Suomen kielisaarekkeet \/ Language Islands in Finland"},"content":{"rendered":"<p>T\u00e4ll\u00e4 hetkell\u00e4 Suomessa on 15 kielisaareketta. N\u00e4ill\u00e4 paikkakunnilla j\u00e4rjestet\u00e4\u00e4n ruotsinkielist\u00e4 varhaiskasvatusta ja perusopetusta. Alla kielisaarekkeet lueteltuna sek\u00e4 linkit koulujen verkkosivuille.<\/p>\n<p>There are currently 15 language islands in Finland. These mostly Finnish-speaking localities arrange early childhood education and basic education in Swedish. The localities and links to the schools&#8217; websites are listed below:<\/p>\n<p><strong>Perinteiset kielisaarekkeet \/ Traditional Language Islands<\/strong><\/p>\n<ul>\n<li><strong>Kotka:<\/strong>\u00a0<a href=\"http:\/\/www.kotkasamskola.com\/\">Kotka svenska samskola<\/a>\u00a0\/ Kotka svenska barntr\u00e4dg\u00e5rd<\/li>\n<li><strong>Oulu:<\/strong>\u00a0<a href=\"https:\/\/www.spsu.fi\/\">Svenska privatskolan i Ule\u00e5borg<\/a>\u00a0\/ Svenska barntr\u00e4dg\u00e5rden i Ule\u00e5borg<\/li>\n<li><strong>Pori:\u00a0<\/strong><a href=\"https:\/\/www.bjss.fi\/\">Bj\u00f6rneborgs svenska samskola<\/a>\u00a0\/ BSS Daghemmet<\/li>\n<li><strong>Tampere:<\/strong>\u00a0<a href=\"http:\/\/www.samskolan.fi\/\">Svenska samskolan i Tammerfors<\/a>\u00a0\/ Svenska barndaghemmet i Tammerfors<\/li>\n<\/ul>\n<p><strong>Pienet kielisaarekkeet \/ Minor Language Islands<\/strong><\/p>\n<ul>\n<li><strong>Hyvink\u00e4\u00e4:<\/strong>\u00a0<a href=\"https:\/\/www.hyvinkaa.fi\/kasvatus-ja-koulutus\/perusopetus\/peruskoulut\/svenska-skolan-i-hyvinge\/\">Svenska skolan i Hyvinge<\/a>\u00a0\/ Hyvinge daghem<\/li>\n<li><strong>H\u00e4meenlinna:<\/strong>\u00a0<a href=\"https:\/\/www.hameenlinna.fi\/varhaiskasvatus-ja-koulutus\/perusopetus\/peruskoulut\/seminaarin-koulu\/\">Seminaarin koulu<\/a>\u00a0\/ Jappebo daghem<\/li>\n<li><strong>Jyv\u00e4skyl\u00e4:<\/strong>\u00a0<a href=\"https:\/\/peda.net\/jyvaskyla\/kuokkalanyhtenaiskoulu\/su\">Kuokkala svenska skola<\/a>\u00a0\/ Onnimanni daghem i Kuokkala<\/li>\n<li><strong>Kaarina:<\/strong>\u00a0<a href=\"https:\/\/stkarinssvenskaskola.com\/\">St. Karins svenska skola<\/a>\u00a0\/ St. Karins svenska daghem, Daghemmet Skogsgl\u00e4ntan<\/li>\n<li><strong>Kerava:<\/strong>\u00a0<a href=\"https:\/\/oppilaitokset.kerava.fi\/koulut\/svenskbacka-skola\">Svenskbacka skola<\/a>\u00a0\/ Kervo svenska daghem Trollebo<\/li>\n<li><strong>Kouvola:<\/strong>\u00a0<a href=\"https:\/\/peda.net\/kouvola\/perusopetus\/koulut\/svenskaskolan\">Kuusankoski svenska skola<\/a> \/ Daghemmet Lekis i Kuusankoski, Daghemmet Villekulla i Valkeala<\/li>\n<li><strong>Lahti:<\/strong>\u00a0<a href=\"https:\/\/www.lahti.fi\/kasvatus-ja-koulutus\/perusopetus\/koulut\/lahden-ruotsinkielinen-koulu\/\">Svenska skolan i Lahtis<\/a>\u00a0\/ Svenska daghemmet i Lahtis<\/li>\n<li><strong>Nurmij\u00e4rvi:<\/strong>\u00a0<a href=\"https:\/\/www.nurmijarvi.fi\/koulut\/vendlaskolan\/\">Vendlaskolan<\/a>\u00a0\/ Daghemmet \u00c4ppelg\u00e5rden<\/li>\n<li><strong>Salo:<\/strong>\u00a0<a href=\"https:\/\/salo.fi\/varhaiskasvatus-ja-koulutus\/perusopetus\/koulut\/salo-svenska-skola\/\">Salo svenska skola<\/a>\u00a0\/ Ollikkalan p\u00e4iv\u00e4koti, gruppen Solstr\u00e5larna<\/li>\n<li><strong>Tuusula:<\/strong>\u00a0<a href=\"https:\/\/www.tuusula.fi\/koulu\/index.tmpl?sivu_id=8397\">Klemetskog skola<\/a>\u00a0\/ Kievari daghem<\/li>\n<li><strong>Vihti:<\/strong>\u00a0<a href=\"https:\/\/www.vihti.fi\/kasvatus-ja-koulutus\/perusopetus\/1-6-luokkien-koulut\/nummelan-skola\/\">Nummela skola<\/a>\u00a0\/ Daghemmet Aleksandra<\/li>\n<\/ul>\n<p>&nbsp;<\/p>\n","protected":false},"excerpt":{"rendered":"<p>T\u00e4ll\u00e4 hetkell\u00e4 Suomessa on 15 kielisaareketta. N\u00e4ill\u00e4 paikkakunnilla j\u00e4rjestet\u00e4\u00e4n ruotsinkielist\u00e4 varhaiskasvatusta ja perusopetusta. Alla kielisaarekkeet lueteltuna sek\u00e4 linkit koulujen verkkosivuille. There are currently 15 language islands in Finland. These mostly Finnish-speaking localities arrange early childhood education and basic education in Swedish. The localities and links to the schools&#8217; websites are listed below: Perinteiset kielisaarekkeet \/ [&hellip;]<\/p>\n","protected":false},"author":677,"featured_media":0,"parent":0,"menu_order":0,"comment_status":"closed","ping_status":"closed","template":"","meta":{"footnotes":""},"class_list":["post-161","page","type-page","status-publish","hentry"],"_links":{"self":[{"href":"https:\/\/blogs2.abo.fi\/sprakoped\/wp-json\/wp\/v2\/pages\/161","targetHints":{"allow":["GET"]}}],"collection":[{"href":"https:\/\/blogs2.abo.fi\/sprakoped\/wp-json\/wp\/v2\/pages"}],"about":[{"href":"https:\/\/blogs2.abo.fi\/sprakoped\/wp-json\/wp\/v2\/types\/page"}],"author":[{"embeddable":true,"href":"https:\/\/blogs2.abo.fi\/sprakoped\/wp-json\/wp\/v2\/users\/677"}],"replies":[{"embeddable":true,"href":"https:\/\/blogs2.abo.fi\/sprakoped\/wp-json\/wp\/v2\/comments?post=161"}],"version-history":[{"count":7,"href":"https:\/\/blogs2.abo.fi\/sprakoped\/wp-json\/wp\/v2\/pages\/161\/revisions"}],"predecessor-version":[{"id":354,"href":"https:\/\/blogs2.abo.fi\/sprakoped\/wp-json\/wp\/v2\/pages\/161\/revisions\/354"}],"wp:attachment":[{"href":"https:\/\/blogs2.abo.fi\/sprakoped\/wp-json\/wp\/v2\/media?parent=161"}],"curies":[{"name":"wp","href":"https:\/\/api.w.org\/{rel}","templated":true}]}}