{"id":156,"date":"2022-05-23T10:01:09","date_gmt":"2022-05-23T08:01:09","guid":{"rendered":"https:\/\/blogs2.abo.fi\/sprakoped\/?page_id=156"},"modified":"2024-08-12T09:59:44","modified_gmt":"2024-08-12T07:59:44","slug":"sprakopedagogik-tutkijaryhma","status":"publish","type":"page","link":"https:\/\/blogs2.abo.fi\/sprakoped\/sprakopedagogik-tutkijaryhma\/","title":{"rendered":"Tutkijaryhm\u00e4"},"content":{"rendered":"<p>L\u00e4mpim\u00e4sti tervetuloa Spr\u00e5k\u00f6pedagogik-hankkeen blogiin! Tutkimushanke alkoi syksyll\u00e4 2021 \u00c5bo Akademin Kasvatustieteiden ja hyvinvointialojen tiedekunnassa (FPV).<\/p>\n<p>Tutkimushanketta johtaa vanhempi yliopistonlehtori Tom Gullberg. Tutkijaryhm\u00e4\u00e4n kuuluvat my\u00f6s vanhempi yliopistonlehtori M\u00e5rten Bj\u00f6rkgren, professori Siv Bj\u00f6rklund ja vanhempi yliopistonlehtori Katri Hansell. Lis\u00e4ksi tutkimushankkeeseen kuuluu tutkimusapulainen Tommi Nyg\u00e5rd, joka vastaa t\u00e4m\u00e4n blogin p\u00e4ivityksest\u00e4.<\/p>\n<div id=\"attachment_135\" style=\"width: 200px\" class=\"wp-caption alignleft\"><img loading=\"lazy\" decoding=\"async\" aria-describedby=\"caption-attachment-135\" class=\"wp-image-135 \" src=\"http:\/\/blogs2.abo.fi\/sprakoped\/wp-content\/uploads\/sites\/197\/2021\/10\/tom-gullberg-foto.png\" alt=\"\" width=\"190\" height=\"255\" \/><p id=\"caption-attachment-135\" class=\"wp-caption-text\"><strong>Tom Gullberg<\/strong> (FD), \u00e4ldre universitetslektor i historiens och samh\u00e4llsl\u00e4rans didaktik<\/p><\/div>\n<div class=\"mceTemp\"><\/div>\n<div id=\"attachment_133\" style=\"width: 181px\" class=\"wp-caption alignleft\"><img loading=\"lazy\" decoding=\"async\" aria-describedby=\"caption-attachment-133\" class=\"wp-image-133 \" style=\"margin-right: var(--global--spacing-horizontal)\" src=\"http:\/\/blogs2.abo.fi\/sprakoped\/wp-content\/uploads\/sites\/197\/2021\/10\/Bjorkgren_Marten_0115-200x300.jpg\" alt=\"\" width=\"171\" height=\"257\" srcset=\"https:\/\/blogs2.abo.fi\/sprakoped\/wp-content\/uploads\/sites\/197\/2021\/10\/Bjorkgren_Marten_0115-200x300.jpg 200w, https:\/\/blogs2.abo.fi\/sprakoped\/wp-content\/uploads\/sites\/197\/2021\/10\/Bjorkgren_Marten_0115-683x1024.jpg 683w, https:\/\/blogs2.abo.fi\/sprakoped\/wp-content\/uploads\/sites\/197\/2021\/10\/Bjorkgren_Marten_0115-768x1152.jpg 768w, https:\/\/blogs2.abo.fi\/sprakoped\/wp-content\/uploads\/sites\/197\/2021\/10\/Bjorkgren_Marten_0115-1024x1536.jpg 1024w, https:\/\/blogs2.abo.fi\/sprakoped\/wp-content\/uploads\/sites\/197\/2021\/10\/Bjorkgren_Marten_0115-1365x2048.jpg 1365w, https:\/\/blogs2.abo.fi\/sprakoped\/wp-content\/uploads\/sites\/197\/2021\/10\/Bjorkgren_Marten_0115-1568x2352.jpg 1568w, https:\/\/blogs2.abo.fi\/sprakoped\/wp-content\/uploads\/sites\/197\/2021\/10\/Bjorkgren_Marten_0115-scaled.jpg 1707w\" sizes=\"auto, (max-width: 171px) 100vw, 171px\" \/><p id=\"caption-attachment-133\" class=\"wp-caption-text\"><strong>M\u00e5rten Bj\u00f6rkgren<\/strong> (TD), \u00e4ldre universitetslektor i religionsundervisningens didaktik<\/p><\/div>\n<div id=\"attachment_132\" style=\"width: 189px\" class=\"wp-caption alignleft\"><img loading=\"lazy\" decoding=\"async\" aria-describedby=\"caption-attachment-132\" class=\"wp-image-132 \" src=\"http:\/\/blogs2.abo.fi\/sprakoped\/wp-content\/uploads\/sites\/197\/2021\/10\/Bjorklund-Siv-204x300.jpg\" alt=\"\" width=\"179\" height=\"263\" srcset=\"https:\/\/blogs2.abo.fi\/sprakoped\/wp-content\/uploads\/sites\/197\/2021\/10\/Bjorklund-Siv-204x300.jpg 204w, https:\/\/blogs2.abo.fi\/sprakoped\/wp-content\/uploads\/sites\/197\/2021\/10\/Bjorklund-Siv-696x1024.jpg 696w, https:\/\/blogs2.abo.fi\/sprakoped\/wp-content\/uploads\/sites\/197\/2021\/10\/Bjorklund-Siv-768x1129.jpg 768w, https:\/\/blogs2.abo.fi\/sprakoped\/wp-content\/uploads\/sites\/197\/2021\/10\/Bjorklund-Siv-1044x1536.jpg 1044w, https:\/\/blogs2.abo.fi\/sprakoped\/wp-content\/uploads\/sites\/197\/2021\/10\/Bjorklund-Siv-1393x2048.jpg 1393w, https:\/\/blogs2.abo.fi\/sprakoped\/wp-content\/uploads\/sites\/197\/2021\/10\/Bjorklund-Siv-1568x2306.jpg 1568w, https:\/\/blogs2.abo.fi\/sprakoped\/wp-content\/uploads\/sites\/197\/2021\/10\/Bjorklund-Siv-scaled.jpg 1741w\" sizes=\"auto, (max-width: 179px) 100vw, 179px\" \/><p id=\"caption-attachment-132\" class=\"wp-caption-text\"><strong>Siv Bj\u00f6rklund<\/strong> (FD), professor i spr\u00e5kbad och flerspr\u00e5kighet<\/p><\/div>\n<div id=\"attachment_134\" style=\"width: 211px\" class=\"wp-caption alignleft\"><img loading=\"lazy\" decoding=\"async\" aria-describedby=\"caption-attachment-134\" class=\"wp-image-134 \" src=\"http:\/\/blogs2.abo.fi\/sprakoped\/wp-content\/uploads\/sites\/197\/2021\/10\/katri-hansell-229x300.png\" alt=\"\" width=\"201\" height=\"263\" srcset=\"https:\/\/blogs2.abo.fi\/sprakoped\/wp-content\/uploads\/sites\/197\/2021\/10\/katri-hansell-229x300.png 229w, https:\/\/blogs2.abo.fi\/sprakoped\/wp-content\/uploads\/sites\/197\/2021\/10\/katri-hansell.png 611w\" sizes=\"auto, (max-width: 201px) 100vw, 201px\" \/><p id=\"caption-attachment-134\" class=\"wp-caption-text\"><strong>Katri Hansell\u00a0<\/strong>(FD), forskningsledare i pedagogik<\/p><\/div>\n<p>&nbsp;<\/p>\n","protected":false},"excerpt":{"rendered":"<p>L\u00e4mpim\u00e4sti tervetuloa Spr\u00e5k\u00f6pedagogik-hankkeen blogiin! Tutkimushanke alkoi syksyll\u00e4 2021 \u00c5bo Akademin Kasvatustieteiden ja hyvinvointialojen tiedekunnassa (FPV). Tutkimushanketta johtaa vanhempi yliopistonlehtori Tom Gullberg. Tutkijaryhm\u00e4\u00e4n kuuluvat my\u00f6s vanhempi yliopistonlehtori M\u00e5rten Bj\u00f6rkgren, professori Siv Bj\u00f6rklund ja vanhempi yliopistonlehtori Katri Hansell. Lis\u00e4ksi tutkimushankkeeseen kuuluu tutkimusapulainen Tommi Nyg\u00e5rd, joka vastaa t\u00e4m\u00e4n blogin p\u00e4ivityksest\u00e4. &nbsp;<\/p>\n","protected":false},"author":677,"featured_media":0,"parent":0,"menu_order":0,"comment_status":"closed","ping_status":"closed","template":"","meta":{"footnotes":""},"class_list":["post-156","page","type-page","status-publish","hentry"],"_links":{"self":[{"href":"https:\/\/blogs2.abo.fi\/sprakoped\/wp-json\/wp\/v2\/pages\/156","targetHints":{"allow":["GET"]}}],"collection":[{"href":"https:\/\/blogs2.abo.fi\/sprakoped\/wp-json\/wp\/v2\/pages"}],"about":[{"href":"https:\/\/blogs2.abo.fi\/sprakoped\/wp-json\/wp\/v2\/types\/page"}],"author":[{"embeddable":true,"href":"https:\/\/blogs2.abo.fi\/sprakoped\/wp-json\/wp\/v2\/users\/677"}],"replies":[{"embeddable":true,"href":"https:\/\/blogs2.abo.fi\/sprakoped\/wp-json\/wp\/v2\/comments?post=156"}],"version-history":[{"count":18,"href":"https:\/\/blogs2.abo.fi\/sprakoped\/wp-json\/wp\/v2\/pages\/156\/revisions"}],"predecessor-version":[{"id":452,"href":"https:\/\/blogs2.abo.fi\/sprakoped\/wp-json\/wp\/v2\/pages\/156\/revisions\/452"}],"wp:attachment":[{"href":"https:\/\/blogs2.abo.fi\/sprakoped\/wp-json\/wp\/v2\/media?parent=156"}],"curies":[{"name":"wp","href":"https:\/\/api.w.org\/{rel}","templated":true}]}}