{"id":41,"date":"2019-10-22T18:08:21","date_gmt":"2019-10-22T15:08:21","guid":{"rendered":"http:\/\/blogs2.abo.fi\/sprakligalandskap\/?page_id=41"},"modified":"2020-04-19T10:32:19","modified_gmt":"2020-04-19T07:32:19","slug":"kurs-vid-abo-akademi","status":"publish","type":"page","link":"https:\/\/blogs2.abo.fi\/sprakligalandskap\/sample-page\/kurs-vid-abo-akademi\/","title":{"rendered":"Svenskfinlands spr\u00e5kliga landskap"},"content":{"rendered":"<p>F\u00f6r att skapa en \u00f6versikt \u00f6ver tidigare studier i Svenskfinlands spr\u00e5kliga landskap h\u00f6ll vi en postersession under en av februarilektionerna, d\u00e5 kursdeltagarna fick v\u00e4lja tidigare studier av intresse och presentera dem i posterformat. Resultatet blev presentationer av studier om allt fr\u00e5n namn och flerspr\u00e5kighet till dialekter i lingvistiska landskap fr\u00e5n Nyland, \u00c5boland och \u00d6sterbotten \u2013 samt vissa j\u00e4mf\u00f6relser med orter i Norge och Sverige.<\/p>\n<p>H\u00e4lften av de presenterade studierna \u00e4r gjorda av V\u00e4in\u00f6 Syrj\u00e4l\u00e4, vilket inte \u00e4r alltf\u00f6r \u00f6verraskande med tanke p\u00e5 att han disputerade p\u00e5 en artikelavhandling om \u00e4mnet \u00e5r 2018, och att hans avhandling \u00e4n s\u00e5 l\u00e4nge \u00e4r den enda doktorsavhandlingen om Svenskfinlands lingvistiska landskap. Bland studierna finns nedslag i de lingvistiska landskapen i st\u00f6rre st\u00e4der som Helsingfors, Vasa och \u00c5bo, men \u00e4ven unders\u00f6kningar gjorda p\u00e5 mindre orter som Karis och Solf.<\/p>\n<p>De tio postrarna bildade ett tempor\u00e4rt men berikande inslag i klassrummets lingvistiska landskap. Postrarna \u00e4r gjorda av kursdeltagarna Nina Cygnel, Alexander Ginlund, Frida H\u00e5kans, Karolina Junell, Anna Lumme, Jule Nabrotsky, Pinja Oksanen, Rebekka Pesola, Sandra Weckstr\u00f6m och Jessica \u00d6sterberg. De tio postrarna \u00e5terges h\u00e4r i samlingsbild:<\/p>\n<p><img loading=\"lazy\" decoding=\"async\" class=\"alignnone size-medium wp-image-124\" src=\"http:\/\/blogs2.abo.fi\/sprakligalandskap\/wp-content\/uploads\/sites\/136\/2020\/04\/Screen-Shot-2020-04-19-at-10.15.55-am-300x270.png\" alt=\"\" width=\"300\" height=\"270\" srcset=\"https:\/\/blogs2.abo.fi\/sprakligalandskap\/wp-content\/uploads\/sites\/136\/2020\/04\/Screen-Shot-2020-04-19-at-10.15.55-am-300x270.png 300w, https:\/\/blogs2.abo.fi\/sprakligalandskap\/wp-content\/uploads\/sites\/136\/2020\/04\/Screen-Shot-2020-04-19-at-10.15.55-am-768x690.png 768w, https:\/\/blogs2.abo.fi\/sprakligalandskap\/wp-content\/uploads\/sites\/136\/2020\/04\/Screen-Shot-2020-04-19-at-10.15.55-am-1024x920.png 1024w, https:\/\/blogs2.abo.fi\/sprakligalandskap\/wp-content\/uploads\/sites\/136\/2020\/04\/Screen-Shot-2020-04-19-at-10.15.55-am-334x300.png 334w, https:\/\/blogs2.abo.fi\/sprakligalandskap\/wp-content\/uploads\/sites\/136\/2020\/04\/Screen-Shot-2020-04-19-at-10.15.55-am.png 1206w\" sizes=\"auto, (max-width: 300px) 100vw, 300px\" \/><\/p>\n<p>Sammantagna visar presentationerna att det gjorts en del sp\u00e4nnande nedslag p\u00e5 vissa orter och \u00e4ven metodologiskt intressanta \u00f6ppningar, men ocks\u00e5 att det fortfarande finns mycket kvar att uppt\u00e4cka!<\/p>\n<p>Vill du veta mer? H\u00e4r \u00e4r h\u00e4nvisningar till den litteratur som togs upp i postrarna och l\u00e4nkar till de texter som \u00e4r fritt tillg\u00e4ngliga.<\/p>\n<ul>\n<li>Herberts, Kjell. 2017. Flerspr\u00e5kighet eller English only? Om spr\u00e5klandskapen i Vasa och Ume\u00e5. Spr\u00e5k i Norden. 39\u201354. Artikeln \u00e4r fritt tillg\u00e4nglig <a href=\"https:\/\/tidsskrift.dk\/sin\/article\/download\/97002\/145717\/\" target=\"_blank\" rel=\"noopener noreferrer\">h\u00e4r<\/a>.<\/li>\n<li>Kronqvist, Miro. 2017. P\u00e5 uppt\u00e4cktspromenad i en flerspr\u00e5kig stad. Om det lingvistiska landskapet i Vasa centrum. Avhandling pro gradu. Vasa: Vasa universitet. Avhandlingen finns fritt tillg\u00e4nglig <a href=\"https:\/\/www.tritonia.fi\/download\/gradu\/7389\" target=\"_blank\" rel=\"noopener noreferrer\">h\u00e4r<\/a>.<\/li>\n<li>Sj\u00f6blom, Paula. 2013. Commercial names in Finnish public space. I: Oliviu Felecan &amp; Alina Bughesiu (red.), Onomastics in contemporary public space. Newcastle: Cambridge Scholars Publishing. 161\u2013171.<\/li>\n<li>Store, Anna. 2013. Spr\u00e5kliga landskap: en geosemiotisk analys av offentligt spr\u00e5k i \u00c5bo och Vasa. Avhandling pro gradu. \u00c5bo: \u00c5bo Akademi.<\/li>\n<li>Syrj\u00e4l\u00e4, V\u00e4in\u00f6. 2018. Namn \u2013 spr\u00e5k \u2013 st\u00e4lle. Spr\u00e5kbrukarna i Svenskfinlands offentliga rum. Doktorsavhandling. Helsingfors: Helsingfors universitet. Avhandlingen \u00e4r fritt tillg\u00e4nglig <a href=\"http:\/\/urn.fi\/URN:ISBN:978-951-51-4299-3\" target=\"_blank\" rel=\"noopener noreferrer\">h\u00e4r<\/a>.<\/li>\n<li>Syrj\u00e4l\u00e4, V\u00e4in\u00f6. 2018. Ungdomar observerar lingvistiska landskap. I: Beatrice Sil\u00e9n, Anne Huhtala, Hanna Lehti-Eklund, Jenny Stenberg-Sir\u00e9n &amp; V\u00e4in\u00f6 Syrj\u00e4l\u00e4 (red.), Svenskan i Finland 17. Helsingfors: Helsingfors universitet. S. 155\u2013167. Artikeln \u00e4r fritt tillg\u00e4nglig <a href=\"http:\/\/hdl.handle.net\/10138\/238351\" target=\"_blank\" rel=\"noopener noreferrer\">h\u00e4r<\/a>.<\/li>\n<li>Syrj\u00e4l\u00e4, V\u00e4in\u00f6. 2016. Namn i gatubilden: om namn i Svenskfinlands lingvistiska landskap. I: Martin Sejer Danielsen, Birgit Eggert &amp; Johnny G.G. Jakobsen (red.), Navn og navneb\u00e6rer. Rapport fra NORNAs 45. symposium i Skagen 1.\u20134. oktober 2014. Uppsala: NORNA-f\u00f6rlaget. 263\u2013286. Artikeln \u00e4r fritt tillg\u00e4nglig <a href=\"http:\/\/nfi.ku.dk\/publikationer\/webpublikationer\/norna-rapporter-93\/syrjala.pdf\" target=\"_blank\" rel=\"noopener noreferrer\">h\u00e4r<\/a>.<\/li>\n<li>Syrj\u00e4l\u00e4, V\u00e4in\u00f6<em>. <\/em>2016. Spr\u00e5kbrukarnas syn p\u00e5 lingvistiska landskap i Svenskfinland. I: Folkm\u00e5lsstudier 54. 91\u2013114. Artikeln \u00e4r fritt tillg\u00e4nglig <a href=\"https:\/\/journal.fi\/folkmalsstudier\/article\/view\/82157\" target=\"_blank\" rel=\"noopener noreferrer\">h\u00e4r<\/a>.<\/li>\n<li>Syrj\u00e4l\u00e4, V\u00e4in\u00f6. 2015. Svenskan i Helsingfors metro: En studie av ett lingvistiskt landskap. I: Mona Forssk\u00e5hl, Marja Kivilehto, Johanna Koivisto &amp; Pasi Mets\u00e4 (red.), Svenskan i Finland 15. Tammerfors: Tampere University Press. 350\u2013365. Artikeln \u00e4r fritt tillg\u00e4nglig <a href=\"http:\/\/urn.fi\/URN:ISBN:978-951-44-9937-1\" target=\"_blank\" rel=\"noopener noreferrer\">h\u00e4r<\/a>.<\/li>\n<li>Syrj\u00e4l\u00e4, V\u00e4in\u00f6. 2012. Tv\u00e5 lingvistiska landskap i Norden: om spr\u00e5k i Helsingfors Metro och Oslos T-bane. Avhandling pro gradu i Nordiska spr\u00e5k. Helsingfors: Helsingfors universitet. Avhandlingen \u00e4r fritt tillg\u00e4nglig <a href=\"http:\/\/urn.fi\/URN:NBN:fi-fe201210159412\" target=\"_blank\" rel=\"noopener noreferrer\">h\u00e4r<\/a>.<\/li>\n<li>\u00d6stman, Jan-Ola. 2017. Lingvistiska dialektlandskap, estetik och spr\u00e5klig sj\u00e4lvintervention. I: Jan-Ola \u00d6stman, Caroline Sandstr\u00f6m, Pamela Gustavsson &amp; Lisa S\u00f6derg\u00e5rd (red.), Ideologi, identitet, intervention. Helsingfors: Helsingfors universitet. 429\u2013440. Artikeln \u00e4r fritt tillg\u00e4nglig <a href=\"http:\/\/hdl.handle.net\/10138\/224299\" target=\"_blank\" rel=\"noopener noreferrer\">h\u00e4r<\/a>.<\/li>\n<\/ul>\n","protected":false},"excerpt":{"rendered":"<p>F\u00f6r att skapa en \u00f6versikt \u00f6ver tidigare studier i Svenskfinlands spr\u00e5kliga landskap h\u00f6ll vi en postersession under en av februarilektionerna, d\u00e5 kursdeltagarna fick v\u00e4lja tidigare studier av intresse och presentera dem i posterformat. Resultatet blev presentationer av studier om allt &hellip; <a href=\"https:\/\/blogs2.abo.fi\/sprakligalandskap\/sample-page\/kurs-vid-abo-akademi\/\">Forts\u00e4tt l\u00e4sa <span class=\"meta-nav\">&rarr;<\/span><\/a><\/p>\n","protected":false},"author":490,"featured_media":0,"parent":2,"menu_order":0,"comment_status":"closed","ping_status":"closed","template":"","meta":{"footnotes":""},"class_list":["post-41","page","type-page","status-publish","hentry"],"_links":{"self":[{"href":"https:\/\/blogs2.abo.fi\/sprakligalandskap\/wp-json\/wp\/v2\/pages\/41","targetHints":{"allow":["GET"]}}],"collection":[{"href":"https:\/\/blogs2.abo.fi\/sprakligalandskap\/wp-json\/wp\/v2\/pages"}],"about":[{"href":"https:\/\/blogs2.abo.fi\/sprakligalandskap\/wp-json\/wp\/v2\/types\/page"}],"author":[{"embeddable":true,"href":"https:\/\/blogs2.abo.fi\/sprakligalandskap\/wp-json\/wp\/v2\/users\/490"}],"replies":[{"embeddable":true,"href":"https:\/\/blogs2.abo.fi\/sprakligalandskap\/wp-json\/wp\/v2\/comments?post=41"}],"version-history":[{"count":17,"href":"https:\/\/blogs2.abo.fi\/sprakligalandskap\/wp-json\/wp\/v2\/pages\/41\/revisions"}],"predecessor-version":[{"id":126,"href":"https:\/\/blogs2.abo.fi\/sprakligalandskap\/wp-json\/wp\/v2\/pages\/41\/revisions\/126"}],"up":[{"embeddable":true,"href":"https:\/\/blogs2.abo.fi\/sprakligalandskap\/wp-json\/wp\/v2\/pages\/2"}],"wp:attachment":[{"href":"https:\/\/blogs2.abo.fi\/sprakligalandskap\/wp-json\/wp\/v2\/media?parent=41"}],"curies":[{"name":"wp","href":"https:\/\/api.w.org\/{rel}","templated":true}]}}