{"id":2,"date":"2019-10-04T11:17:47","date_gmt":"2019-10-04T11:17:47","guid":{"rendered":"http:\/\/blogs2.abo.fi\/sprakligalandskap\/?page_id=2"},"modified":"2020-04-27T12:47:19","modified_gmt":"2020-04-27T09:47:19","slug":"sample-page","status":"publish","type":"page","link":"https:\/\/blogs2.abo.fi\/sprakligalandskap\/","title":{"rendered":"Kurs vid \u00c5bo Akademi"},"content":{"rendered":"\r\n<p>Den h\u00e4r bloggen \u00e4r ett f\u00f6nster till en kurs i spr\u00e5kliga landskap som ordnas av <a href=\"https:\/\/www.abo.fi\/amnen\/svenska\/\" target=\"_blank\" rel=\"noopener noreferrer\">svensk\u00e4mnet<\/a> vid \u00c5bo Akademi v\u00e5ren 2020. Under kursen utforskar kursdeltagarna \u00c5bos spr\u00e5kliga landskap och en del av dem ber\u00e4ttar p\u00e5 denna blogg om de resultat de f\u00e5r.<\/p>\r\n<p><img loading=\"lazy\" decoding=\"async\" class=\"alignnone  wp-image-105\" src=\"http:\/\/blogs2.abo.fi\/sprakligalandskap\/wp-content\/uploads\/sites\/136\/2019\/10\/Panel-01-277x300.png\" alt=\"\" width=\"174\" height=\"188\" srcset=\"https:\/\/blogs2.abo.fi\/sprakligalandskap\/wp-content\/uploads\/sites\/136\/2019\/10\/Panel-01-277x300.png 277w, https:\/\/blogs2.abo.fi\/sprakligalandskap\/wp-content\/uploads\/sites\/136\/2019\/10\/Panel-01-768x832.png 768w, https:\/\/blogs2.abo.fi\/sprakligalandskap\/wp-content\/uploads\/sites\/136\/2019\/10\/Panel-01.png 886w\" sizes=\"auto, (max-width: 174px) 100vw, 174px\" \/> <img loading=\"lazy\" decoding=\"async\" class=\"alignnone  wp-image-106\" src=\"http:\/\/blogs2.abo.fi\/sprakligalandskap\/wp-content\/uploads\/sites\/136\/2019\/10\/Panel-02-277x300.png\" alt=\"\" width=\"174\" height=\"188\" srcset=\"https:\/\/blogs2.abo.fi\/sprakligalandskap\/wp-content\/uploads\/sites\/136\/2019\/10\/Panel-02-277x300.png 277w, https:\/\/blogs2.abo.fi\/sprakligalandskap\/wp-content\/uploads\/sites\/136\/2019\/10\/Panel-02-768x832.png 768w, https:\/\/blogs2.abo.fi\/sprakligalandskap\/wp-content\/uploads\/sites\/136\/2019\/10\/Panel-02.png 886w\" sizes=\"auto, (max-width: 174px) 100vw, 174px\" \/><img loading=\"lazy\" decoding=\"async\" class=\"alignnone  wp-image-107\" src=\"http:\/\/blogs2.abo.fi\/sprakligalandskap\/wp-content\/uploads\/sites\/136\/2019\/10\/Panel-03-277x300.png\" alt=\"\" width=\"174\" height=\"187\" \/><\/p>\r\n<p>Det spr\u00e5kliga landskapet i en stad best\u00e5r av m\u00e5nga slags skyltar som tillsammans f\u00f6rmedlar budskap till dem som bor i, bes\u00f6ker eller \u00e5ker igenom staden. Bland skyltarna som skapar det spr\u00e5kliga landskapet finns allt fr\u00e5n officiella trafikskyltar till klotter p\u00e5 parkb\u00e4nkar, och \u00e4ven i relativt enspr\u00e5kiga st\u00e4der \u00e4r ofta m\u00e5nga olika spr\u00e5k representerade. Inom forskningsf\u00e4ltet spr\u00e5kliga landskap (i forskningssammanhang oftast lingvistiska landskap, p\u00e5 engelska <a href=\"https:\/\/doi.org\/10.1075\/ll\" target=\"_blank\" rel=\"noopener noreferrer\"><em>Linguistic Landscape<\/em><\/a>) studeras spr\u00e5kens visuella n\u00e4rvaro i det offentliga rummet, bl.a. utifr\u00e5n ett fokus p\u00e5 minoritetsspr\u00e5k, spr\u00e5kpolitik och multimodalitet (se kort introduktion i Gorter 2012).<\/p>\r\n<p><em>Referens<\/em><br \/>Gorter, Durk, 2012. Linguistic Landscape. I: Carol A. Chapelle (red.), The encyclopedia of applied linguistics. Wiley Online Library.<\/p>\r\n<p><em>Undantagsl\u00e4get v\u00e5ren 2020 har begr\u00e4nsat m\u00f6jligheterna till materialinsamling och leder till att bloggen blir sn\u00e4vare \u00e4n t\u00e4nkt, men ett litet f\u00f6nster in i de spr\u00e5kliga landskapens magiska v\u00e4rld kan vi i alla fall erbjuda. Bli inspirerad av <a href=\"http:\/\/blogs2.abo.fi\/sprakligalandskap\/lyft-blicken\/\" target=\"_blank\" rel=\"noopener noreferrer\">Ninas introduktion till \u00e4mnet<\/a> och l\u00e4s <a href=\"http:\/\/blogs2.abo.fi\/sprakligalandskap\/sample-page\/tvasprakigt-sjukhus\/\" target=\"_blank\" rel=\"noopener noreferrer\">Annas blogginl\u00e4gg<\/a> f\u00f6r att f\u00e5 veta mer om hur tv\u00e5spr\u00e5kigheten fungerar vid ett sjukhus i \u00c5bo.<br \/><\/em><\/p>\r\n<!-- \/wp:post-content --><!-- \/wp:paragraph -->\r\n\r\n<!-- wp:paragraph --><!-- \/wp:paragraph -->\r\n<p><a href=\"http:\/\/creativecommons.org\/licenses\/by\/4.0\/\" rel=\"license\"><img decoding=\"async\" style=\"border-width: 0\" src=\"https:\/\/i.creativecommons.org\/l\/by\/4.0\/88x31.png\" alt=\"Creative Commons-licens\" \/><\/a><br \/>Om inte annat uppges \u00e4r allt inneh\u00e5ll i denna blogg licensierat under en <a href=\"http:\/\/creativecommons.org\/licenses\/by\/4.0\/\" target=\"_blank\" rel=\"license noopener noreferrer\">Creative Commons Erk\u00e4nnande 4.0 Internationell Licens<\/a>.<\/p>\r\n<p>&nbsp;<\/p>","protected":false},"excerpt":{"rendered":"<p>Den h\u00e4r bloggen \u00e4r ett f\u00f6nster till en kurs i spr\u00e5kliga landskap som ordnas av svensk\u00e4mnet vid \u00c5bo Akademi v\u00e5ren 2020. Under kursen utforskar kursdeltagarna \u00c5bos spr\u00e5kliga landskap och en del av dem ber\u00e4ttar p\u00e5 denna blogg om de resultat &hellip; <a href=\"https:\/\/blogs2.abo.fi\/sprakligalandskap\/\">Forts\u00e4tt l\u00e4sa <span class=\"meta-nav\">&rarr;<\/span><\/a><\/p>\n","protected":false},"author":490,"featured_media":0,"parent":0,"menu_order":0,"comment_status":"closed","ping_status":"open","template":"","meta":{"footnotes":""},"class_list":["post-2","page","type-page","status-publish","hentry"],"_links":{"self":[{"href":"https:\/\/blogs2.abo.fi\/sprakligalandskap\/wp-json\/wp\/v2\/pages\/2","targetHints":{"allow":["GET"]}}],"collection":[{"href":"https:\/\/blogs2.abo.fi\/sprakligalandskap\/wp-json\/wp\/v2\/pages"}],"about":[{"href":"https:\/\/blogs2.abo.fi\/sprakligalandskap\/wp-json\/wp\/v2\/types\/page"}],"author":[{"embeddable":true,"href":"https:\/\/blogs2.abo.fi\/sprakligalandskap\/wp-json\/wp\/v2\/users\/490"}],"replies":[{"embeddable":true,"href":"https:\/\/blogs2.abo.fi\/sprakligalandskap\/wp-json\/wp\/v2\/comments?post=2"}],"version-history":[{"count":33,"href":"https:\/\/blogs2.abo.fi\/sprakligalandskap\/wp-json\/wp\/v2\/pages\/2\/revisions"}],"predecessor-version":[{"id":172,"href":"https:\/\/blogs2.abo.fi\/sprakligalandskap\/wp-json\/wp\/v2\/pages\/2\/revisions\/172"}],"wp:attachment":[{"href":"https:\/\/blogs2.abo.fi\/sprakligalandskap\/wp-json\/wp\/v2\/media?parent=2"}],"curies":[{"name":"wp","href":"https:\/\/api.w.org\/{rel}","templated":true}]}}