{"id":18,"date":"2019-10-22T18:14:12","date_gmt":"2019-10-22T15:14:12","guid":{"rendered":"http:\/\/blogs2.abo.fi\/sprakligalandskap\/?page_id=18"},"modified":"2020-04-26T20:16:01","modified_gmt":"2020-04-26T17:16:01","slug":"om-oss","status":"publish","type":"page","link":"https:\/\/blogs2.abo.fi\/sprakligalandskap\/sample-page\/om-oss\/","title":{"rendered":"Om oss"},"content":{"rendered":"<p>Blogginneh\u00e5ll skapas av kursdeltagarna Anna Lumme och Nina Cygnel, och l\u00e4raren Sofie Henricson, som ocks\u00e5 uppr\u00e4tth\u00e5ller bloggen. H\u00e4r f\u00e5r du lite mer info om oss:<\/p>\n<p>Hej!<\/p>\n<p>Jag heter Anna Lumme och jag studerar svenska spr\u00e5ket vid \u00c5bo Akademi f\u00f6r ungef\u00e4r miljonte \u00e5ret. Tiden g\u00e5r fort n\u00e4r man har roligt! Mina bi\u00e4mnen \u00e4r statskunskap och masskommunikation. Jag \u00e4r speciellt intresserad av psykolingvistik, sociolingvistik och spr\u00e5kpolitik. Vad g\u00f6r spr\u00e5ket med oss och vad g\u00f6r vi med spr\u00e5ket? N\u00e4r jag blir stor, om jag blir stor, ska jag jobba med n\u00e5got viktigt, till exempel med att bevara svenskans st\u00e4llning i v\u00e5rt fina land! Eller s\u00e5 jobbar jag snuttjobb som obeh\u00f6rig barnsk\u00f6tare p\u00e5 olika daghem och st\u00e4rker alla miniatyrm\u00e4nniskors spr\u00e5kk\u00e4nsla och kommunikationsf\u00f6rm\u00e5ga! Det \u00e4r ocks\u00e5 viktigt, och kul! Eller s\u00e5 jobbar jag med \u00f6vers\u00e4ttning eller korrekturl\u00e4sning eller information och kommunikation. Eller s\u00e5 kanske jag sadlar om och blir barnmorska, vem vet. Men det h\u00e4r \u00e4r kuligast hittills! Man kan n\u00e4mligen studera precis vad som helst n\u00e4r man studerar svenska. \u00c5tminstone allt som har med m\u00e4nniskor att g\u00f6ra. Fr\u00e4mst, anser jag, studerar man ju hur m\u00e4nniskor har med varandra att g\u00f6ra. Dessutom ger skrivande oss en helt annan dimension av v\u00e5ra egna tankar. N\u00e4r har man annars m\u00f6jligheten att strukturera sina egna funderingar p\u00e5 samma s\u00e4tt? Kan man kalla det f\u00f6rstn\u00e4mnda interkommunikation och det andra f\u00f6r intrakommunikation. Ja. Bevisligen! Mera spr\u00e5k \u00e5t folket!<\/p>\n<p>H\u00e4r \u00e4r en bild p\u00e5 Anna:<\/p>\n<p><img loading=\"lazy\" decoding=\"async\" class=\"alignnone size-medium wp-image-129\" src=\"http:\/\/blogs2.abo.fi\/sprakligalandskap\/wp-content\/uploads\/sites\/136\/2020\/04\/20190915_150008-300x225.jpg\" alt=\"\" width=\"300\" height=\"225\" srcset=\"https:\/\/blogs2.abo.fi\/sprakligalandskap\/wp-content\/uploads\/sites\/136\/2020\/04\/20190915_150008-300x225.jpg 300w, https:\/\/blogs2.abo.fi\/sprakligalandskap\/wp-content\/uploads\/sites\/136\/2020\/04\/20190915_150008-768x576.jpg 768w, https:\/\/blogs2.abo.fi\/sprakligalandskap\/wp-content\/uploads\/sites\/136\/2020\/04\/20190915_150008-1024x768.jpg 1024w, https:\/\/blogs2.abo.fi\/sprakligalandskap\/wp-content\/uploads\/sites\/136\/2020\/04\/20190915_150008-400x300.jpg 400w\" sizes=\"auto, (max-width: 300px) 100vw, 300px\" \/><\/p>\n<p>Hej!<\/p>\n<p>Jag heter Nina Cygnel och \u00e4r en tv\u00e5barnsmamma fr\u00e5n \u00c5bo, med r\u00f6tter i b\u00e5de Pargas och Kimito\u00f6n. Inom arbetslivet har jag redan hunnit med ett och annat, och det var f\u00f6rst vid 45 \u00e5rs \u00e5lder \u2013 en ny\u00e5rsafton \u2013 som jag pl\u00f6tsligt ins\u00e5g att det svenska spr\u00e5ket \u00e4r det jag egentligen vill jobba med.<\/p>\n<p>Sagt och gjort, jag sadlade om och b\u00f6rjade studera svenska vid \u00c5bo Akademi. Mina bi\u00e4mnen \u00e4r \u00f6vers\u00e4ttningsvetenskap och offentlig f\u00f6rvaltning. Att studera i den h\u00e4r \u00e5ldern, n\u00e4r man \u00e4ntligen vet vad man vill, \u00e4r oerh\u00f6rt inspirerande. Det finns s\u00e5 mycket kunskap och uppt\u00e4ckargl\u00e4dje att ta del av. Den h\u00e4r kursen, <em>spr\u00e5kliga landskap,<\/em> har till exempel verkligen \u00f6ppnat mina \u00f6gon f\u00f6r hur spr\u00e5ken i v\u00e5r n\u00e4rmilj\u00f6 p\u00e5verkar oss. Det \u00e4r ocks\u00e5 d\u00e4rf\u00f6r jag ville skriva ett blogginl\u00e4gg \u2013 f\u00f6r att kunna dela med mig av den aha-upplevelse som jag fick: att vi alla verkligen \u00e4r med och skapar v\u00e5rt spr\u00e5kliga landskap.<\/p>\n<p>H\u00e4r \u00e4r en bild p\u00e5 Nina:<\/p>\n<p><img loading=\"lazy\" decoding=\"async\" class=\"alignnone size-medium wp-image-134\" src=\"http:\/\/blogs2.abo.fi\/sprakligalandskap\/wp-content\/uploads\/sites\/136\/2020\/04\/Bild-pa\u030a-Nina-120x300.jpg\" alt=\"\" width=\"120\" height=\"300\" srcset=\"https:\/\/blogs2.abo.fi\/sprakligalandskap\/wp-content\/uploads\/sites\/136\/2020\/04\/Bild-pa\u030a-Nina-120x300.jpg 120w, https:\/\/blogs2.abo.fi\/sprakligalandskap\/wp-content\/uploads\/sites\/136\/2020\/04\/Bild-pa\u030a-Nina-410x1024.jpg 410w, https:\/\/blogs2.abo.fi\/sprakligalandskap\/wp-content\/uploads\/sites\/136\/2020\/04\/Bild-pa\u030a-Nina.jpg 717w\" sizes=\"auto, (max-width: 120px) 100vw, 120px\" \/><\/p>\n<p>Hej, jag heter Sofie Henricson, \u00e4r l\u00e4rare p\u00e5 kursen och forskardoktor i svenska vid \u00c5bo Akademi, och ser ut s\u00e5 h\u00e4r: <a href=\"https:\/\/research.abo.fi\/converis\/portal\/Person\/13680455\" target=\"_blank\" rel=\"noopener noreferrer\"><br \/>\n<\/a><\/p>\n<p><img loading=\"lazy\" decoding=\"async\" class=\"alignnone size-medium wp-image-19\" src=\"http:\/\/blogs2.abo.fi\/sprakligalandskap\/wp-content\/uploads\/sites\/136\/2019\/10\/Photo-on-5-10-2017-at-10.37-am-2-300x229.jpg\" alt=\"\" width=\"300\" height=\"229\" srcset=\"https:\/\/blogs2.abo.fi\/sprakligalandskap\/wp-content\/uploads\/sites\/136\/2019\/10\/Photo-on-5-10-2017-at-10.37-am-2-300x229.jpg 300w, https:\/\/blogs2.abo.fi\/sprakligalandskap\/wp-content\/uploads\/sites\/136\/2019\/10\/Photo-on-5-10-2017-at-10.37-am-2-768x586.jpg 768w, https:\/\/blogs2.abo.fi\/sprakligalandskap\/wp-content\/uploads\/sites\/136\/2019\/10\/Photo-on-5-10-2017-at-10.37-am-2.jpg 944w\" sizes=\"auto, (max-width: 300px) 100vw, 300px\" \/><\/p>\n<p>Jag forskar bland annat i kommunikativa m\u00f6nster, samtalsspr\u00e5k, finlandssvenska \u2013 och s\u00e5 klart spr\u00e5kliga landskap. L\u00e4s mera om min forskningsprofil p\u00e5 <a href=\"https:\/\/research.abo.fi\/converis\/portal\/Person\/13680455\" target=\"_blank\" rel=\"noopener noreferrer\">\u00c5A:s forskningsportal.<\/a><\/p>\n","protected":false},"excerpt":{"rendered":"<p>Blogginneh\u00e5ll skapas av kursdeltagarna Anna Lumme och Nina Cygnel, och l\u00e4raren Sofie Henricson, som ocks\u00e5 uppr\u00e4tth\u00e5ller bloggen. H\u00e4r f\u00e5r du lite mer info om oss: Hej! Jag heter Anna Lumme och jag studerar svenska spr\u00e5ket vid \u00c5bo Akademi f\u00f6r ungef\u00e4r &hellip; <a href=\"https:\/\/blogs2.abo.fi\/sprakligalandskap\/sample-page\/om-oss\/\">Forts\u00e4tt l\u00e4sa <span class=\"meta-nav\">&rarr;<\/span><\/a><\/p>\n","protected":false},"author":490,"featured_media":0,"parent":2,"menu_order":3,"comment_status":"closed","ping_status":"closed","template":"","meta":{"footnotes":""},"class_list":["post-18","page","type-page","status-publish","hentry"],"_links":{"self":[{"href":"https:\/\/blogs2.abo.fi\/sprakligalandskap\/wp-json\/wp\/v2\/pages\/18","targetHints":{"allow":["GET"]}}],"collection":[{"href":"https:\/\/blogs2.abo.fi\/sprakligalandskap\/wp-json\/wp\/v2\/pages"}],"about":[{"href":"https:\/\/blogs2.abo.fi\/sprakligalandskap\/wp-json\/wp\/v2\/types\/page"}],"author":[{"embeddable":true,"href":"https:\/\/blogs2.abo.fi\/sprakligalandskap\/wp-json\/wp\/v2\/users\/490"}],"replies":[{"embeddable":true,"href":"https:\/\/blogs2.abo.fi\/sprakligalandskap\/wp-json\/wp\/v2\/comments?post=18"}],"version-history":[{"count":15,"href":"https:\/\/blogs2.abo.fi\/sprakligalandskap\/wp-json\/wp\/v2\/pages\/18\/revisions"}],"predecessor-version":[{"id":139,"href":"https:\/\/blogs2.abo.fi\/sprakligalandskap\/wp-json\/wp\/v2\/pages\/18\/revisions\/139"}],"up":[{"embeddable":true,"href":"https:\/\/blogs2.abo.fi\/sprakligalandskap\/wp-json\/wp\/v2\/pages\/2"}],"wp:attachment":[{"href":"https:\/\/blogs2.abo.fi\/sprakligalandskap\/wp-json\/wp\/v2\/media?parent=18"}],"curies":[{"name":"wp","href":"https:\/\/api.w.org\/{rel}","templated":true}]}}