{"id":141,"date":"2020-04-26T20:06:46","date_gmt":"2020-04-26T17:06:46","guid":{"rendered":"http:\/\/blogs2.abo.fi\/sprakligalandskap\/?page_id=141"},"modified":"2020-04-27T10:06:23","modified_gmt":"2020-04-27T07:06:23","slug":"tvasprakigt-sjukhus","status":"publish","type":"page","link":"https:\/\/blogs2.abo.fi\/sprakligalandskap\/sample-page\/tvasprakigt-sjukhus\/","title":{"rendered":"Tv\u00e5spr\u00e5kigt sjukhus"},"content":{"rendered":"<h1><span style=\"color: #333399\">Svenskan f\u00f6re finskan vid \u00c5bolands sjukhus!<\/span><\/h1>\n<p><em>av Anna Lumme<\/em><\/p>\n<p>Den elfte juni, 2019, kunde vi l\u00e4sa i nyheterna att det traditionellt starkt tv\u00e5spr\u00e5kiga \u00c5bolands sjukhus skulle bli en del av \u00c5UCS (Svenska Yle, 2019). Det var Egentliga Finlands sjukv\u00e5rdsdistrikts fullm\u00e4ktige som fattade beslutet. Debatterna kring spr\u00e5kliga r\u00e4ttigheter hade g\u00e5tt heta de senaste m\u00e5naderna, och man f\u00f6rs\u00e4krade fr\u00e5n alla m\u00f6jliga h\u00e5ll att de svenskspr\u00e5kigas r\u00e4ttigheter skulle tryggas. Ett drygt halv\u00e5r efter beslutet, strax efter att fusioneringen blivit verklighet, best\u00e4mde jag mig f\u00f6r att f\u00f6reviga det spr\u00e5kliga landskapet vid sjukhuset. Inom ramarna f\u00f6r kursen <em>Spr\u00e5kliga landskap<\/em> vid \u00c5bo Akademi genomf\u00f6rde jag en ministudie att ha som vetenskaplig grund f\u00f6r eventuella framtida analyser. Genom att ta en titt p\u00e5 alla skyltar som ber\u00e4ttar f\u00f6r en bes\u00f6kare p\u00e5 sjukhuset vart hen ska g\u00e5 och hur hen ska bete sig, kunde jag visa exakt hur framtr\u00e4dande svenskan \u00e4r p\u00e5 sjukhuset. Detta alldeles i b\u00f6rjan av den nya eran, under \u00c5UCS.<\/p>\n<p style=\"text-align: center\"><span style=\"color: #333399\"><em>Svenskan \u00e4r till och med betydligt starkare \u00e4n finskan!<\/em><\/span><\/p>\n<p>Svenskan \u00e4r faktiskt betydligt starkare \u00e4n finskan, runt v\u00e4ggarna i \u00c5bolands sjukhus huvudaula och utanf\u00f6r huvuding\u00e5ngen. Vilka texter har jag d\u00e5 sett p\u00e5? Hur ser proportionerna ut? Varf\u00f6r \u00e4r det h\u00e4r viktigt? L\u00e4s vidare!<\/p>\n<h2><span style=\"color: #333399\">Vad \u00e4r d\u00e5 ett \u201dspr\u00e5kligt landskap\u201d f\u00f6r n\u00e5got?<\/span><\/h2>\n<p>Jag hade just ingen aning om vad det var f\u00f6r kurs jag skulle g\u00e5, bara att den skulle vara ovanligt praktiskt f\u00f6r att vara en universitetskurs i svenska spr\u00e5ket vid \u00c5bo Akademi. Vad \u00e4r ett \u201dspr\u00e5kligt landskap\u201d? Det visade sig snabbt att ingen annan visste heller. Inte ens forskarna. En definition som s\u00e4gs vara klassisk, trots att forskningsf\u00e4ltet \u00e4r relativt nytt, \u00e4r den som Landry och Bourhis (1997, s. 25) utformade:<\/p>\n<blockquote><p><em>\u201dThe language of public roads signs, advertising billboards, street names, place names, commercial shop signs and public signs of government buildings, combines to form the linguistic landscape of a given territory, region or urban agglomeration.\u201d<\/em><\/p><\/blockquote>\n<p>De r\u00e4knar allts\u00e5 upp en hel rad olika sorters skyltar o.d. och konstaterar att spr\u00e5ket p\u00e5 dem formar det spr\u00e5kliga landskapet. Jag kunde sj\u00e4lv snabbt konstatera att det moderna spr\u00e5kbegreppet kan inneh\u00e5lla en hel del, att till och med \u201dspr\u00e5k\u201d kan vara ett ord som \u00e4r mycket sv\u00e5rt att avgr\u00e4nsa i en studie som denna. \u00c4r bilder spr\u00e5k? Symboler? Hur \u00e4r det med graffiti, h\u00f6r inte det till det spr\u00e5kliga landskapet?<\/p>\n<p>I dag \u00e4r \u201ddet utvidgade textbegreppet\u201d modernt. Vi unders\u00f6ker ocks\u00e5 inom spr\u00e5kstudier allt fr\u00e5n bilder till layout till diskussioner vid fikabordet. Man kunde t\u00e4nka sig att h\u00f6gtalarutrop h\u00f6r till det spr\u00e5kliga landskapet. Ocks\u00e5 arkitektur anv\u00e4nds f\u00f6r att kommunicera till exempel v\u00e4rderingar eller f\u00f6r att guida, informera och skapa reaktioner. Allts\u00e5 kan man argumentera f\u00f6r att ocks\u00e5 arkitekturen skulle vara en del av det spr\u00e5kliga landskapet. De klassiska definitionerna underl\u00e4ttar dock forskningen i omr\u00e5det. En viss subjektivitet kommer man knappast \u00e4nd\u00e5 ifr\u00e5n n\u00e4r man unders\u00f6ker n\u00e5got s\u00e5 dynamiskt som landskap.<\/p>\n<p>Definitionen av \u201dskylt\u201d \u00e4r kanske den allra sv\u00e5raste utmaningen, i en analys av spr\u00e5kliga landskap. Vad \u00e4r en skylt? Klisterlappen med varning om \u00f6vervakningskameror? Guidande texter p\u00e5 d\u00f6rrar? En A4 p\u00e5 en anslagstavla? En arg lapp fr\u00e5n st\u00e4daren? All synlig text bidrar till det spr\u00e5kliga landskapet p\u00e5 sitt s\u00e4tt, men all synlig text \u00e4r inte uppm\u00e4rksammad eller ens meningsfull f\u00f6r en f\u00f6rbipasserande eller bes\u00f6kare p\u00e5 omr\u00e5det.<\/p>\n<p><img loading=\"lazy\" decoding=\"async\" class=\"alignnone size-medium wp-image-142\" src=\"http:\/\/blogs2.abo.fi\/sprakligalandskap\/wp-content\/uploads\/sites\/136\/2020\/04\/Hurma\u030angaskyltar-225x300.jpg\" alt=\"\" width=\"225\" height=\"300\" srcset=\"https:\/\/blogs2.abo.fi\/sprakligalandskap\/wp-content\/uploads\/sites\/136\/2020\/04\/Hurma\u030angaskyltar-225x300.jpg 225w, https:\/\/blogs2.abo.fi\/sprakligalandskap\/wp-content\/uploads\/sites\/136\/2020\/04\/Hurma\u030angaskyltar-768x1024.jpg 768w\" sizes=\"auto, (max-width: 225px) 100vw, 225px\" \/><br \/>\nHur m\u00e5nga skyltar ser du p\u00e5 bilden? Bild: Anna Lumme.<\/p>\n<p>Om man inte vill inkludera varenda bokstav och symbol, blir tolkningen som sagt oundvikligen n\u00e5got subjektiv. Inkluderar man varenda bokstav f\u00e5r man ta st\u00e4llning till huruvida s\u00f6ndriga skyltar med halva bokst\u00e4ver ska r\u00e4knas, och i vilken omfattning. Det finns unders\u00f6kningar d\u00e4r forskare fotograferat och analyserat varenda bokstav de hittat p\u00e5 flera hundra meter gata (Cenoz &amp; Gorter, 2006). Men ska man d\u00e5 g\u00f6ra en kvantitativ analys (r\u00e4kna statistik), \u00e4r det kanske inte rimligt att \u00f6vervakningskamerans otaliga security-lappar f\u00e5r det att se ut som om engelskan \u00e4r ensamt f\u00f6rekommande p\u00e5 m\u00e5nga skyltar. S\u00e4rskilt om stora informationstavlor som tar upp hela v\u00e4ggar \u00e4nd\u00e5 \u00e4r noggrant \u00f6versatta till exempel till alla landets officiella spr\u00e5k och n\u00e5got lingua franca.<\/p>\n<h2><span style=\"color: #333399\">Ministudien<\/span><\/h2>\n<p>Jag bes\u00f6kte \u00c5bolands sjukhus den tredje mars, 2020, och fotograferade alla synliga skyltar, klisterlappar och anslag i aulan och runt huvuding\u00e5ngen och trappan. Sedan analyserade jag bilderna och anv\u00e4nde dem som underlag f\u00f6r en \u00e4ndam\u00e5lsenlig uppdelning av v\u00e4sentliga och icke-v\u00e4sentliga skyltar. Definitionerna och uppdelningarna i den h\u00e4r studien kan allts\u00e5 anv\u00e4ndas f\u00f6r att unders\u00f6ka motsvarande omgivning eller samma plats vid en annan tidpunkt. D\u00e4remot kan avgr\u00e4nsningarna inte n\u00f6dv\u00e4ndigtvis anv\u00e4ndas f\u00f6r en analys av ett spr\u00e5kligt landskap som \u00e4r mera utmanande rent definitionsm\u00e4ssigt.<\/p>\n<p>I den h\u00e4r kvantitativa unders\u00f6kningen har jag valt att tolka tv\u00e5 uppsatta A4:or bredvid varandra som en sammanh\u00e4ngande skylt om informationen och layouten \u00e4r den samma och informationen h\u00e4nger ihop. Om inneh\u00e5llet \u00e4r olika, \u00e4r det olika skyltar. Personalens sm\u00e5 instruerande lappar \u00e4r individuella skyltar. En stor tavla med olika typsnitt, f\u00e4rg och storlek p\u00e5 olika texter, r\u00e4knas som en enda skylt eftersom tema, avs\u00e4ndare och information p\u00e5 olika spr\u00e5k h\u00f6r ihop. En klisterlapp som informerar om att byggnaden \u00e4r bevakad, r\u00e4knas inte i analysen, eftersom de inte guidar bes\u00f6karen eller har sjukhuset som tydlig avs\u00e4ndare. Instruktioner g\u00e4llande brandvarnare och utg\u00e5ngar f\u00e5r \u00e4nd\u00e5 ses som n\u00f6dv\u00e4ndiga f\u00f6r alla som vistas i byggnaden, dessutom kan de n\u00e4r olyckan \u00e4r framme absolut guida bes\u00f6karens beteende, och tas s\u00e5ledes med i analysen. Personalens apparater och instruktioner f\u00f6r att st\u00e4mpla in \u00e4r d\u00e4remot inte med i mitt material. Mina huvudriktlinjer var allts\u00e5 att unders\u00f6ka:<\/p>\n<ul>\n<li>Skyltar som visar vart bes\u00f6karen ska g\u00e5.<\/li>\n<li>Skyltar som ber\u00e4ttar hur bes\u00f6karen ska g\u00f6ra.<\/li>\n<li>Skyltar som inneh\u00e5ller information eller h\u00e4lsningar med sjukhuset eller sjukhusets personal som tydlig avs\u00e4ndare och bes\u00f6karen som tydlig mottagare.<\/li>\n<\/ul>\n<p>D\u00e4remot har jag valt att inte inkludera:<\/p>\n<ul>\n<li>Skyltar med enbart symboler\/siffror\/bilder.<\/li>\n<li>Skyltar fr\u00e5n utomst\u00e5ende akt\u00f6rer som inte guidar beteende eller navigering.<\/li>\n<li>Kommersiella skyltar fr\u00e5n helt utomst\u00e5ende avs\u00e4ndare (l\u00e4s: reklam och l\u00e4skautomater).<\/li>\n<\/ul>\n<p><img loading=\"lazy\" decoding=\"async\" class=\"alignnone size-medium wp-image-143\" src=\"http:\/\/blogs2.abo.fi\/sprakligalandskap\/wp-content\/uploads\/sites\/136\/2020\/04\/Inkluderad-220x300.jpg\" alt=\"\" width=\"220\" height=\"300\" srcset=\"https:\/\/blogs2.abo.fi\/sprakligalandskap\/wp-content\/uploads\/sites\/136\/2020\/04\/Inkluderad-220x300.jpg 220w, https:\/\/blogs2.abo.fi\/sprakligalandskap\/wp-content\/uploads\/sites\/136\/2020\/04\/Inkluderad.jpg 352w\" sizes=\"auto, (max-width: 220px) 100vw, 220px\" \/><img loading=\"lazy\" decoding=\"async\" class=\"alignnone size-medium wp-image-145\" src=\"http:\/\/blogs2.abo.fi\/sprakligalandskap\/wp-content\/uploads\/sites\/136\/2020\/04\/Exkluderad-220x300.jpg\" alt=\"\" width=\"220\" height=\"300\" srcset=\"https:\/\/blogs2.abo.fi\/sprakligalandskap\/wp-content\/uploads\/sites\/136\/2020\/04\/Exkluderad-220x300.jpg 220w, https:\/\/blogs2.abo.fi\/sprakligalandskap\/wp-content\/uploads\/sites\/136\/2020\/04\/Exkluderad.jpg 352w\" sizes=\"auto, (max-width: 220px) 100vw, 220px\" \/><br \/>\nSkillnaden mellan inkluderade och exkluderade skyltar. Bild: Anna Lumme.<\/p>\n<p>Med dessa avgr\u00e4nsningar, och trappan, huvuding\u00e5ngen samt aulan som unders\u00f6kningsomr\u00e5de, hade jag 52 skyltar att analysera.<\/p>\n<p><img loading=\"lazy\" decoding=\"async\" class=\"alignnone wp-image-144\" src=\"http:\/\/blogs2.abo.fi\/sprakligalandskap\/wp-content\/uploads\/sites\/136\/2020\/04\/Na\u030agra-skyltar-225x300.jpg\" alt=\"\" width=\"187\" height=\"250\" srcset=\"https:\/\/blogs2.abo.fi\/sprakligalandskap\/wp-content\/uploads\/sites\/136\/2020\/04\/Na\u030agra-skyltar-225x300.jpg 225w, https:\/\/blogs2.abo.fi\/sprakligalandskap\/wp-content\/uploads\/sites\/136\/2020\/04\/Na\u030agra-skyltar-768x1024.jpg 768w, https:\/\/blogs2.abo.fi\/sprakligalandskap\/wp-content\/uploads\/sites\/136\/2020\/04\/Na\u030agra-skyltar.jpg 1247w\" sizes=\"auto, (max-width: 187px) 100vw, 187px\" \/><img loading=\"lazy\" decoding=\"async\" class=\"alignnone wp-image-157\" src=\"http:\/\/blogs2.abo.fi\/sprakligalandskap\/wp-content\/uploads\/sites\/136\/2020\/04\/Na\u030agra-skyltar3-300x225.jpg\" alt=\"\" width=\"200\" height=\"150\" srcset=\"https:\/\/blogs2.abo.fi\/sprakligalandskap\/wp-content\/uploads\/sites\/136\/2020\/04\/Na\u030agra-skyltar3-300x225.jpg 300w, https:\/\/blogs2.abo.fi\/sprakligalandskap\/wp-content\/uploads\/sites\/136\/2020\/04\/Na\u030agra-skyltar3-400x300.jpg 400w, https:\/\/blogs2.abo.fi\/sprakligalandskap\/wp-content\/uploads\/sites\/136\/2020\/04\/Na\u030agra-skyltar3.jpg 480w\" sizes=\"auto, (max-width: 200px) 100vw, 200px\" \/><img loading=\"lazy\" decoding=\"async\" class=\"alignnone wp-image-156\" src=\"http:\/\/blogs2.abo.fi\/sprakligalandskap\/wp-content\/uploads\/sites\/136\/2020\/04\/Na\u030agra-skyltar2.jpg\" alt=\"\" width=\"147\" height=\"200\" \/><br \/>\nN\u00e5gra av skyltarna. Bild: Anna Lumme.<\/p>\n<p>Av dessa 52 skyltar var det 41 som favoriserade svenskan. Svenskan st\u00e5r allts\u00e5 f\u00f6rst (ovanf\u00f6r eller till v\u00e4nster) och\/eller st\u00f6rst. Skyltar som inneh\u00f6ll enbart symboler och\/eller siffror r\u00e4knade jag allts\u00e5 inte med, inte heller skylten INFO, vars spr\u00e5k inte kan definieras. Anm\u00e4rkningsv\u00e4rt \u00e4r att fem skyltar inneh\u00f6ll information <u>enbart<\/u> p\u00e5 svenska! Detta \u00e4r vi inte vana vid i \u00c5bo! P\u00e5 tio skyltar var finskan mera framtr\u00e4dande och p\u00e5 tre av dessa fanns ingen tydlig information p\u00e5 svenska. V\u00e4rt att n\u00e4mna \u00e4r att tv\u00e5 av dessa tre var beh\u00e5llare med handsprit, d\u00e4r man visserligen kunde g\u00e5 v\u00e4ldigt n\u00e4ra f\u00f6r att l\u00e4sa inneh\u00e5llsf\u00f6rteckningen p\u00e5 svenska, men d\u00e4r endast \u201dk\u00e4sidesi\u201d, en logo och automatens \u201dautomatic\u201d var direkt synliga och dessutom tydligt avsedda att framtr\u00e4da d\u00e5 beh\u00e5llaren placeras i automaten.<\/p>\n<p>En annan f\u00f6ga f\u00f6rv\u00e5nande men \u00e4nd\u00e5 v\u00e4ldigt viktig iakttagelse, \u00e4r att m\u00e4ngden information p\u00e5 tv\u00e5spr\u00e5kiga skyltar alltid var densamma p\u00e5 v\u00e5ra b\u00e5da inhemska, n\u00e4r b\u00e5da f\u00f6rekom! \u00c5tta av alla skyltar hade n\u00e5gon information p\u00e5 engelska. Av dessa \u00e5tta var det tv\u00e5 som bara angav en del av informationen p\u00e5 engelska. En av dem hade bara ordet \u201dstop\u201d p\u00e5 engelska och resten p\u00e5 svenska och finska. Ingen skylt var enspr\u00e5kigt engelsk.<\/p>\n<h2><span style=\"color: #333399\">Filosoferande<\/span><\/h2>\n<p>\u00c5bolands sjukhus \u00e4r allts\u00e5 inte bara tv\u00e5spr\u00e5kigt utan tydligt finlandssvenskt, \u00e4n s\u00e5 l\u00e4nge. Men tv\u00e5spr\u00e5kigheten fungerar mycket v\u00e4l, till och med f\u00f6rv\u00e5nande v\u00e4l! \u00c4r vi finlandssvenskar s\u00e5 vana vid tv\u00e5spr\u00e5kig kommunikation, att det helt faller sig naturligt att parallellproducera all information p\u00e5 tv\u00e5 spr\u00e5k? Fungerar det s\u00e5h\u00e4r eftersom de flesta anst\u00e4llda \u00e4r tv\u00e5spr\u00e5kiga, eller \u00e4r de det? Och hur g\u00e5r det till n\u00e4r man best\u00e4ller en icke-kommersiell vattenautomat och vill se till att instruktionerna f\u00f6r anv\u00e4ndning finns p\u00e5 b\u00e5da spr\u00e5ken? Och varf\u00f6r finns det s\u00e5 lite av andra spr\u00e5k, faktiskt inget annat \u00e4n svenska, finska och engelska? Unders\u00f6kningen ger flera fr\u00e5gor \u00e4n svar.<\/p>\n<p>Den st\u00f6rsta och viktigaste fr\u00e5gan torde \u00e4nd\u00e5 vara huruvida den h\u00e4r utomordentligt v\u00e4lfungerande tv\u00e5spr\u00e5kigheten f\u00e5r fortleva under \u00c5UCS. Min f\u00f6rhoppning \u00e4r att mitt material och min unders\u00f6kning kan anv\u00e4ndas f\u00f6r en j\u00e4mf\u00f6rande studie inom n\u00e5gra \u00e5r. Endast genom att bevisa svart p\u00e5 vitt hur omst\u00e4ndigheterna eventuellt har \u00e4ndrat, kan vi argumentera f\u00f6r \u00e5tg\u00e4rder f\u00f6r att r\u00e4dda och bevara v\u00e5ra r\u00e4ttigheter till information och kommunikation p\u00e5 v\u00e5rt modersm\u00e5l i Finland! Svart p\u00e5 vitt, allts\u00e5, och inte p\u00e5 n\u00e5gra protokoll som beskriver hur situationen borde se ut, utan svart p\u00e5 vitt p\u00e5 f\u00e4ltet, d\u00e4r informationen faktiskt tas emot.<\/p>\n<p><em>K\u00e4llf\u00f6rteckning<\/em><\/p>\n<ul>\n<li>Landry, R. &amp; Bourhis, R.Y. (1997) Linguistic landscape and ethnolinguistic vitality. Journal of\u00a0Language and Social Psychology 16, 23\u201349.<\/li>\n<li>Svenska Yle (2019). \u00c5bolands sjukhus sl\u00e5s ihop med \u00c5UCS. Tillg\u00e4nglig 19.4.2020 p\u00e5 <a href=\"https:\/\/svenska.yle.fi\/artikel\/2019\/06\/11\/abolands-sjukhus-slas-ihop-med-aucs-visst-ar-man-besviken-men-nu-ar-det\" target=\"_blank\" rel=\"noopener noreferrer\">https:\/\/svenska.yle.fi\/artikel\/2019\/06\/11\/abolands-sjukhus-slas-ihop-med-aucs-visst-ar-man-besviken-men-nu-ar-det<br \/>\n<\/a><\/li>\n<li>Cenoz, J. &amp; Gorter, D. (2006) Linguistic landscape and minority languages. The International Journal of Multilingualism 3, 67\u201380.<\/li>\n<\/ul>\n","protected":false},"excerpt":{"rendered":"<p>Svenskan f\u00f6re finskan vid \u00c5bolands sjukhus! av Anna Lumme Den elfte juni, 2019, kunde vi l\u00e4sa i nyheterna att det traditionellt starkt tv\u00e5spr\u00e5kiga \u00c5bolands sjukhus skulle bli en del av \u00c5UCS (Svenska Yle, 2019). Det var Egentliga Finlands sjukv\u00e5rdsdistrikts fullm\u00e4ktige &hellip; <a href=\"https:\/\/blogs2.abo.fi\/sprakligalandskap\/sample-page\/tvasprakigt-sjukhus\/\">Forts\u00e4tt l\u00e4sa <span class=\"meta-nav\">&rarr;<\/span><\/a><\/p>\n","protected":false},"author":490,"featured_media":0,"parent":2,"menu_order":2,"comment_status":"closed","ping_status":"closed","template":"","meta":{"footnotes":""},"class_list":["post-141","page","type-page","status-publish","hentry"],"_links":{"self":[{"href":"https:\/\/blogs2.abo.fi\/sprakligalandskap\/wp-json\/wp\/v2\/pages\/141","targetHints":{"allow":["GET"]}}],"collection":[{"href":"https:\/\/blogs2.abo.fi\/sprakligalandskap\/wp-json\/wp\/v2\/pages"}],"about":[{"href":"https:\/\/blogs2.abo.fi\/sprakligalandskap\/wp-json\/wp\/v2\/types\/page"}],"author":[{"embeddable":true,"href":"https:\/\/blogs2.abo.fi\/sprakligalandskap\/wp-json\/wp\/v2\/users\/490"}],"replies":[{"embeddable":true,"href":"https:\/\/blogs2.abo.fi\/sprakligalandskap\/wp-json\/wp\/v2\/comments?post=141"}],"version-history":[{"count":11,"href":"https:\/\/blogs2.abo.fi\/sprakligalandskap\/wp-json\/wp\/v2\/pages\/141\/revisions"}],"predecessor-version":[{"id":160,"href":"https:\/\/blogs2.abo.fi\/sprakligalandskap\/wp-json\/wp\/v2\/pages\/141\/revisions\/160"}],"up":[{"embeddable":true,"href":"https:\/\/blogs2.abo.fi\/sprakligalandskap\/wp-json\/wp\/v2\/pages\/2"}],"wp:attachment":[{"href":"https:\/\/blogs2.abo.fi\/sprakligalandskap\/wp-json\/wp\/v2\/media?parent=141"}],"curies":[{"name":"wp","href":"https:\/\/api.w.org\/{rel}","templated":true}]}}