{"id":89,"date":"2021-05-14T09:26:32","date_gmt":"2021-05-14T07:26:32","guid":{"rendered":"https:\/\/blogs2.abo.fi\/spraketsfunktion\/?page_id=89"},"modified":"2025-11-17T19:22:57","modified_gmt":"2025-11-17T17:22:57","slug":"aikataulu-tidtabell","status":"publish","type":"page","link":"https:\/\/blogs2.abo.fi\/spraketsfunktion\/aikataulu-tidtabell\/","title":{"rendered":"PROGRAM \/ OHJELMA"},"content":{"rendered":"<p>Programmet publiceras p\u00e5 v\u00e5ren 2026.<\/p>\n<p>Tarkempi ohjelma p\u00e4ivitet\u00e4\u00e4n sivuille kev\u00e4\u00e4ll\u00e4 2026.<\/p>\n","protected":false},"excerpt":{"rendered":"<p>Programmet publiceras p\u00e5 v\u00e5ren 2026. Tarkempi ohjelma p\u00e4ivitet\u00e4\u00e4n sivuille kev\u00e4\u00e4ll\u00e4 2026.<\/p>\n","protected":false},"author":613,"featured_media":0,"parent":0,"menu_order":0,"comment_status":"closed","ping_status":"closed","template":"","meta":{"footnotes":""},"class_list":["post-89","page","type-page","status-publish","hentry"],"_links":{"self":[{"href":"https:\/\/blogs2.abo.fi\/spraketsfunktion\/wp-json\/wp\/v2\/pages\/89","targetHints":{"allow":["GET"]}}],"collection":[{"href":"https:\/\/blogs2.abo.fi\/spraketsfunktion\/wp-json\/wp\/v2\/pages"}],"about":[{"href":"https:\/\/blogs2.abo.fi\/spraketsfunktion\/wp-json\/wp\/v2\/types\/page"}],"author":[{"embeddable":true,"href":"https:\/\/blogs2.abo.fi\/spraketsfunktion\/wp-json\/wp\/v2\/users\/613"}],"replies":[{"embeddable":true,"href":"https:\/\/blogs2.abo.fi\/spraketsfunktion\/wp-json\/wp\/v2\/comments?post=89"}],"version-history":[{"count":72,"href":"https:\/\/blogs2.abo.fi\/spraketsfunktion\/wp-json\/wp\/v2\/pages\/89\/revisions"}],"predecessor-version":[{"id":652,"href":"https:\/\/blogs2.abo.fi\/spraketsfunktion\/wp-json\/wp\/v2\/pages\/89\/revisions\/652"}],"wp:attachment":[{"href":"https:\/\/blogs2.abo.fi\/spraketsfunktion\/wp-json\/wp\/v2\/media?parent=89"}],"curies":[{"name":"wp","href":"https:\/\/api.w.org\/{rel}","templated":true}]}}